{"id":24181,"date":"2022-03-20T19:51:57","date_gmt":"2022-03-20T18:51:57","guid":{"rendered":"https:\/\/olivier-bajard.com\/?page_id=24181"},"modified":"2022-06-28T12:16:34","modified_gmt":"2022-06-28T11:16:34","slug":"loic-beziat","status":"publish","type":"page","link":"https:\/\/olivier-bajard.com\/en\/loic-beziat\/","title":{"rendered":"Loic BEZIAT"},"content":{"rendered":"[vc_row type=&#8221;full_width_content&#8221; full_screen_row_position=&#8221;middle&#8221; bg_color=&#8221;#0a0a0a&#8221; scene_position=&#8221;center&#8221; text_color=&#8221;light&#8221; text_align=&#8221;center&#8221; top_padding=&#8221;30&#8243; bottom_padding=&#8221;30&#8243; overlay_strength=&#8221;0.3&#8243; shape_divider_position=&#8221;bottom&#8221; shape_type=&#8221;&#8221;][vc_column centered_text=&#8221;true&#8221; column_padding=&#8221;no-extra-padding&#8221; column_padding_position=&#8221;all&#8221; background_color=&#8221;#0a0a0a&#8221; background_color_opacity=&#8221;1&#8243; background_hover_color_opacity=&#8221;1&#8243; font_color=&#8221;#ffffff&#8221; column_shadow=&#8221;none&#8221; column_border_radius=&#8221;none&#8221; width=&#8221;1\/1&#8243; tablet_text_alignment=&#8221;default&#8221; phone_text_alignment=&#8221;default&#8221; column_border_width=&#8221;none&#8221; column_border_style=&#8221;solid&#8221;][vc_column_text]\n<h1 class=\"pages-formateurs-h1\" style=\"text-align: center;\">Lo\u00efc BEZIAT<\/h1>\n<p style=\"text-align: center;\"><strong>World Champion of Sweet Arts<\/strong><\/p>\n[\/vc_column_text][\/vc_column][\/vc_row][vc_row type=&#8221;full_width_content&#8221; full_screen_row_position=&#8221;middle&#8221; equal_height=&#8221;yes&#8221; content_placement=&#8221;middle&#8221; full_height=&#8221;yes&#8221; columns_placement=&#8221;stretch&#8221; scene_position=&#8221;center&#8221; text_color=&#8221;dark&#8221; text_align=&#8221;left&#8221; overlay_strength=&#8221;0.3&#8243; shape_divider_position=&#8221;bottom&#8221;][vc_column centered_text=&#8221;true&#8221; column_padding=&#8221;padding-4-percent&#8221; column_padding_position=&#8221;all&#8221; background_color=&#8221;#ffffff&#8221; background_color_opacity=&#8221;1&#8243; background_hover_color_opacity=&#8221;1&#8243; column_shadow=&#8221;none&#8221; column_border_radius=&#8221;none&#8221; width=&#8221;1\/2&#8243; tablet_text_alignment=&#8221;default&#8221; phone_text_alignment=&#8221;default&#8221; column_border_width=&#8221;none&#8221; column_border_style=&#8221;solid&#8221;]<div class=\"img-with-aniamtion-wrap center\" data-max-width=\"100%\" data-border-radius=\"none\"><div class=\"inner\"><img loading=\"lazy\" decoding=\"async\" data-shadow=\"large_depth\" data-shadow-direction=\"middle\" class=\"img-with-animation \" data-delay=\"0\" height=\"669\" width=\"669\" data-animation=\"grow-in\" src=\"https:\/\/olivier-bajard.com\/wp-content\/uploads\/loic-beziat.png\" srcset=\"https:\/\/olivier-bajard.com\/wp-content\/uploads\/loic-beziat.png 669w, https:\/\/olivier-bajard.com\/wp-content\/uploads\/loic-beziat-300x300.png 300w, https:\/\/olivier-bajard.com\/wp-content\/uploads\/loic-beziat-150x150.png 150w, https:\/\/olivier-bajard.com\/wp-content\/uploads\/loic-beziat-100x100.png 100w, https:\/\/olivier-bajard.com\/wp-content\/uploads\/loic-beziat-140x140.png 140w, https:\/\/olivier-bajard.com\/wp-content\/uploads\/loic-beziat-500x500.png 500w, https:\/\/olivier-bajard.com\/wp-content\/uploads\/loic-beziat-350x350.png 350w, https:\/\/olivier-bajard.com\/wp-content\/uploads\/loic-beziat-48x48.png 48w, https:\/\/olivier-bajard.com\/wp-content\/uploads\/loic-beziat-250x250.png 250w, https:\/\/olivier-bajard.com\/wp-content\/uploads\/loic-beziat-550x550.png 550w, https:\/\/olivier-bajard.com\/wp-content\/uploads\/loic-beziat-180x180.png 180w, https:\/\/olivier-bajard.com\/wp-content\/uploads\/loic-beziat-600x600.png 600w\" sizes=\"auto, 100vw\" alt=\"\" \/><\/div><\/div>[\/vc_column][vc_column column_padding=&#8221;padding-8-percent&#8221; column_padding_position=&#8221;all&#8221; background_color=&#8221;#ffffff&#8221; background_color_opacity=&#8221;1&#8243; background_hover_color_opacity=&#8221;1&#8243; font_color=&#8221;#000000&#8243; column_shadow=&#8221;none&#8221; column_border_radius=&#8221;none&#8221; width=&#8221;1\/2&#8243; tablet_text_alignment=&#8221;default&#8221; phone_text_alignment=&#8221;default&#8221; column_border_width=&#8221;none&#8221; column_border_style=&#8221;solid&#8221;][nectar_animated_title heading_tag=&#8221;h5&#8243; style=&#8221;color-strip-reveal&#8221; color=&#8221;Accent-Color&#8221; text=&#8221;The Spirit&#8221;][vc_column_text css=&#8221;.vc_custom_1647801963027{margin-top: 30px !important;margin-bottom: 30px !important;}&#8221;]\n<p style=\"text-align: center;\"><strong>A taste shared by the family<\/strong><\/p>\n<p>The B\u00e9ziat family and the bakery is a long love story. Already the parents and uncles practiced the trade. Affected by the same passion, Lo\u00efc and his twin brother C\u00e9dric also launched themselves into the profession. Lo\u00efc B\u00e9ziat specializes in the field of pastry and wins in passing a few titles like Best Apprentice of France (2012) and World Champion of Sweet Arts (2018).<br \/>\nIn 2018, Lo\u00efc and C\u00e9dric created their store &#8211; bakery, pastry shop, chocolate shop and tea room in Cahors. Complementary, one handles the pastry and the other the bakery. They share a common vision of the business and a clear objective: to satisfy their customers, to create pleasures accessible to everyone on a daily basis. They work with high quality raw materials. Lo\u00efc&#8217;s pastries are modern, light in texture with a perfect dosage of sugar. The products made are rational and adapted to the customers. By keeping this authenticity and the fundamentals of a French bakery-pastry shop, they stand out very clearly from their competitors.<\/p>\n<p>&#8220;<em>We remain committed to our line of conduct, to remain attached to the terroirs, to the tastes, always to make quality products at an affordable cost.&#8221;<\/em>\u00a0Lo\u00efc and C\u00e9dric B\u00e9ziat[\/vc_column_text]<div class=\"divider-wrap\"><div style=\"height: 50px;\" class=\"divider\"><\/div><\/div>[vc_custom_heading text=&#8221;Follow the chef&#8221; font_container=&#8221;tag:h5|text_align:left|color:%23bfbfbf&#8221; use_theme_fonts=&#8221;yes&#8221;]<div class=\"iwithtext\"><div class=\"iwt-icon\"> <i class=\"icon-default-style icon-map-marker accent-color\"><\/i> <\/div><div class=\"iwt-text\"> <strong>Bakery, Pastry, Chocolate, Tearoom, Catering in Cahors<\/strong> <\/div><div class=\"clear\"><\/div><\/div><div class=\"iwithtext\"><div class=\"iwt-icon\"> <i class=\"icon-default-style icon-instagram accent-color\"><\/i> <\/div><div class=\"iwt-text\"> <a href=\"https:\/\/www.instagram.com\/beziatfreres\/?hl=fr\">beziatfreres<\/a> <\/div><div class=\"clear\"><\/div><\/div><div class=\"iwithtext\"><div class=\"iwt-icon\"> <i class=\"icon-default-style icon-facebook-sign accent-color\"><\/i> <\/div><div class=\"iwt-text\"> <a href=\"https:\/\/www.facebook.com\/profile.php?id=100057269574284\">Beziat fr\u00e8res<\/a> <\/div><div class=\"clear\"><\/div><\/div><div class=\"iwithtext\"><div class=\"iwt-icon\"> <i class=\"icon-default-style icon-linkedin-sign accent-color\"><\/i> <\/div><div class=\"iwt-text\"> <a href=\"https:\/\/www.linkedin.com\/in\/loic-beziat-b27564119\/\">loic beziat<\/a> <\/div><div class=\"clear\"><\/div><\/div>[\/vc_column][\/vc_row][vc_row type=&#8221;full_width_background&#8221; full_screen_row_position=&#8221;middle&#8221; equal_height=&#8221;yes&#8221; content_placement=&#8221;middle&#8221; bg_image=&#8221;23699&#8243; bg_position=&#8221;center center&#8221; bg_repeat=&#8221;no-repeat&#8221; scene_position=&#8221;center&#8221; text_color=&#8221;light&#8221; text_align=&#8221;left&#8221; top_padding=&#8221;8%&#8221; bottom_padding=&#8221;8%&#8221; color_overlay=&#8221;rgba(10,6,6,0.84)&#8221; overlay_strength=&#8221;0.5&#8243; shape_divider_position=&#8221;bottom&#8221; shape_type=&#8221;&#8221;][vc_column column_padding=&#8221;no-extra-padding&#8221; column_padding_position=&#8221;all&#8221; background_color_opacity=&#8221;1&#8243; background_hover_color_opacity=&#8221;1&#8243; column_shadow=&#8221;none&#8221; column_border_radius=&#8221;none&#8221; width=&#8221;1\/1&#8243; tablet_text_alignment=&#8221;default&#8221; phone_text_alignment=&#8221;default&#8221; column_border_width=&#8221;none&#8221; column_border_style=&#8221;solid&#8221;][vc_row_inner column_margin=&#8221;default&#8221; text_align=&#8221;left&#8221;][vc_column_inner column_padding=&#8221;no-extra-padding&#8221; column_padding_position=&#8221;all&#8221; background_color_opacity=&#8221;1&#8243; background_hover_color_opacity=&#8221;1&#8243; column_shadow=&#8221;none&#8221; column_border_radius=&#8221;none&#8221; width=&#8221;1\/6&#8243; column_border_width=&#8221;none&#8221; column_border_style=&#8221;solid&#8221;][\/vc_column_inner][vc_column_inner column_padding=&#8221;padding-2-percent&#8221; column_padding_position=&#8221;left-right&#8221; centered_text=&#8221;true&#8221; background_color_opacity=&#8221;1&#8243; background_hover_color_opacity=&#8221;1&#8243; column_shadow=&#8221;none&#8221; column_border_radius=&#8221;none&#8221; width=&#8221;2\/3&#8243; column_border_width=&#8221;none&#8221; column_border_style=&#8221;solid&#8221;][vc_custom_heading text=&#8221;Training&#8221; font_container=&#8221;tag:p|text_align:center|color:%23ffffff&#8221; use_theme_fonts=&#8221;yes&#8221; css_animation=&#8221;fadeInUp&#8221;][vc_custom_heading text=&#8221;Signature Collection&#8221; font_container=&#8221;tag:h2|font_size:52|text_align:center|color:%23ffffff|line_height:52px&#8221; use_theme_fonts=&#8221;yes&#8221; css_animation=&#8221;fadeInUp&#8221;]<div class=\"divider-wrap\"><div style=\"height: 10px;\" class=\"divider\"><\/div><\/div>[vc_custom_heading text=&#8221;Be inspired by the authentic and succulent desserts of this talented chef.&#8221; font_container=&#8221;tag:p|font_size:18|text_align:center|color:rgba(255%2C255%2C255%2C0.7)&#8221; use_theme_fonts=&#8221;yes&#8221; css_animation=&#8221;fadeInUp&#8221; css=&#8221;.vc_custom_1647802228140{margin-top: 10px !important;margin-bottom: 10px !important;}&#8221;][nectar_btn size=&#8221;large&#8221; button_style=&#8221;regular&#8221; button_color_2=&#8221;Extra-Color-2&#8243; icon_family=&#8221;default_arrow&#8221; url=&#8221;https:\/\/olivier-bajard.com\/en\/portfolio\/desserts-training-beziat\/&#8221; text=&#8221;Register&#8221; css_animation=&#8221;zoomIn&#8221;][\/vc_column_inner][vc_column_inner column_padding=&#8221;no-extra-padding&#8221; column_padding_position=&#8221;all&#8221; background_color_opacity=&#8221;1&#8243; background_hover_color_opacity=&#8221;1&#8243; column_shadow=&#8221;none&#8221; column_border_radius=&#8221;none&#8221; width=&#8221;1\/6&#8243; column_border_width=&#8221;none&#8221; column_border_style=&#8221;solid&#8221;][\/vc_column_inner][\/vc_row_inner][\/vc_column][\/vc_row][vc_row type=&#8221;full_width_content&#8221; full_screen_row_position=&#8221;middle&#8221; bg_color=&#8221;#ffffff&#8221; scene_position=&#8221;center&#8221; text_color=&#8221;dark&#8221; text_align=&#8221;center&#8221; top_padding=&#8221;30&#8243; bottom_padding=&#8221;30&#8243; overlay_strength=&#8221;0.3&#8243; shape_divider_position=&#8221;bottom&#8221; shape_type=&#8221;&#8221;][vc_column column_padding=&#8221;no-extra-padding&#8221; column_padding_position=&#8221;all&#8221; background_color=&#8221;#ffffff&#8221; background_color_opacity=&#8221;1&#8243; background_hover_color_opacity=&#8221;1&#8243; font_color=&#8221;#ffffff&#8221; column_shadow=&#8221;none&#8221; column_border_radius=&#8221;none&#8221; width=&#8221;1\/1&#8243; tablet_text_alignment=&#8221;default&#8221; phone_text_alignment=&#8221;default&#8221; column_border_width=&#8221;none&#8221; column_border_style=&#8221;solid&#8221;][nectar_btn size=&#8221;large&#8221; open_new_tab=&#8221;true&#8221; button_style=&#8221;regular&#8221; button_color_2=&#8221;Accent-Color&#8221; icon_family=&#8221;default_arrow&#8221; url=&#8221;https:\/\/olivier-bajard.com\/en\/spirit-great-chefs\/&#8221; text=&#8221;The other chefs&#8221; css_animation=&#8221;zoomIn&#8221;][\/vc_column][\/vc_row][full_width_section type=&#8221;full_width_content&#8221; vertically_center_columns=&#8221;true&#8221; image_url=&#8221;1339&#8243; bg_pos=&#8221;Center Center&#8221; background_color=&#8221;#0a0a0a&#8221; text_color=&#8221;light&#8221; top_padding=&#8221;25&#8243; bottom_padding=&#8221;20&#8243;][vc_column centered_text=&#8221;true&#8221; column_padding=&#8221;no-extra-padding&#8221; column_padding_position=&#8221;bottom&#8221; background_color=&#8221;#0a0a0a&#8221; background_color_opacity=&#8221;1&#8243; background_hover_color_opacity=&#8221;1&#8243; column_shadow=&#8221;none&#8221; column_border_radius=&#8221;none&#8221; width=&#8221;1\/4&#8243; tablet_text_alignment=&#8221;default&#8221; phone_text_alignment=&#8221;default&#8221; column_border_width=&#8221;none&#8221; column_border_style=&#8221;solid&#8221;][vc_column_text]<a class=\"nectar-button large accent-color has-icon regular-button\"  href=\"https:\/\/olivier-bajard.com\/en\/professional-training\/\" data-color-override=\"false\" data-hover-color-override=\"false\" data-hover-text-color-override=\"#FFF6EE\"><span>Professional Trainings<\/span><i class=\"icon-button-arrow\"><\/i><\/a>[\/vc_column_text][\/vc_column][vc_column centered_text=&#8221;true&#8221; column_padding=&#8221;no-extra-padding&#8221; column_padding_position=&#8221;bottom&#8221; background_color=&#8221;#0a0a0a&#8221; background_color_opacity=&#8221;1&#8243; background_hover_color_opacity=&#8221;1&#8243; column_shadow=&#8221;none&#8221; column_border_radius=&#8221;none&#8221; width=&#8221;1\/4&#8243; tablet_text_alignment=&#8221;default&#8221; phone_text_alignment=&#8221;default&#8221; column_border_width=&#8221;none&#8221; column_border_style=&#8221;solid&#8221;][vc_column_text]<a class=\"nectar-button large accent-color has-icon regular-button\"  href=\"https:\/\/olivier-bajard.com\/en\/trainings\/\" data-color-override=\"false\" data-hover-color-override=\"false\" data-hover-text-color-override=\"#FFF6EE\"><span>Professional program !<\/span><i class=\"icon-button-arrow\"><\/i><\/a>[\/vc_column_text][\/vc_column][vc_column centered_text=&#8221;true&#8221; column_padding=&#8221;no-extra-padding&#8221; column_padding_position=&#8221;bottom&#8221; background_color=&#8221;#0a0a0a&#8221; background_color_opacity=&#8221;1&#8243; background_hover_color_opacity=&#8221;1&#8243; column_shadow=&#8221;none&#8221; column_border_radius=&#8221;none&#8221; width=&#8221;1\/4&#8243; tablet_text_alignment=&#8221;default&#8221; phone_text_alignment=&#8221;default&#8221; column_border_width=&#8221;none&#8221; column_border_style=&#8221;solid&#8221;][vc_column_text]<a class=\"nectar-button large accent-color has-icon regular-button\"  href=\"https:\/\/olivier-bajard.com\/wp-content\/uploads\/Dossier-dinscription-2022-Ang..pdf\" data-color-override=\"false\" data-hover-color-override=\"false\" data-hover-text-color-override=\"#FFF6EE\"><span>Download registration form<\/span><i class=\"icon-button-arrow\"><\/i><\/a>[\/vc_column_text][\/vc_column][vc_column centered_text=&#8221;true&#8221; column_padding=&#8221;no-extra-padding&#8221; column_padding_position=&#8221;bottom&#8221; background_color=&#8221;#0a0a0a&#8221; background_color_opacity=&#8221;1&#8243; background_hover_color_opacity=&#8221;1&#8243; column_shadow=&#8221;none&#8221; column_border_radius=&#8221;none&#8221; width=&#8221;1\/4&#8243; tablet_text_alignment=&#8221;default&#8221; phone_text_alignment=&#8221;default&#8221; column_border_width=&#8221;none&#8221; column_border_style=&#8221;solid&#8221;][vc_column_text]<a class=\"nectar-button large accent-color has-icon regular-button\"  href=\"\/en\/contact\" data-color-override=\"false\" data-hover-color-override=\"false\" data-hover-text-color-override=\"#FFF6EE\"><span>Need Informations ?<\/span><i class=\"icon-button-arrow\"><\/i><\/a>[\/vc_column_text][\/vc_column][\/full_width_section]\n","protected":false},"excerpt":{"rendered":"<p>[vc_row type=&#8221;full_width_content&#8221; full_screen_row_position=&#8221;middle&#8221; bg_color=&#8221;#0a0a0a&#8221; scene_position=&#8221;center&#8221; text_color=&#8221;light&#8221; text_align=&#8221;center&#8221; top_padding=&#8221;30&#8243; bottom_padding=&#8221;30&#8243; overlay_strength=&#8221;0.3&#8243; shape_divider_position=&#8221;bottom&#8221; shape_type=&#8221;&#8221;][vc_column centered_text=&#8221;true&#8221; column_padding=&#8221;no-extra-padding&#8221; column_padding_position=&#8221;all&#8221; background_color=&#8221;#0a0a0a&#8221; background_color_opacity=&#8221;1&#8243; background_hover_color_opacity=&#8221;1&#8243; font_color=&#8221;#ffffff&#8221; column_shadow=&#8221;none&#8221; column_border_radius=&#8221;none&#8221; width=&#8221;1\/1&#8243; tablet_text_alignment=&#8221;default&#8221; phone_text_alignment=&#8221;default&#8221; column_border_width=&#8221;none&#8221; column_border_style=&#8221;solid&#8221;][vc_column_text] Lo\u00efc BEZIAT World Champion&#8230;<\/p>\n","protected":false},"author":6,"featured_media":24001,"parent":0,"menu_order":120,"comment_status":"open","ping_status":"open","template":"","meta":{"footnotes":""},"class_list":["post-24181","page","type-page","status-publish","has-post-thumbnail"],"aioseo_notices":[],"yoast_head":"<!-- This site is optimized with the Yoast SEO plugin v25.1 - https:\/\/yoast.com\/wordpress\/plugins\/seo\/ -->\n<title>Loic Beziat - The spirit of the great chefs Olivier Bajard<\/title>\n<meta name=\"description\" content=\"Lo\u00efc B\u00e9ziat, a talented and generous pastry chef, will share with you his passion for pastry.\" \/>\n<meta name=\"robots\" content=\"index, follow, max-snippet:-1, max-image-preview:large, max-video-preview:-1\" \/>\n<link rel=\"canonical\" href=\"https:\/\/olivier-bajard.com\/en\/loic-beziat\/\" \/>\n<meta property=\"og:locale\" content=\"en_US\" \/>\n<meta property=\"og:type\" content=\"article\" \/>\n<meta property=\"og:title\" content=\"Loic Beziat - The spirit of the great chefs Olivier Bajard\" \/>\n<meta property=\"og:description\" content=\"Lo\u00efc B\u00e9ziat, a talented and generous pastry chef, will share with you his passion for pastry.\" \/>\n<meta property=\"og:url\" content=\"https:\/\/olivier-bajard.com\/en\/loic-beziat\/\" \/>\n<meta property=\"og:site_name\" content=\"Olivier Bajard\" \/>\n<meta property=\"article:modified_time\" content=\"2022-06-28T11:16:34+00:00\" \/>\n<meta property=\"og:image\" content=\"https:\/\/olivier-bajard.com\/wp-content\/uploads\/loic-beziat-web1.png\" \/>\n\t<meta property=\"og:image:width\" content=\"423\" \/>\n\t<meta property=\"og:image:height\" content=\"423\" \/>\n\t<meta property=\"og:image:type\" content=\"image\/png\" \/>\n<meta name=\"twitter:label1\" content=\"Est. reading time\" \/>\n\t<meta name=\"twitter:data1\" content=\"3 minutes\" \/>\n<script type=\"application\/ld+json\" class=\"yoast-schema-graph\">{\"@context\":\"https:\/\/schema.org\",\"@graph\":[{\"@type\":\"WebPage\",\"@id\":\"https:\/\/olivier-bajard.com\/en\/loic-beziat\/\",\"url\":\"https:\/\/olivier-bajard.com\/en\/loic-beziat\/\",\"name\":\"Loic Beziat - The spirit of the great chefs Olivier Bajard\",\"isPartOf\":{\"@id\":\"https:\/\/olivier-bajard.com\/#website\"},\"primaryImageOfPage\":{\"@id\":\"https:\/\/olivier-bajard.com\/en\/loic-beziat\/#primaryimage\"},\"image\":{\"@id\":\"https:\/\/olivier-bajard.com\/en\/loic-beziat\/#primaryimage\"},\"thumbnailUrl\":\"https:\/\/olivier-bajard.com\/wp-content\/uploads\/loic-beziat-web1.png\",\"datePublished\":\"2022-03-20T18:51:57+00:00\",\"dateModified\":\"2022-06-28T11:16:34+00:00\",\"description\":\"Lo\u00efc B\u00e9ziat, a talented and generous pastry chef, will share with you his passion for pastry.\",\"breadcrumb\":{\"@id\":\"https:\/\/olivier-bajard.com\/en\/loic-beziat\/#breadcrumb\"},\"inLanguage\":\"en-US\",\"potentialAction\":[{\"@type\":\"ReadAction\",\"target\":[\"https:\/\/olivier-bajard.com\/en\/loic-beziat\/\"]}]},{\"@type\":\"ImageObject\",\"inLanguage\":\"en-US\",\"@id\":\"https:\/\/olivier-bajard.com\/en\/loic-beziat\/#primaryimage\",\"url\":\"https:\/\/olivier-bajard.com\/wp-content\/uploads\/loic-beziat-web1.png\",\"contentUrl\":\"https:\/\/olivier-bajard.com\/wp-content\/uploads\/loic-beziat-web1.png\",\"width\":423,\"height\":423},{\"@type\":\"BreadcrumbList\",\"@id\":\"https:\/\/olivier-bajard.com\/en\/loic-beziat\/#breadcrumb\",\"itemListElement\":[{\"@type\":\"ListItem\",\"position\":1,\"name\":\"Accueil\",\"item\":\"https:\/\/olivier-bajard.com\/en\/\"},{\"@type\":\"ListItem\",\"position\":2,\"name\":\"Loic BEZIAT\"}]},{\"@type\":\"WebSite\",\"@id\":\"https:\/\/olivier-bajard.com\/#website\",\"url\":\"https:\/\/olivier-bajard.com\/\",\"name\":\"Olivier Bajard\",\"description\":\"Meilleur Ouvrier de France de P\u00e2tisserie\",\"publisher\":{\"@id\":\"https:\/\/olivier-bajard.com\/#organization\"},\"potentialAction\":[{\"@type\":\"SearchAction\",\"target\":{\"@type\":\"EntryPoint\",\"urlTemplate\":\"https:\/\/olivier-bajard.com\/?s={search_term_string}\"},\"query-input\":{\"@type\":\"PropertyValueSpecification\",\"valueRequired\":true,\"valueName\":\"search_term_string\"}}],\"inLanguage\":\"en-US\"},{\"@type\":\"Organization\",\"@id\":\"https:\/\/olivier-bajard.com\/#organization\",\"name\":\"pcbo sarl\",\"url\":\"https:\/\/olivier-bajard.com\/\",\"logo\":{\"@type\":\"ImageObject\",\"inLanguage\":\"en-US\",\"@id\":\"https:\/\/olivier-bajard.com\/#\/schema\/logo\/image\/\",\"url\":\"https:\/\/olivier-bajard.com\/wp-content\/uploads\/CarreNB-original-1.5CM.jpg\",\"contentUrl\":\"https:\/\/olivier-bajard.com\/wp-content\/uploads\/CarreNB-original-1.5CM.jpg\",\"width\":177,\"height\":177,\"caption\":\"pcbo sarl\"},\"image\":{\"@id\":\"https:\/\/olivier-bajard.com\/#\/schema\/logo\/image\/\"}}]}<\/script>\n<!-- \/ Yoast SEO plugin. -->","yoast_head_json":{"title":"Loic Beziat - The spirit of the great chefs Olivier Bajard","description":"Lo\u00efc B\u00e9ziat, a talented and generous pastry chef, will share with you his passion for pastry.","robots":{"index":"index","follow":"follow","max-snippet":"max-snippet:-1","max-image-preview":"max-image-preview:large","max-video-preview":"max-video-preview:-1"},"canonical":"https:\/\/olivier-bajard.com\/en\/loic-beziat\/","og_locale":"en_US","og_type":"article","og_title":"Loic Beziat - The spirit of the great chefs Olivier Bajard","og_description":"Lo\u00efc B\u00e9ziat, a talented and generous pastry chef, will share with you his passion for pastry.","og_url":"https:\/\/olivier-bajard.com\/en\/loic-beziat\/","og_site_name":"Olivier Bajard","article_modified_time":"2022-06-28T11:16:34+00:00","og_image":[{"width":423,"height":423,"url":"https:\/\/olivier-bajard.com\/wp-content\/uploads\/loic-beziat-web1.png","type":"image\/png"}],"twitter_misc":{"Est. reading time":"3 minutes"},"schema":{"@context":"https:\/\/schema.org","@graph":[{"@type":"WebPage","@id":"https:\/\/olivier-bajard.com\/en\/loic-beziat\/","url":"https:\/\/olivier-bajard.com\/en\/loic-beziat\/","name":"Loic Beziat - The spirit of the great chefs Olivier Bajard","isPartOf":{"@id":"https:\/\/olivier-bajard.com\/#website"},"primaryImageOfPage":{"@id":"https:\/\/olivier-bajard.com\/en\/loic-beziat\/#primaryimage"},"image":{"@id":"https:\/\/olivier-bajard.com\/en\/loic-beziat\/#primaryimage"},"thumbnailUrl":"https:\/\/olivier-bajard.com\/wp-content\/uploads\/loic-beziat-web1.png","datePublished":"2022-03-20T18:51:57+00:00","dateModified":"2022-06-28T11:16:34+00:00","description":"Lo\u00efc B\u00e9ziat, a talented and generous pastry chef, will share with you his passion for pastry.","breadcrumb":{"@id":"https:\/\/olivier-bajard.com\/en\/loic-beziat\/#breadcrumb"},"inLanguage":"en-US","potentialAction":[{"@type":"ReadAction","target":["https:\/\/olivier-bajard.com\/en\/loic-beziat\/"]}]},{"@type":"ImageObject","inLanguage":"en-US","@id":"https:\/\/olivier-bajard.com\/en\/loic-beziat\/#primaryimage","url":"https:\/\/olivier-bajard.com\/wp-content\/uploads\/loic-beziat-web1.png","contentUrl":"https:\/\/olivier-bajard.com\/wp-content\/uploads\/loic-beziat-web1.png","width":423,"height":423},{"@type":"BreadcrumbList","@id":"https:\/\/olivier-bajard.com\/en\/loic-beziat\/#breadcrumb","itemListElement":[{"@type":"ListItem","position":1,"name":"Accueil","item":"https:\/\/olivier-bajard.com\/en\/"},{"@type":"ListItem","position":2,"name":"Loic BEZIAT"}]},{"@type":"WebSite","@id":"https:\/\/olivier-bajard.com\/#website","url":"https:\/\/olivier-bajard.com\/","name":"Olivier Bajard","description":"Meilleur Ouvrier de France de P\u00e2tisserie","publisher":{"@id":"https:\/\/olivier-bajard.com\/#organization"},"potentialAction":[{"@type":"SearchAction","target":{"@type":"EntryPoint","urlTemplate":"https:\/\/olivier-bajard.com\/?s={search_term_string}"},"query-input":{"@type":"PropertyValueSpecification","valueRequired":true,"valueName":"search_term_string"}}],"inLanguage":"en-US"},{"@type":"Organization","@id":"https:\/\/olivier-bajard.com\/#organization","name":"pcbo sarl","url":"https:\/\/olivier-bajard.com\/","logo":{"@type":"ImageObject","inLanguage":"en-US","@id":"https:\/\/olivier-bajard.com\/#\/schema\/logo\/image\/","url":"https:\/\/olivier-bajard.com\/wp-content\/uploads\/CarreNB-original-1.5CM.jpg","contentUrl":"https:\/\/olivier-bajard.com\/wp-content\/uploads\/CarreNB-original-1.5CM.jpg","width":177,"height":177,"caption":"pcbo sarl"},"image":{"@id":"https:\/\/olivier-bajard.com\/#\/schema\/logo\/image\/"}}]}},"_links":{"self":[{"href":"https:\/\/olivier-bajard.com\/en\/wp-json\/wp\/v2\/pages\/24181","targetHints":{"allow":["GET"]}}],"collection":[{"href":"https:\/\/olivier-bajard.com\/en\/wp-json\/wp\/v2\/pages"}],"about":[{"href":"https:\/\/olivier-bajard.com\/en\/wp-json\/wp\/v2\/types\/page"}],"author":[{"embeddable":true,"href":"https:\/\/olivier-bajard.com\/en\/wp-json\/wp\/v2\/users\/6"}],"replies":[{"embeddable":true,"href":"https:\/\/olivier-bajard.com\/en\/wp-json\/wp\/v2\/comments?post=24181"}],"version-history":[{"count":0,"href":"https:\/\/olivier-bajard.com\/en\/wp-json\/wp\/v2\/pages\/24181\/revisions"}],"wp:featuredmedia":[{"embeddable":true,"href":"https:\/\/olivier-bajard.com\/en\/wp-json\/wp\/v2\/media\/24001"}],"wp:attachment":[{"href":"https:\/\/olivier-bajard.com\/en\/wp-json\/wp\/v2\/media?parent=24181"}],"curies":[{"name":"wp","href":"https:\/\/api.w.org\/{rel}","templated":true}]}}