{"id":19162,"date":"2022-03-23T11:46:44","date_gmt":"2022-03-23T10:46:44","guid":{"rendered":"https:\/\/olivier-bajard.com\/?page_id=19162"},"modified":"2022-07-06T16:46:33","modified_gmt":"2022-07-06T15:46:33","slug":"presentacion","status":"publish","type":"page","link":"https:\/\/olivier-bajard.com\/es\/presentacion\/","title":{"rendered":"Presentaci\u00f3n"},"content":{"rendered":"[full_width_section type=&#8221;full_width_content&#8221; vertically_center_columns=&#8221;true&#8221; image_url=&#8221;1339&#8243; bg_pos=&#8221;Center Center&#8221; background_color=&#8221;#000000&#8243; text_color=&#8221;light&#8221; top_padding=&#8221;0&#8243; bottom_padding=&#8221;0&#8243;][vc_column centered_text=&#8221;true&#8221; column_padding=&#8221;padding-3-percent&#8221; column_padding_position=&#8221;top&#8221; background_color=&#8221;#000000&#8243; background_color_opacity=&#8221;1&#8243; background_hover_color_opacity=&#8221;1&#8243; font_color=&#8221;#ffffff&#8221; column_shadow=&#8221;none&#8221; column_border_radius=&#8221;none&#8221; width=&#8221;1\/1&#8243; tablet_text_alignment=&#8221;default&#8221; phone_text_alignment=&#8221;default&#8221; column_border_width=&#8221;none&#8221; column_border_style=&#8221;solid&#8221;][vc_column_text][\/vc_column_text][\/vc_column][\/full_width_section][vc_row type=&#8221;full_width_content&#8221; full_screen_row_position=&#8221;middle&#8221; vertically_center_columns=&#8221;true&#8221; scene_position=&#8221;center&#8221; text_color=&#8221;dark&#8221; text_align=&#8221;left&#8221; overlay_strength=&#8221;0.3&#8243; shape_divider_position=&#8221;bottom&#8221;][vc_column column_padding=&#8221;padding-3-percent&#8221; column_padding_position=&#8221;all&#8221; background_color=&#8221;#000000&#8243; background_color_opacity=&#8221;1&#8243; background_hover_color_opacity=&#8221;1&#8243; font_color=&#8221;#ffffff&#8221; column_shadow=&#8221;none&#8221; column_border_radius=&#8221;none&#8221; width=&#8221;1\/2&#8243; tablet_text_alignment=&#8221;default&#8221; phone_text_alignment=&#8221;default&#8221; column_border_width=&#8221;none&#8221; column_border_style=&#8221;solid&#8221;]<div class=\"img-with-aniamtion-wrap center\" data-max-width=\"100%\" data-border-radius=\"none\"><div class=\"inner\"><img loading=\"lazy\" decoding=\"async\" data-shadow=\"none\" data-shadow-direction=\"middle\" class=\"img-with-animation \" data-delay=\"0\" height=\"895\" width=\"861\" data-animation=\"fade-in\" src=\"https:\/\/olivier-bajard.com\/wp-content\/uploads\/formations-pro-3.jpg\" srcset=\"https:\/\/olivier-bajard.com\/wp-content\/uploads\/formations-pro-3.jpg 861w, https:\/\/olivier-bajard.com\/wp-content\/uploads\/formations-pro-3-289x300.jpg 289w, https:\/\/olivier-bajard.com\/wp-content\/uploads\/formations-pro-3-768x798.jpg 768w, https:\/\/olivier-bajard.com\/wp-content\/uploads\/formations-pro-3-250x260.jpg 250w, https:\/\/olivier-bajard.com\/wp-content\/uploads\/formations-pro-3-550x572.jpg 550w, https:\/\/olivier-bajard.com\/wp-content\/uploads\/formations-pro-3-800x832.jpg 800w, https:\/\/olivier-bajard.com\/wp-content\/uploads\/formations-pro-3-173x180.jpg 173w, https:\/\/olivier-bajard.com\/wp-content\/uploads\/formations-pro-3-481x500.jpg 481w, https:\/\/olivier-bajard.com\/wp-content\/uploads\/formations-pro-3-600x624.jpg 600w\" sizes=\"auto, 100vw\" alt=\"\" \/><\/div><\/div><div class=\"divider-wrap\"><div style=\"height: 80px;\" class=\"divider\"><\/div><\/div>[\/vc_column][vc_column centered_text=&#8221;true&#8221; column_padding=&#8221;padding-6-percent&#8221; column_padding_position=&#8221;all&#8221; background_color=&#8221;#ffffff&#8221; background_color_opacity=&#8221;1&#8243; background_hover_color_opacity=&#8221;1&#8243; font_color=&#8221;#000000&#8243; column_shadow=&#8221;none&#8221; column_border_radius=&#8221;none&#8221; width=&#8221;1\/2&#8243; tablet_text_alignment=&#8221;default&#8221; phone_text_alignment=&#8221;default&#8221; column_border_width=&#8221;none&#8221; column_border_style=&#8221;solid&#8221;][vc_column_text]\n<p style=\"text-align: center;\">Creada en 2005 por Olivier Bajard, la escuela ha desarrollado por primera vez en el mundo un concepto de <strong>formaci\u00f3n profesional original y completo, adaptado a la realidad de las empresas<\/strong>.<\/p>\n<p style=\"text-align: center;\"><strong>La pr\u00e1ctica y la excelencia est\u00e1n en el centro de nuestros m\u00e9todos de ense\u00f1anza.<\/strong> Todas las sesiones son impartidas por los <strong>mejores profesionales &#8211; Grandes Chefs, Mejores Trabajadores de Francia y\/o Campeones del Mundo<\/strong>. En nuestros cursos de formaci\u00f3n avanzada, encontrar\u00e1 un enfoque tanto t\u00e9cnico como creativo. Adem\u00e1s, nuestros cursos pr\u00e1cticos tienen en cuenta los m\u00e9todos de organizaci\u00f3n, racionalizaci\u00f3n y gesti\u00f3n que le permiten ahorrar tiempo y optimizar su volumen de negocio.<\/p>\n<p style=\"text-align: center;\">Impulsados diariamente por el deseo de <strong>transmitir<\/strong> nuestros conocimientos, comparamos con nuestros alumnos, aprendices y profesionales nuestros <strong>conocimientos y las exigencias de la profesi\u00f3n<\/strong>.<\/p>\n<p style=\"text-align: center;\">Nuestra misi\u00f3n es formar a profesionales de <strong>alto nivel en pasteler\u00eda, chocolater\u00eda y Helader\u00eda<\/strong> con un enfoque de racionalizaci\u00f3n, rentabilidad y eficiencia.<\/p>\n<p style=\"text-align: center;\">Hoy en d\u00eda, la Escuela Internacional de Pasteler\u00eda es una referencia en Francia y a nivel internacional para los profesionales de la industria gastron\u00f3mica.<\/p>\n[\/vc_column_text][\/vc_column][\/vc_row][vc_row type=&#8221;full_width_content&#8221; full_screen_row_position=&#8221;middle&#8221; bg_color=&#8221;#000000&#8243; scene_position=&#8221;center&#8221; text_color=&#8221;dark&#8221; text_align=&#8221;left&#8221; overlay_strength=&#8221;0.3&#8243; shape_divider_position=&#8221;bottom&#8221; shape_type=&#8221;&#8221;][vc_column column_padding=&#8221;no-extra-padding&#8221; column_padding_position=&#8221;all&#8221; background_color_opacity=&#8221;1&#8243; background_hover_color_opacity=&#8221;1&#8243; column_shadow=&#8221;none&#8221; column_border_radius=&#8221;none&#8221; width=&#8221;1\/1&#8243; tablet_text_alignment=&#8221;default&#8221; phone_text_alignment=&#8221;default&#8221; column_border_width=&#8221;none&#8221; column_border_style=&#8221;solid&#8221;]<div class=\"divider-wrap\"><div style=\"height: 30px;\" class=\"divider\"><\/div><\/div>[\/vc_column][\/vc_row][full_width_section type=&#8221;full_width_content&#8221; vertically_center_columns=&#8221;true&#8221; image_url=&#8221;1339&#8243; bg_pos=&#8221;Center Center&#8221; background_color=&#8221;#000000&#8243; text_color=&#8221;light&#8221; top_padding=&#8221;0&#8243; bottom_padding=&#8221;0&#8243;][vc_column centered_text=&#8221;true&#8221; column_padding=&#8221;padding-7-percent&#8221; column_padding_position=&#8221;bottom&#8221; background_color=&#8221;#000000&#8243; background_color_opacity=&#8221;1&#8243; background_hover_color_opacity=&#8221;1&#8243; column_shadow=&#8221;none&#8221; column_border_radius=&#8221;none&#8221; width=&#8221;1\/4&#8243; tablet_text_alignment=&#8221;default&#8221; phone_text_alignment=&#8221;default&#8221; column_border_width=&#8221;none&#8221; column_border_style=&#8221;solid&#8221;][vc_column_text]<a class=\"nectar-button large accent-color has-icon regular-button\"  href=\"\/es\/formacion-profesional\/\" data-color-override=\"false\" data-hover-color-override=\"false\" data-hover-text-color-override=\"#FFF6EE\"><span>Formaci\u00f3n Profesional<\/span><i class=\"icon-button-arrow\"><\/i><\/a>[\/vc_column_text][\/vc_column][vc_column centered_text=&#8221;true&#8221; column_padding=&#8221;padding-7-percent&#8221; column_padding_position=&#8221;bottom&#8221; background_color=&#8221;#000000&#8243; background_color_opacity=&#8221;1&#8243; background_hover_color_opacity=&#8221;1&#8243; column_shadow=&#8221;none&#8221; column_border_radius=&#8221;none&#8221; width=&#8221;1\/4&#8243; tablet_text_alignment=&#8221;default&#8221; phone_text_alignment=&#8221;default&#8221; column_border_width=&#8221;none&#8221; column_border_style=&#8221;solid&#8221;][vc_column_text]<a class=\"nectar-button large accent-color has-icon regular-button\"  href=\"\/es\/formacion\/\" data-color-override=\"false\" data-hover-color-override=\"false\" data-hover-text-color-override=\"#FFF6EE\"><span>Programa Profesional<\/span><i class=\"icon-button-arrow\"><\/i><\/a>[\/vc_column_text][\/vc_column][vc_column centered_text=&#8221;true&#8221; column_padding=&#8221;padding-7-percent&#8221; column_padding_position=&#8221;bottom&#8221; background_color=&#8221;#000000&#8243; background_color_opacity=&#8221;1&#8243; background_hover_color_opacity=&#8221;1&#8243; column_shadow=&#8221;none&#8221; column_border_radius=&#8221;none&#8221; width=&#8221;1\/4&#8243; tablet_text_alignment=&#8221;default&#8221; phone_text_alignment=&#8221;default&#8221; column_border_width=&#8221;none&#8221; column_border_style=&#8221;solid&#8221;][vc_column_text]<a class=\"nectar-button large accent-color has-icon regular-button\"  href=\"https:\/\/olivier-bajard.com\/es\/talleres-aficionados\/\" data-color-override=\"false\" data-hover-color-override=\"false\" data-hover-text-color-override=\"#FFF6EE\"><span>Talleres de aficionados<\/span><i class=\"icon-button-arrow\"><\/i><\/a>[\/vc_column_text][\/vc_column][vc_column centered_text=&#8221;true&#8221; column_padding=&#8221;padding-7-percent&#8221; column_padding_position=&#8221;bottom&#8221; background_color=&#8221;#0a0a0a&#8221; background_color_opacity=&#8221;1&#8243; background_hover_color_opacity=&#8221;1&#8243; column_shadow=&#8221;none&#8221; column_border_radius=&#8221;none&#8221; width=&#8221;1\/4&#8243; tablet_text_alignment=&#8221;default&#8221; phone_text_alignment=&#8221;default&#8221; column_border_width=&#8221;none&#8221; column_border_style=&#8221;solid&#8221;][vc_column_text]<a class=\"nectar-button large accent-color has-icon regular-button\"  href=\"https:\/\/olivier-bajard.com\/es\/categorie-produit\/talleres-es\/\" data-color-override=\"false\" data-hover-color-override=\"false\" data-hover-text-color-override=\"#FFF6EE\"><span>Regalar un bonna de taller<\/span><i class=\"icon-button-arrow\"><\/i><\/a>[\/vc_column_text][\/vc_column][\/full_width_section]\n","protected":false},"excerpt":{"rendered":"<p>[full_width_section type=&#8221;full_width_content&#8221; vertically_center_columns=&#8221;true&#8221; image_url=&#8221;1339&#8243; bg_pos=&#8221;Center Center&#8221; background_color=&#8221;#000000&#8243; text_color=&#8221;light&#8221; top_padding=&#8221;0&#8243; bottom_padding=&#8221;0&#8243;][vc_column centered_text=&#8221;true&#8221; column_padding=&#8221;padding-3-percent&#8221; column_padding_position=&#8221;top&#8221; background_color=&#8221;#000000&#8243; background_color_opacity=&#8221;1&#8243; background_hover_color_opacity=&#8221;1&#8243; font_color=&#8221;#ffffff&#8221; column_shadow=&#8221;none&#8221; column_border_radius=&#8221;none&#8221; width=&#8221;1\/1&#8243; tablet_text_alignment=&#8221;default&#8221; phone_text_alignment=&#8221;default&#8221; column_border_width=&#8221;none&#8221; column_border_style=&#8221;solid&#8221;][vc_column_text][\/vc_column_text][\/vc_column][\/full_width_section][vc_row type=&#8221;full_width_content&#8221; full_screen_row_position=&#8221;middle&#8221; vertically_center_columns=&#8221;true&#8221; scene_position=&#8221;center&#8221; text_color=&#8221;dark&#8221; text_align=&#8221;left&#8221;&#8230;<\/p>\n","protected":false},"author":6,"featured_media":0,"parent":0,"menu_order":163,"comment_status":"open","ping_status":"open","template":"","meta":{"footnotes":""},"class_list":["post-19162","page","type-page","status-publish"],"aioseo_notices":[],"yoast_head":"<!-- This site is optimized with the Yoast SEO plugin v25.1 - https:\/\/yoast.com\/wordpress\/plugins\/seo\/ -->\n<title>Presentaci\u00f3n - La Escuela Internacional de Paster\u00eda Olivier Bajard<\/title>\n<meta name=\"description\" content=\"Descubra una escuela \u00fanica en el mundo con un concepto de formaci\u00f3n profesional original y completo, adaptado a la realidad de una empresa.\" \/>\n<meta name=\"robots\" content=\"index, follow, max-snippet:-1, max-image-preview:large, max-video-preview:-1\" \/>\n<link rel=\"canonical\" href=\"https:\/\/olivier-bajard.com\/es\/presentacion\/\" \/>\n<meta property=\"og:locale\" content=\"es_ES\" \/>\n<meta property=\"og:type\" content=\"article\" \/>\n<meta property=\"og:title\" content=\"Presentaci\u00f3n - La Escuela Internacional de Paster\u00eda Olivier Bajard\" \/>\n<meta property=\"og:description\" content=\"Descubra una escuela \u00fanica en el mundo con un concepto de formaci\u00f3n profesional original y completo, adaptado a la realidad de una empresa.\" \/>\n<meta property=\"og:url\" content=\"https:\/\/olivier-bajard.com\/es\/presentacion\/\" \/>\n<meta property=\"og:site_name\" content=\"Olivier Bajard\" \/>\n<meta property=\"article:modified_time\" content=\"2022-07-06T15:46:33+00:00\" \/>\n<meta name=\"twitter:label1\" content=\"Tiempo de lectura\" \/>\n\t<meta name=\"twitter:data1\" content=\"2 minutos\" \/>\n<script type=\"application\/ld+json\" class=\"yoast-schema-graph\">{\"@context\":\"https:\/\/schema.org\",\"@graph\":[{\"@type\":\"WebPage\",\"@id\":\"https:\/\/olivier-bajard.com\/es\/presentacion\/\",\"url\":\"https:\/\/olivier-bajard.com\/es\/presentacion\/\",\"name\":\"Presentaci\u00f3n - La Escuela Internacional de Paster\u00eda Olivier Bajard\",\"isPartOf\":{\"@id\":\"https:\/\/olivier-bajard.com\/#website\"},\"datePublished\":\"2022-03-23T10:46:44+00:00\",\"dateModified\":\"2022-07-06T15:46:33+00:00\",\"description\":\"Descubra una escuela \u00fanica en el mundo con un concepto de formaci\u00f3n profesional original y completo, adaptado a la realidad de una empresa.\",\"breadcrumb\":{\"@id\":\"https:\/\/olivier-bajard.com\/es\/presentacion\/#breadcrumb\"},\"inLanguage\":\"es\",\"potentialAction\":[{\"@type\":\"ReadAction\",\"target\":[\"https:\/\/olivier-bajard.com\/es\/presentacion\/\"]}]},{\"@type\":\"BreadcrumbList\",\"@id\":\"https:\/\/olivier-bajard.com\/es\/presentacion\/#breadcrumb\",\"itemListElement\":[{\"@type\":\"ListItem\",\"position\":1,\"name\":\"Accueil\",\"item\":\"https:\/\/olivier-bajard.com\/es\/\"},{\"@type\":\"ListItem\",\"position\":2,\"name\":\"Presentaci\u00f3n\"}]},{\"@type\":\"WebSite\",\"@id\":\"https:\/\/olivier-bajard.com\/#website\",\"url\":\"https:\/\/olivier-bajard.com\/\",\"name\":\"Olivier Bajard\",\"description\":\"Meilleur Ouvrier de France de P\u00e2tisserie\",\"publisher\":{\"@id\":\"https:\/\/olivier-bajard.com\/#organization\"},\"potentialAction\":[{\"@type\":\"SearchAction\",\"target\":{\"@type\":\"EntryPoint\",\"urlTemplate\":\"https:\/\/olivier-bajard.com\/?s={search_term_string}\"},\"query-input\":{\"@type\":\"PropertyValueSpecification\",\"valueRequired\":true,\"valueName\":\"search_term_string\"}}],\"inLanguage\":\"es\"},{\"@type\":\"Organization\",\"@id\":\"https:\/\/olivier-bajard.com\/#organization\",\"name\":\"pcbo sarl\",\"url\":\"https:\/\/olivier-bajard.com\/\",\"logo\":{\"@type\":\"ImageObject\",\"inLanguage\":\"es\",\"@id\":\"https:\/\/olivier-bajard.com\/#\/schema\/logo\/image\/\",\"url\":\"https:\/\/olivier-bajard.com\/wp-content\/uploads\/CarreNB-original-1.5CM.jpg\",\"contentUrl\":\"https:\/\/olivier-bajard.com\/wp-content\/uploads\/CarreNB-original-1.5CM.jpg\",\"width\":177,\"height\":177,\"caption\":\"pcbo sarl\"},\"image\":{\"@id\":\"https:\/\/olivier-bajard.com\/#\/schema\/logo\/image\/\"}}]}<\/script>\n<!-- \/ Yoast SEO plugin. -->","yoast_head_json":{"title":"Presentaci\u00f3n - La Escuela Internacional de Paster\u00eda Olivier Bajard","description":"Descubra una escuela \u00fanica en el mundo con un concepto de formaci\u00f3n profesional original y completo, adaptado a la realidad de una empresa.","robots":{"index":"index","follow":"follow","max-snippet":"max-snippet:-1","max-image-preview":"max-image-preview:large","max-video-preview":"max-video-preview:-1"},"canonical":"https:\/\/olivier-bajard.com\/es\/presentacion\/","og_locale":"es_ES","og_type":"article","og_title":"Presentaci\u00f3n - La Escuela Internacional de Paster\u00eda Olivier Bajard","og_description":"Descubra una escuela \u00fanica en el mundo con un concepto de formaci\u00f3n profesional original y completo, adaptado a la realidad de una empresa.","og_url":"https:\/\/olivier-bajard.com\/es\/presentacion\/","og_site_name":"Olivier Bajard","article_modified_time":"2022-07-06T15:46:33+00:00","twitter_misc":{"Tiempo de lectura":"2 minutos"},"schema":{"@context":"https:\/\/schema.org","@graph":[{"@type":"WebPage","@id":"https:\/\/olivier-bajard.com\/es\/presentacion\/","url":"https:\/\/olivier-bajard.com\/es\/presentacion\/","name":"Presentaci\u00f3n - La Escuela Internacional de Paster\u00eda Olivier Bajard","isPartOf":{"@id":"https:\/\/olivier-bajard.com\/#website"},"datePublished":"2022-03-23T10:46:44+00:00","dateModified":"2022-07-06T15:46:33+00:00","description":"Descubra una escuela \u00fanica en el mundo con un concepto de formaci\u00f3n profesional original y completo, adaptado a la realidad de una empresa.","breadcrumb":{"@id":"https:\/\/olivier-bajard.com\/es\/presentacion\/#breadcrumb"},"inLanguage":"es","potentialAction":[{"@type":"ReadAction","target":["https:\/\/olivier-bajard.com\/es\/presentacion\/"]}]},{"@type":"BreadcrumbList","@id":"https:\/\/olivier-bajard.com\/es\/presentacion\/#breadcrumb","itemListElement":[{"@type":"ListItem","position":1,"name":"Accueil","item":"https:\/\/olivier-bajard.com\/es\/"},{"@type":"ListItem","position":2,"name":"Presentaci\u00f3n"}]},{"@type":"WebSite","@id":"https:\/\/olivier-bajard.com\/#website","url":"https:\/\/olivier-bajard.com\/","name":"Olivier Bajard","description":"Meilleur Ouvrier de France de P\u00e2tisserie","publisher":{"@id":"https:\/\/olivier-bajard.com\/#organization"},"potentialAction":[{"@type":"SearchAction","target":{"@type":"EntryPoint","urlTemplate":"https:\/\/olivier-bajard.com\/?s={search_term_string}"},"query-input":{"@type":"PropertyValueSpecification","valueRequired":true,"valueName":"search_term_string"}}],"inLanguage":"es"},{"@type":"Organization","@id":"https:\/\/olivier-bajard.com\/#organization","name":"pcbo sarl","url":"https:\/\/olivier-bajard.com\/","logo":{"@type":"ImageObject","inLanguage":"es","@id":"https:\/\/olivier-bajard.com\/#\/schema\/logo\/image\/","url":"https:\/\/olivier-bajard.com\/wp-content\/uploads\/CarreNB-original-1.5CM.jpg","contentUrl":"https:\/\/olivier-bajard.com\/wp-content\/uploads\/CarreNB-original-1.5CM.jpg","width":177,"height":177,"caption":"pcbo sarl"},"image":{"@id":"https:\/\/olivier-bajard.com\/#\/schema\/logo\/image\/"}}]}},"_links":{"self":[{"href":"https:\/\/olivier-bajard.com\/es\/wp-json\/wp\/v2\/pages\/19162","targetHints":{"allow":["GET"]}}],"collection":[{"href":"https:\/\/olivier-bajard.com\/es\/wp-json\/wp\/v2\/pages"}],"about":[{"href":"https:\/\/olivier-bajard.com\/es\/wp-json\/wp\/v2\/types\/page"}],"author":[{"embeddable":true,"href":"https:\/\/olivier-bajard.com\/es\/wp-json\/wp\/v2\/users\/6"}],"replies":[{"embeddable":true,"href":"https:\/\/olivier-bajard.com\/es\/wp-json\/wp\/v2\/comments?post=19162"}],"version-history":[{"count":0,"href":"https:\/\/olivier-bajard.com\/es\/wp-json\/wp\/v2\/pages\/19162\/revisions"}],"wp:attachment":[{"href":"https:\/\/olivier-bajard.com\/es\/wp-json\/wp\/v2\/media?parent=19162"}],"curies":[{"name":"wp","href":"https:\/\/api.w.org\/{rel}","templated":true}]}}