{"id":19222,"date":"2022-03-30T10:09:59","date_gmt":"2022-03-30T09:09:59","guid":{"rendered":"https:\/\/olivier-bajard.com\/?page_id=19222"},"modified":"2022-06-28T16:14:43","modified_gmt":"2022-06-28T15:14:43","slug":"informacion-practica","status":"publish","type":"page","link":"https:\/\/olivier-bajard.com\/es\/informacion-practica\/","title":{"rendered":"Informaci\u00f3n pr\u00e1ctica"},"content":{"rendered":"[full_width_section type=&#8221;full_width_content&#8221; vertically_center_columns=&#8221;true&#8221; image_url=&#8221;1339&#8243; bg_pos=&#8221;Center Center&#8221; background_color=&#8221;#000000&#8243; text_color=&#8221;light&#8221; top_padding=&#8221;0&#8243; bottom_padding=&#8221;0&#8243;][vc_column centered_text=&#8221;true&#8221; column_padding=&#8221;padding-3-percent&#8221; column_padding_position=&#8221;top&#8221; background_color=&#8221;#000000&#8243; background_color_opacity=&#8221;1&#8243; background_hover_color_opacity=&#8221;1&#8243; font_color=&#8221;#ffffff&#8221; column_shadow=&#8221;none&#8221; column_border_radius=&#8221;none&#8221; width=&#8221;1\/1&#8243; tablet_text_alignment=&#8221;default&#8221; phone_text_alignment=&#8221;default&#8221; column_border_width=&#8221;none&#8221; column_border_style=&#8221;solid&#8221;][vc_column_text][\/vc_column_text][\/vc_column][\/full_width_section][vc_row type=&#8221;full_width_content&#8221; full_screen_row_position=&#8221;middle&#8221; bg_color=&#8221;#000000&#8243; scene_position=&#8221;center&#8221; text_color=&#8221;light&#8221; text_align=&#8221;left&#8221; overlay_strength=&#8221;0.3&#8243; shape_divider_position=&#8221;bottom&#8221; shape_type=&#8221;&#8221;][vc_column column_padding=&#8221;no-extra-padding&#8221; column_padding_position=&#8221;all&#8221; background_color_opacity=&#8221;1&#8243; background_hover_color_opacity=&#8221;1&#8243; column_shadow=&#8221;none&#8221; column_border_radius=&#8221;none&#8221; width=&#8221;1\/1&#8243; tablet_text_alignment=&#8221;default&#8221; phone_text_alignment=&#8221;default&#8221; column_border_width=&#8221;none&#8221; column_border_style=&#8221;solid&#8221;]\n    <div class=\"col span_12 section-title text-align-center extra-padding\">\n\t\t<h2>\n<h1 style=\"text-align: center;\">Informaci\u00f3n pr\u00e1ctica<\/h1>\n<\/h2><\/div><div class=\"clear\"><\/div>[\/vc_column][\/vc_row][vc_row type=&#8221;full_width_content&#8221; full_screen_row_position=&#8221;middle&#8221; vertically_center_columns=&#8221;true&#8221; scene_position=&#8221;center&#8221; text_color=&#8221;dark&#8221; text_align=&#8221;left&#8221; overlay_strength=&#8221;0.3&#8243; shape_divider_position=&#8221;bottom&#8221;][vc_column centered_text=&#8221;true&#8221; column_padding=&#8221;no-extra-padding&#8221; column_padding_position=&#8221;all&#8221; background_color=&#8221;#000000&#8243; background_color_opacity=&#8221;1&#8243; background_hover_color_opacity=&#8221;1&#8243; column_shadow=&#8221;none&#8221; column_border_radius=&#8221;none&#8221; width=&#8221;1\/2&#8243; tablet_text_alignment=&#8221;default&#8221; phone_text_alignment=&#8221;default&#8221; column_border_width=&#8221;none&#8221; column_border_style=&#8221;solid&#8221;]<div class=\"img-with-aniamtion-wrap center\" data-max-width=\"100%\" data-border-radius=\"none\"><div class=\"inner\"><img loading=\"lazy\" decoding=\"async\" data-shadow=\"none\" data-shadow-direction=\"middle\" class=\"img-with-animation \" data-delay=\"0\" height=\"448\" width=\"778\" data-animation=\"fade-in\" src=\"https:\/\/olivier-bajard.com\/wp-content\/uploads\/formation.png\" srcset=\"https:\/\/olivier-bajard.com\/wp-content\/uploads\/formation.png 778w, https:\/\/olivier-bajard.com\/wp-content\/uploads\/formation-300x173.png 300w, https:\/\/olivier-bajard.com\/wp-content\/uploads\/formation-768x442.png 768w, https:\/\/olivier-bajard.com\/wp-content\/uploads\/formation-250x144.png 250w, https:\/\/olivier-bajard.com\/wp-content\/uploads\/formation-550x317.png 550w, https:\/\/olivier-bajard.com\/wp-content\/uploads\/formation-313x180.png 313w, https:\/\/olivier-bajard.com\/wp-content\/uploads\/formation-521x300.png 521w, https:\/\/olivier-bajard.com\/wp-content\/uploads\/formation-600x346.png 600w\" sizes=\"auto, 100vw\" alt=\"\" \/><\/div><\/div>[\/vc_column][vc_column centered_text=&#8221;true&#8221; column_padding=&#8221;padding-6-percent&#8221; column_padding_position=&#8221;all&#8221; background_color=&#8221;#ffffff&#8221; background_color_opacity=&#8221;1&#8243; background_hover_color_opacity=&#8221;1&#8243; font_color=&#8221;#000000&#8243; column_shadow=&#8221;none&#8221; column_border_radius=&#8221;none&#8221; width=&#8221;1\/2&#8243; tablet_text_alignment=&#8221;default&#8221; phone_text_alignment=&#8221;default&#8221; column_border_width=&#8221;none&#8221; column_border_style=&#8221;solid&#8221;][vc_column_text]\n<h2 style=\"text-align: center;\"><span style=\"font-size: 150%;\">Formaci\u00f3n<\/span><\/h2>\n<p style=\"text-align: center;\">Descubra todo lo que necesita saber sobre <strong>nuestros cursos de formaci\u00f3n<\/strong>.<\/p>\n<p class=\"homeh2 ob_home_block_title\" style=\"text-align: center;\"><a class=\"nectar-button large accent-color has-icon regular-button\"  href=\"https:\/\/olivier-bajard.com\/es\/informacion-formacion\/\" data-color-override=\"false\" data-hover-color-override=\"false\" data-hover-text-color-override=\"#fff\"><span>M\u00e1s informaci\u00f3n<\/span><i class=\"icon-button-arrow\"><\/i><\/a>\n[\/vc_column_text][\/vc_column][\/vc_row][vc_row type=&#8221;full_width_content&#8221; full_screen_row_position=&#8221;middle&#8221; equal_height=&#8221;yes&#8221; content_placement=&#8221;middle&#8221; vertically_center_columns=&#8221;true&#8221; scene_position=&#8221;center&#8221; text_color=&#8221;dark&#8221; text_align=&#8221;left&#8221; top_padding=&#8221;0&#8243; bottom_padding=&#8221;0&#8243; overlay_strength=&#8221;0.3&#8243; shape_divider_position=&#8221;bottom&#8221; shape_type=&#8221;&#8221;][vc_column centered_text=&#8221;true&#8221; column_padding=&#8221;padding-6-percent&#8221; column_padding_position=&#8221;all&#8221; background_color=&#8221;#ffffff&#8221; background_color_opacity=&#8221;1&#8243; background_hover_color_opacity=&#8221;1&#8243; font_color=&#8221;#000000&#8243; column_shadow=&#8221;none&#8221; column_border_radius=&#8221;none&#8221; width=&#8221;1\/2&#8243; tablet_text_alignment=&#8221;default&#8221; phone_text_alignment=&#8221;default&#8221; column_border_width=&#8221;none&#8221; column_border_style=&#8221;solid&#8221;][vc_column_text]\n<h2 style=\"text-align: center;\"><span style=\"font-size: 150%;\">Registro<\/span><\/h2>\n<p style=\"text-align: center;\">Inf\u00f3rmese sobre las <strong>condiciones de inscripci\u00f3n y las ayudas<\/strong> que puede recibir.<\/p>\n<p style=\"text-align: center;\"><a class=\"nectar-button large accent-color has-icon regular-button\"  href=\"https:\/\/olivier-bajard.com\/es\/informacion-inscripcion\/\" data-color-override=\"false\" data-hover-color-override=\"false\" data-hover-text-color-override=\"#fff\"><span>Inf\u00f3rmate<\/span><i class=\"icon-button-arrow\"><\/i><\/a>\n[\/vc_column_text][\/vc_column][vc_column column_padding=&#8221;no-extra-padding&#8221; column_padding_position=&#8221;all&#8221; background_color_opacity=&#8221;1&#8243; background_hover_color_opacity=&#8221;1&#8243; background_image=&#8221;5457&#8243; column_shadow=&#8221;none&#8221; column_border_radius=&#8221;none&#8221; width=&#8221;1\/2&#8243; tablet_text_alignment=&#8221;default&#8221; phone_text_alignment=&#8221;default&#8221; column_border_width=&#8221;none&#8221; column_border_style=&#8221;solid&#8221; offset=&#8221;vc_hidden-xs&#8221;][\/vc_column][\/vc_row][vc_row type=&#8221;full_width_content&#8221; full_screen_row_position=&#8221;middle&#8221; equal_height=&#8221;yes&#8221; content_placement=&#8221;middle&#8221; vertically_center_columns=&#8221;true&#8221; scene_position=&#8221;center&#8221; text_color=&#8221;dark&#8221; text_align=&#8221;center&#8221; overlay_strength=&#8221;0.3&#8243; shape_divider_position=&#8221;bottom&#8221; shape_type=&#8221;&#8221;][vc_column column_padding=&#8221;no-extra-padding&#8221; column_padding_position=&#8221;all&#8221; background_color=&#8221;#ffffff&#8221; background_color_opacity=&#8221;1&#8243; background_hover_color_opacity=&#8221;1&#8243; column_shadow=&#8221;none&#8221; column_border_radius=&#8221;none&#8221; width=&#8221;1\/2&#8243; tablet_text_alignment=&#8221;default&#8221; phone_text_alignment=&#8221;default&#8221; column_border_width=&#8221;none&#8221; column_border_style=&#8221;solid&#8221; offset=&#8221;vc_hidden-xs&#8221;]<div class=\"img-with-aniamtion-wrap center\" data-max-width=\"100%\" data-border-radius=\"none\"><div class=\"inner\"><img loading=\"lazy\" decoding=\"async\" data-shadow=\"none\" data-shadow-direction=\"middle\" class=\"img-with-animation \" data-delay=\"0\" height=\"100\" width=\"100\" data-animation=\"fade-in\" src=\"\"  alt=\"\" \/><\/div><\/div>[\/vc_column][vc_column column_padding=&#8221;padding-6-percent&#8221; column_padding_position=&#8221;all&#8221; background_color=&#8221;#ffffff&#8221; background_color_opacity=&#8221;1&#8243; background_hover_color_opacity=&#8221;1&#8243; font_color=&#8221;#000000&#8243; column_shadow=&#8221;none&#8221; column_border_radius=&#8221;none&#8221; width=&#8221;1\/2&#8243; tablet_text_alignment=&#8221;default&#8221; phone_text_alignment=&#8221;default&#8221; column_border_width=&#8221;none&#8221; column_border_style=&#8221;solid&#8221;][vc_column_text]\n<h2 style=\"text-align: center;\"><span style=\"font-size: 150%;\">La estancia<\/span><\/h2>\n<p style=\"text-align: center;\">Organice su estancia con nosotros, encuentre su<strong> alojamiento<\/strong> y obtenga su <strong>visado<\/strong> si es necesario.<\/p>\n<p class=\"homeh2 ob_home_block_title\" style=\"text-align: center;\"><a class=\"nectar-button large accent-color has-icon regular-button\"  href=\"https:\/\/olivier-bajard.com\/es\/estancia\/\" data-color-override=\"false\" data-hover-color-override=\"false\" data-hover-text-color-override=\"#fff\"><span>Organizarse<\/span><i class=\"icon-button-arrow\"><\/i><\/a>\n[\/vc_column_text][\/vc_column][\/vc_row][vc_row type=&#8221;full_width_background&#8221; full_screen_row_position=&#8221;middle&#8221; bg_color=&#8221;#000000&#8243; scene_position=&#8221;center&#8221; text_color=&#8221;dark&#8221; text_align=&#8221;left&#8221; overlay_strength=&#8221;0.3&#8243; shape_divider_position=&#8221;bottom&#8221; shape_type=&#8221;&#8221;][vc_column column_padding=&#8221;no-extra-padding&#8221; column_padding_position=&#8221;all&#8221; background_color=&#8221;#000000&#8243; background_color_opacity=&#8221;1&#8243; background_hover_color_opacity=&#8221;1&#8243; column_shadow=&#8221;none&#8221; column_border_radius=&#8221;none&#8221; width=&#8221;1\/1&#8243; tablet_text_alignment=&#8221;default&#8221; phone_text_alignment=&#8221;default&#8221; column_border_width=&#8221;none&#8221; column_border_style=&#8221;solid&#8221;]<div class=\"divider-wrap\"><div style=\"height: 10px;\" class=\"divider\"><\/div><\/div>[\/vc_column][\/vc_row][full_width_section type=&#8221;full_width_content&#8221; vertically_center_columns=&#8221;true&#8221; image_url=&#8221;1339&#8243; bg_pos=&#8221;Center Center&#8221; background_color=&#8221;#000000&#8243; text_color=&#8221;light&#8221; top_padding=&#8221;0&#8243; bottom_padding=&#8221;0&#8243;][vc_column centered_text=&#8221;true&#8221; column_padding=&#8221;padding-7-percent&#8221; column_padding_position=&#8221;bottom&#8221; background_color=&#8221;#000000&#8243; background_color_opacity=&#8221;1&#8243; background_hover_color_opacity=&#8221;1&#8243; column_shadow=&#8221;none&#8221; column_border_radius=&#8221;none&#8221; width=&#8221;1\/4&#8243; tablet_text_alignment=&#8221;default&#8221; phone_text_alignment=&#8221;default&#8221; column_border_width=&#8221;none&#8221; column_border_style=&#8221;solid&#8221;][vc_column_text]<a class=\"nectar-button large accent-color has-icon regular-button\"  href=\"https:\/\/olivier-bajard.com\/es\/formacion-profesional\/\" data-color-override=\"false\" data-hover-color-override=\"false\" data-hover-text-color-override=\"#FFF6EE\"><span>Formaci\u00f3n Profesional<\/span><i class=\"icon-button-arrow\"><\/i><\/a>[\/vc_column_text][\/vc_column][vc_column centered_text=&#8221;true&#8221; column_padding=&#8221;padding-7-percent&#8221; column_padding_position=&#8221;bottom&#8221; background_color=&#8221;#000000&#8243; background_color_opacity=&#8221;1&#8243; background_hover_color_opacity=&#8221;1&#8243; column_shadow=&#8221;none&#8221; column_border_radius=&#8221;none&#8221; width=&#8221;1\/4&#8243; tablet_text_alignment=&#8221;default&#8221; phone_text_alignment=&#8221;default&#8221; column_border_width=&#8221;none&#8221; column_border_style=&#8221;solid&#8221;][vc_column_text]<a class=\"nectar-button large accent-color has-icon regular-button\"  href=\"https:\/\/olivier-bajard.com\/es\/formacion\/\" data-color-override=\"false\" data-hover-color-override=\"false\" data-hover-text-color-override=\"#FFF6EE\"><span>Programa Profesional<\/span><i class=\"icon-button-arrow\"><\/i><\/a>[\/vc_column_text][\/vc_column][vc_column centered_text=&#8221;true&#8221; column_padding=&#8221;padding-7-percent&#8221; column_padding_position=&#8221;bottom&#8221; background_color=&#8221;#000000&#8243; background_color_opacity=&#8221;1&#8243; background_hover_color_opacity=&#8221;1&#8243; column_shadow=&#8221;none&#8221; column_border_radius=&#8221;none&#8221; width=&#8221;1\/4&#8243; tablet_text_alignment=&#8221;default&#8221; phone_text_alignment=&#8221;default&#8221; column_border_width=&#8221;none&#8221; column_border_style=&#8221;solid&#8221;][vc_column_text]<a class=\"nectar-button large accent-color has-icon regular-button\"  href=\"https:\/\/olivier-bajard.com\/wp-content\/uploads\/Dossier-dinscription-2022-Esp..pdf\" data-color-override=\"false\" data-hover-color-override=\"false\" data-hover-text-color-override=\"#FFF6EE\"><span>Descargar el archivo de registro<\/span><i class=\"icon-button-arrow\"><\/i><\/a>[\/vc_column_text][\/vc_column][vc_column centered_text=&#8221;true&#8221; column_padding=&#8221;padding-7-percent&#8221; column_padding_position=&#8221;bottom&#8221; background_color=&#8221;#0a0a0a&#8221; background_color_opacity=&#8221;1&#8243; background_hover_color_opacity=&#8221;1&#8243; column_shadow=&#8221;none&#8221; column_border_radius=&#8221;none&#8221; width=&#8221;1\/4&#8243; tablet_text_alignment=&#8221;default&#8221; phone_text_alignment=&#8221;default&#8221; column_border_width=&#8221;none&#8221; column_border_style=&#8221;solid&#8221;][vc_column_text]<a class=\"nectar-button large accent-color has-icon regular-button\"  href=\"https:\/\/olivier-bajard.com\/es\/contacto\/\" data-color-override=\"false\" data-hover-color-override=\"false\" data-hover-text-color-override=\"#FFF6EE\"><span>\u00bfNecesita informaci\u00f3n?<\/span><i class=\"icon-button-arrow\"><\/i><\/a>[\/vc_column_text][\/vc_column][\/full_width_section]\n","protected":false},"excerpt":{"rendered":"<p>[full_width_section type=&#8221;full_width_content&#8221; vertically_center_columns=&#8221;true&#8221; image_url=&#8221;1339&#8243; bg_pos=&#8221;Center Center&#8221; background_color=&#8221;#000000&#8243; text_color=&#8221;light&#8221; top_padding=&#8221;0&#8243; bottom_padding=&#8221;0&#8243;][vc_column centered_text=&#8221;true&#8221; column_padding=&#8221;padding-3-percent&#8221; column_padding_position=&#8221;top&#8221; background_color=&#8221;#000000&#8243; background_color_opacity=&#8221;1&#8243; background_hover_color_opacity=&#8221;1&#8243; font_color=&#8221;#ffffff&#8221; column_shadow=&#8221;none&#8221; column_border_radius=&#8221;none&#8221; width=&#8221;1\/1&#8243; tablet_text_alignment=&#8221;default&#8221; phone_text_alignment=&#8221;default&#8221; column_border_width=&#8221;none&#8221; column_border_style=&#8221;solid&#8221;][vc_column_text][\/vc_column_text][\/vc_column][\/full_width_section][vc_row type=&#8221;full_width_content&#8221; full_screen_row_position=&#8221;middle&#8221; bg_color=&#8221;#000000&#8243; scene_position=&#8221;center&#8221; text_color=&#8221;light&#8221; text_align=&#8221;left&#8221;&#8230;<\/p>\n","protected":false},"author":6,"featured_media":0,"parent":0,"menu_order":163,"comment_status":"open","ping_status":"open","template":"","meta":{"footnotes":""},"class_list":["post-19222","page","type-page","status-publish"],"aioseo_notices":[],"yoast_head":"<!-- This site is optimized with the Yoast SEO plugin v25.1 - https:\/\/yoast.com\/wordpress\/plugins\/seo\/ -->\n<title>Informaci\u00f3n pr\u00e1ctica - La Escuela Internacional de Pasteler\u00eda<\/title>\n<meta name=\"description\" content=\"Descubra una escuela \u00fanica en el mundo con un concepto de formaci\u00f3n profesional original y completo, adaptado a la realidad de una empresa.\" \/>\n<meta name=\"robots\" content=\"index, follow, max-snippet:-1, max-image-preview:large, max-video-preview:-1\" \/>\n<link rel=\"canonical\" href=\"https:\/\/olivier-bajard.com\/es\/informacion-practica\/\" \/>\n<meta property=\"og:locale\" content=\"es_ES\" \/>\n<meta property=\"og:type\" content=\"article\" \/>\n<meta property=\"og:title\" content=\"Informaci\u00f3n pr\u00e1ctica - La Escuela Internacional de Pasteler\u00eda\" \/>\n<meta property=\"og:description\" content=\"Descubra una escuela \u00fanica en el mundo con un concepto de formaci\u00f3n profesional original y completo, adaptado a la realidad de una empresa.\" \/>\n<meta property=\"og:url\" content=\"https:\/\/olivier-bajard.com\/es\/informacion-practica\/\" \/>\n<meta property=\"og:site_name\" content=\"Olivier Bajard\" \/>\n<meta property=\"article:modified_time\" content=\"2022-06-28T15:14:43+00:00\" \/>\n<meta name=\"twitter:label1\" content=\"Tiempo de lectura\" \/>\n\t<meta name=\"twitter:data1\" content=\"2 minutos\" \/>\n<script type=\"application\/ld+json\" class=\"yoast-schema-graph\">{\"@context\":\"https:\/\/schema.org\",\"@graph\":[{\"@type\":\"WebPage\",\"@id\":\"https:\/\/olivier-bajard.com\/es\/informacion-practica\/\",\"url\":\"https:\/\/olivier-bajard.com\/es\/informacion-practica\/\",\"name\":\"Informaci\u00f3n pr\u00e1ctica - La Escuela Internacional de Pasteler\u00eda\",\"isPartOf\":{\"@id\":\"https:\/\/olivier-bajard.com\/#website\"},\"datePublished\":\"2022-03-30T09:09:59+00:00\",\"dateModified\":\"2022-06-28T15:14:43+00:00\",\"description\":\"Descubra una escuela \u00fanica en el mundo con un concepto de formaci\u00f3n profesional original y completo, adaptado a la realidad de una empresa.\",\"breadcrumb\":{\"@id\":\"https:\/\/olivier-bajard.com\/es\/informacion-practica\/#breadcrumb\"},\"inLanguage\":\"es\",\"potentialAction\":[{\"@type\":\"ReadAction\",\"target\":[\"https:\/\/olivier-bajard.com\/es\/informacion-practica\/\"]}]},{\"@type\":\"BreadcrumbList\",\"@id\":\"https:\/\/olivier-bajard.com\/es\/informacion-practica\/#breadcrumb\",\"itemListElement\":[{\"@type\":\"ListItem\",\"position\":1,\"name\":\"Accueil\",\"item\":\"https:\/\/olivier-bajard.com\/es\/\"},{\"@type\":\"ListItem\",\"position\":2,\"name\":\"Informaci\u00f3n pr\u00e1ctica\"}]},{\"@type\":\"WebSite\",\"@id\":\"https:\/\/olivier-bajard.com\/#website\",\"url\":\"https:\/\/olivier-bajard.com\/\",\"name\":\"Olivier Bajard\",\"description\":\"Meilleur Ouvrier de France de P\u00e2tisserie\",\"publisher\":{\"@id\":\"https:\/\/olivier-bajard.com\/#organization\"},\"potentialAction\":[{\"@type\":\"SearchAction\",\"target\":{\"@type\":\"EntryPoint\",\"urlTemplate\":\"https:\/\/olivier-bajard.com\/?s={search_term_string}\"},\"query-input\":{\"@type\":\"PropertyValueSpecification\",\"valueRequired\":true,\"valueName\":\"search_term_string\"}}],\"inLanguage\":\"es\"},{\"@type\":\"Organization\",\"@id\":\"https:\/\/olivier-bajard.com\/#organization\",\"name\":\"pcbo sarl\",\"url\":\"https:\/\/olivier-bajard.com\/\",\"logo\":{\"@type\":\"ImageObject\",\"inLanguage\":\"es\",\"@id\":\"https:\/\/olivier-bajard.com\/#\/schema\/logo\/image\/\",\"url\":\"https:\/\/olivier-bajard.com\/wp-content\/uploads\/CarreNB-original-1.5CM.jpg\",\"contentUrl\":\"https:\/\/olivier-bajard.com\/wp-content\/uploads\/CarreNB-original-1.5CM.jpg\",\"width\":177,\"height\":177,\"caption\":\"pcbo sarl\"},\"image\":{\"@id\":\"https:\/\/olivier-bajard.com\/#\/schema\/logo\/image\/\"}}]}<\/script>\n<!-- \/ Yoast SEO plugin. -->","yoast_head_json":{"title":"Informaci\u00f3n pr\u00e1ctica - La Escuela Internacional de Pasteler\u00eda","description":"Descubra una escuela \u00fanica en el mundo con un concepto de formaci\u00f3n profesional original y completo, adaptado a la realidad de una empresa.","robots":{"index":"index","follow":"follow","max-snippet":"max-snippet:-1","max-image-preview":"max-image-preview:large","max-video-preview":"max-video-preview:-1"},"canonical":"https:\/\/olivier-bajard.com\/es\/informacion-practica\/","og_locale":"es_ES","og_type":"article","og_title":"Informaci\u00f3n pr\u00e1ctica - La Escuela Internacional de Pasteler\u00eda","og_description":"Descubra una escuela \u00fanica en el mundo con un concepto de formaci\u00f3n profesional original y completo, adaptado a la realidad de una empresa.","og_url":"https:\/\/olivier-bajard.com\/es\/informacion-practica\/","og_site_name":"Olivier Bajard","article_modified_time":"2022-06-28T15:14:43+00:00","twitter_misc":{"Tiempo de lectura":"2 minutos"},"schema":{"@context":"https:\/\/schema.org","@graph":[{"@type":"WebPage","@id":"https:\/\/olivier-bajard.com\/es\/informacion-practica\/","url":"https:\/\/olivier-bajard.com\/es\/informacion-practica\/","name":"Informaci\u00f3n pr\u00e1ctica - La Escuela Internacional de Pasteler\u00eda","isPartOf":{"@id":"https:\/\/olivier-bajard.com\/#website"},"datePublished":"2022-03-30T09:09:59+00:00","dateModified":"2022-06-28T15:14:43+00:00","description":"Descubra una escuela \u00fanica en el mundo con un concepto de formaci\u00f3n profesional original y completo, adaptado a la realidad de una empresa.","breadcrumb":{"@id":"https:\/\/olivier-bajard.com\/es\/informacion-practica\/#breadcrumb"},"inLanguage":"es","potentialAction":[{"@type":"ReadAction","target":["https:\/\/olivier-bajard.com\/es\/informacion-practica\/"]}]},{"@type":"BreadcrumbList","@id":"https:\/\/olivier-bajard.com\/es\/informacion-practica\/#breadcrumb","itemListElement":[{"@type":"ListItem","position":1,"name":"Accueil","item":"https:\/\/olivier-bajard.com\/es\/"},{"@type":"ListItem","position":2,"name":"Informaci\u00f3n pr\u00e1ctica"}]},{"@type":"WebSite","@id":"https:\/\/olivier-bajard.com\/#website","url":"https:\/\/olivier-bajard.com\/","name":"Olivier Bajard","description":"Meilleur Ouvrier de France de P\u00e2tisserie","publisher":{"@id":"https:\/\/olivier-bajard.com\/#organization"},"potentialAction":[{"@type":"SearchAction","target":{"@type":"EntryPoint","urlTemplate":"https:\/\/olivier-bajard.com\/?s={search_term_string}"},"query-input":{"@type":"PropertyValueSpecification","valueRequired":true,"valueName":"search_term_string"}}],"inLanguage":"es"},{"@type":"Organization","@id":"https:\/\/olivier-bajard.com\/#organization","name":"pcbo sarl","url":"https:\/\/olivier-bajard.com\/","logo":{"@type":"ImageObject","inLanguage":"es","@id":"https:\/\/olivier-bajard.com\/#\/schema\/logo\/image\/","url":"https:\/\/olivier-bajard.com\/wp-content\/uploads\/CarreNB-original-1.5CM.jpg","contentUrl":"https:\/\/olivier-bajard.com\/wp-content\/uploads\/CarreNB-original-1.5CM.jpg","width":177,"height":177,"caption":"pcbo sarl"},"image":{"@id":"https:\/\/olivier-bajard.com\/#\/schema\/logo\/image\/"}}]}},"_links":{"self":[{"href":"https:\/\/olivier-bajard.com\/es\/wp-json\/wp\/v2\/pages\/19222","targetHints":{"allow":["GET"]}}],"collection":[{"href":"https:\/\/olivier-bajard.com\/es\/wp-json\/wp\/v2\/pages"}],"about":[{"href":"https:\/\/olivier-bajard.com\/es\/wp-json\/wp\/v2\/types\/page"}],"author":[{"embeddable":true,"href":"https:\/\/olivier-bajard.com\/es\/wp-json\/wp\/v2\/users\/6"}],"replies":[{"embeddable":true,"href":"https:\/\/olivier-bajard.com\/es\/wp-json\/wp\/v2\/comments?post=19222"}],"version-history":[{"count":0,"href":"https:\/\/olivier-bajard.com\/es\/wp-json\/wp\/v2\/pages\/19222\/revisions"}],"wp:attachment":[{"href":"https:\/\/olivier-bajard.com\/es\/wp-json\/wp\/v2\/media?parent=19222"}],"curies":[{"name":"wp","href":"https:\/\/api.w.org\/{rel}","templated":true}]}}