{"id":23897,"date":"2022-03-23T17:42:17","date_gmt":"2022-03-23T16:42:17","guid":{"rendered":"https:\/\/olivier-bajard.com\/?page_id=23897"},"modified":"2022-06-28T15:46:04","modified_gmt":"2022-06-28T14:46:04","slug":"loic-beziat","status":"publish","type":"page","link":"https:\/\/olivier-bajard.com\/es\/loic-beziat\/","title":{"rendered":"Lo\u00efc BEZIAT"},"content":{"rendered":"[vc_row type=&#8221;full_width_content&#8221; full_screen_row_position=&#8221;middle&#8221; bg_color=&#8221;#0a0a0a&#8221; scene_position=&#8221;center&#8221; text_color=&#8221;light&#8221; text_align=&#8221;center&#8221; top_padding=&#8221;30&#8243; bottom_padding=&#8221;30&#8243; overlay_strength=&#8221;0.3&#8243; shape_divider_position=&#8221;bottom&#8221; shape_type=&#8221;&#8221;][vc_column column_padding=&#8221;no-extra-padding&#8221; column_padding_position=&#8221;all&#8221; background_color=&#8221;#0a0a0a&#8221; background_color_opacity=&#8221;1&#8243; background_hover_color_opacity=&#8221;1&#8243; font_color=&#8221;#ffffff&#8221; column_shadow=&#8221;none&#8221; column_border_radius=&#8221;none&#8221; width=&#8221;1\/1&#8243; tablet_text_alignment=&#8221;default&#8221; phone_text_alignment=&#8221;default&#8221; column_border_width=&#8221;none&#8221; column_border_style=&#8221;solid&#8221;][vc_column_text]\n<h1 class=\"pages-formateurs-h1\">Lo\u00efc BEZIAT<\/h1>\n<h4>Campe\u00f3n Mundial de Artes Dulces<\/h4>\n[\/vc_column_text][\/vc_column][\/vc_row][vc_row type=&#8221;full_width_background&#8221; full_screen_row_position=&#8221;middle&#8221; equal_height=&#8221;yes&#8221; content_placement=&#8221;middle&#8221; bg_color=&#8221;#ffffff&#8221; scene_position=&#8221;center&#8221; text_color=&#8221;dark&#8221; text_align=&#8221;left&#8221; top_padding=&#8221;4%&#8221; overlay_strength=&#8221;0.3&#8243; shape_divider_position=&#8221;bottom&#8221; shape_type=&#8221;&#8221;][vc_column column_padding=&#8221;no-extra-padding&#8221; column_padding_position=&#8221;all&#8221; background_color_opacity=&#8221;1&#8243; background_hover_color_opacity=&#8221;1&#8243; column_shadow=&#8221;none&#8221; column_border_radius=&#8221;none&#8221; width=&#8221;1\/2&#8243; tablet_text_alignment=&#8221;default&#8221; phone_text_alignment=&#8221;default&#8221; column_border_width=&#8221;none&#8221; column_border_style=&#8221;solid&#8221;]<div class=\"img-with-aniamtion-wrap center\" data-max-width=\"100%\" data-border-radius=\"none\"><div class=\"inner\"><img loading=\"lazy\" decoding=\"async\" data-shadow=\"x_large_depth\" data-shadow-direction=\"middle\" class=\"img-with-animation \" data-delay=\"0\" height=\"669\" width=\"669\" data-animation=\"fade-in\" src=\"https:\/\/olivier-bajard.com\/wp-content\/uploads\/loic-beziat.png\" srcset=\"https:\/\/olivier-bajard.com\/wp-content\/uploads\/loic-beziat.png 669w, https:\/\/olivier-bajard.com\/wp-content\/uploads\/loic-beziat-300x300.png 300w, https:\/\/olivier-bajard.com\/wp-content\/uploads\/loic-beziat-150x150.png 150w, https:\/\/olivier-bajard.com\/wp-content\/uploads\/loic-beziat-100x100.png 100w, https:\/\/olivier-bajard.com\/wp-content\/uploads\/loic-beziat-140x140.png 140w, https:\/\/olivier-bajard.com\/wp-content\/uploads\/loic-beziat-500x500.png 500w, https:\/\/olivier-bajard.com\/wp-content\/uploads\/loic-beziat-350x350.png 350w, https:\/\/olivier-bajard.com\/wp-content\/uploads\/loic-beziat-48x48.png 48w, https:\/\/olivier-bajard.com\/wp-content\/uploads\/loic-beziat-250x250.png 250w, https:\/\/olivier-bajard.com\/wp-content\/uploads\/loic-beziat-550x550.png 550w, https:\/\/olivier-bajard.com\/wp-content\/uploads\/loic-beziat-180x180.png 180w, https:\/\/olivier-bajard.com\/wp-content\/uploads\/loic-beziat-600x600.png 600w\" sizes=\"auto, 100vw\" alt=\"\" \/><\/div><\/div>[\/vc_column][vc_column column_padding=&#8221;padding-6-percent&#8221; column_padding_position=&#8221;all&#8221; background_color_opacity=&#8221;1&#8243; background_hover_color_opacity=&#8221;1&#8243; column_shadow=&#8221;none&#8221; column_border_radius=&#8221;none&#8221; width=&#8221;1\/2&#8243; tablet_text_alignment=&#8221;default&#8221; phone_text_alignment=&#8221;default&#8221; column_border_width=&#8221;none&#8221; column_border_style=&#8221;solid&#8221;][nectar_animated_title heading_tag=&#8221;h5&#8243; style=&#8221;color-strip-reveal&#8221; color=&#8221;Accent-Color&#8221; text=&#8221;El Esp\u00edritu&#8221;][vc_column_text css=&#8221;.vc_custom_1648053953228{margin-top: 30px !important;margin-bottom: 30px !important;}&#8221;]\n<div class=\"wpb_text_column wpb_content_element vc_custom_1646478251277\">\n<div class=\"wpb_wrapper\">\n<p style=\"text-align: center;\"><strong>Un gusto compartido por la familia<\/strong><\/p>\n<p>La familia B\u00e9ziat y la panader\u00eda es una larga historia de amor. Los padres y los t\u00edos ya estaban en el negocio. Con la misma pasi\u00f3n, Lo\u00efc y su hermano gemelo C\u00e9dric tambi\u00e9n se iniciaron en la profesi\u00f3n. Lo\u00efc B\u00e9ziat se especializa en el campo de la pasteler\u00eda y gana varios t\u00edtulos como el de Mejor Aprendiz de Francia (2012) y el de Campe\u00f3n Mundial de Artes Dulces (2018).<br \/>\nEn 2018, Lo\u00efc y C\u00e9dric crearon su tienda &#8211; panader\u00eda, pasteler\u00eda, chocolater\u00eda y sal\u00f3n de t\u00e9 en Cahors. Complementarios, uno se encarga de la pasteler\u00eda y el otro de la panader\u00eda. Comparten una visi\u00f3n com\u00fan del negocio y un objetivo claro: satisfacer a sus clientes y crear placeres accesibles a todos en el d\u00eda a d\u00eda. Trabajan con materias primas de alta calidad. Los pasteles de Lo\u00efc son modernos, de textura ligera y con una dosis perfecta de az\u00facar. Los productos fabricados son racionales y se adaptan a los clientes. Al mantener esta autenticidad y los fundamentos de una panader\u00eda-pasteler\u00eda francesa, se distinguen claramente de sus competidores.<\/p>\n<p>&#8220;<em>Nos mantenemos fieles a nuestra l\u00ednea de conducta, permaneciendo apegados a los terru\u00f1os, a los gustos, elaborando siempre productos de calidad a un coste asequible.<\/em>&#8221; Lo\u00efc y C\u00e9dric B\u00e9ziat<\/p>\n<\/div>\n<\/div>\n[\/vc_column_text]<div class=\"divider-wrap\"><div style=\"height: 50px;\" class=\"divider\"><\/div><\/div>[vc_custom_heading text=&#8221;Siga al chef&#8221; font_container=&#8221;tag:h5|text_align:left|color:%23bfbfbf&#8221; use_theme_fonts=&#8221;yes&#8221; css=&#8221;.vc_custom_1648051644380{margin-bottom: 10px !important;}&#8221;][vc_row_inner column_margin=&#8221;default&#8221; text_align=&#8221;left&#8221;][vc_column_inner column_padding=&#8221;no-extra-padding&#8221; column_padding_position=&#8221;all&#8221; background_color_opacity=&#8221;1&#8243; background_hover_color_opacity=&#8221;1&#8243; column_shadow=&#8221;none&#8221; column_border_radius=&#8221;none&#8221; width=&#8221;1\/1&#8243; column_border_width=&#8221;none&#8221; column_border_style=&#8221;solid&#8221;]<div class=\"iwithtext\"><div class=\"iwt-icon\"> <i class=\"icon-default-style icon-map-marker accent-color\"><\/i> <\/div><div class=\"iwt-text\"> <strong>Panader\u00eda, Pasteler\u00eda, Chocolater\u00eda, Sal\u00f3n del T\u00e9, Catering en Cahors<\/strong> <\/div><div class=\"clear\"><\/div><\/div><div class=\"iwithtext\"><div class=\"iwt-icon\"> <i class=\"icon-default-style icon-instagram accent-color\"><\/i> <\/div><div class=\"iwt-text\"> <a href=\"https:\/\/www.instagram.com\/beziatfreres\/?hl=fr\">beziatfreres<\/a> <\/div><div class=\"clear\"><\/div><\/div><div class=\"iwithtext\"><div class=\"iwt-icon\"> <i class=\"icon-default-style icon-facebook-sign accent-color\"><\/i> <\/div><div class=\"iwt-text\"> <a href=\"https:\/\/www.facebook.com\/profile.php?id=100057269574284\">Beziat fr\u00e8res<\/a> <\/div><div class=\"clear\"><\/div><\/div><div class=\"iwithtext\"><div class=\"iwt-icon\"> <i class=\"icon-default-style icon-linkedin-sign accent-color\"><\/i> <\/div><div class=\"iwt-text\"> <a href=\"https:\/\/www.linkedin.com\/in\/loic-beziat-b27564119\/\">loic beziat<\/a> <\/div><div class=\"clear\"><\/div><\/div>[\/vc_column_inner][\/vc_row_inner][\/vc_column][\/vc_row][vc_row type=&#8221;full_width_background&#8221; full_screen_row_position=&#8221;middle&#8221; equal_height=&#8221;yes&#8221; content_placement=&#8221;middle&#8221; bg_image=&#8221;23698&#8243; bg_position=&#8221;center center&#8221; bg_repeat=&#8221;no-repeat&#8221; scene_position=&#8221;center&#8221; text_color=&#8221;light&#8221; text_align=&#8221;left&#8221; top_padding=&#8221;8%&#8221; bottom_padding=&#8221;8%&#8221; color_overlay=&#8221;rgba(0,0,0,0.8)&#8221; overlay_strength=&#8221;0.5&#8243; shape_divider_position=&#8221;bottom&#8221; shape_type=&#8221;&#8221;][vc_column column_padding=&#8221;no-extra-padding&#8221; column_padding_position=&#8221;all&#8221; background_color_opacity=&#8221;1&#8243; background_hover_color_opacity=&#8221;1&#8243; column_shadow=&#8221;none&#8221; column_border_radius=&#8221;none&#8221; width=&#8221;1\/1&#8243; tablet_text_alignment=&#8221;default&#8221; phone_text_alignment=&#8221;default&#8221; column_border_width=&#8221;none&#8221; column_border_style=&#8221;solid&#8221;][vc_row_inner column_margin=&#8221;default&#8221; text_align=&#8221;left&#8221;][vc_column_inner column_padding=&#8221;no-extra-padding&#8221; column_padding_position=&#8221;all&#8221; background_color_opacity=&#8221;1&#8243; background_hover_color_opacity=&#8221;1&#8243; column_shadow=&#8221;none&#8221; column_border_radius=&#8221;none&#8221; width=&#8221;1\/6&#8243; column_border_width=&#8221;none&#8221; column_border_style=&#8221;solid&#8221;][\/vc_column_inner][vc_column_inner column_padding=&#8221;padding-2-percent&#8221; column_padding_position=&#8221;left-right&#8221; centered_text=&#8221;true&#8221; background_color_opacity=&#8221;1&#8243; background_hover_color_opacity=&#8221;1&#8243; column_shadow=&#8221;none&#8221; column_border_radius=&#8221;none&#8221; width=&#8221;2\/3&#8243; column_border_width=&#8221;none&#8221; column_border_style=&#8221;solid&#8221;][vc_custom_heading text=&#8221;Formaci\u00f3n&#8221; font_container=&#8221;tag:p|text_align:center|color:rgba(255%2C255%2C255%2C0.7)&#8221; use_theme_fonts=&#8221;yes&#8221; css_animation=&#8221;fadeInUp&#8221; css=&#8221;.vc_custom_1648051725189{margin-top: 10px !important;margin-bottom: 10px !important;}&#8221;][vc_custom_heading text=&#8221;Colecci\u00f3n de firmas&#8221; font_container=&#8221;tag:h2|font_size:52|text_align:center|line_height:52px&#8221; use_theme_fonts=&#8221;yes&#8221; css_animation=&#8221;fadeInUp&#8221;]<div class=\"divider-wrap\"><div style=\"height: 10px;\" class=\"divider\"><\/div><\/div>[vc_custom_heading text=&#8221;D\u00e9jese inspirar por los aut\u00e9nticos y suculentos postres de este talentoso chef.&#8221; font_container=&#8221;tag:p|font_size:18|text_align:center|color:%23ffffff&#8221; use_theme_fonts=&#8221;yes&#8221; css_animation=&#8221;fadeInUp&#8221; css=&#8221;.vc_custom_1648054004843{margin-top: 10px !important;margin-bottom: 10px !important;}&#8221;][nectar_btn size=&#8221;large&#8221; button_style=&#8221;regular&#8221; button_color_2=&#8221;Extra-Color-2&#8243; icon_family=&#8221;default_arrow&#8221; text=&#8221;Registro&#8221; css_animation=&#8221;zoomIn&#8221; url=&#8221;https:\/\/olivier-bajard.com\/es\/portfolio\/formacion-postres-beziat\/&#8221;][\/vc_column_inner][vc_column_inner column_padding=&#8221;no-extra-padding&#8221; column_padding_position=&#8221;all&#8221; background_color_opacity=&#8221;1&#8243; background_hover_color_opacity=&#8221;1&#8243; column_shadow=&#8221;none&#8221; column_border_radius=&#8221;none&#8221; width=&#8221;1\/6&#8243; column_border_width=&#8221;none&#8221; column_border_style=&#8221;solid&#8221;][\/vc_column_inner][\/vc_row_inner][\/vc_column][\/vc_row][vc_row type=&#8221;full_width_content&#8221; full_screen_row_position=&#8221;middle&#8221; bg_color=&#8221;#ffffff&#8221; scene_position=&#8221;center&#8221; text_color=&#8221;dark&#8221; text_align=&#8221;center&#8221; top_padding=&#8221;30&#8243; bottom_padding=&#8221;30&#8243; overlay_strength=&#8221;0.3&#8243; shape_divider_position=&#8221;bottom&#8221; shape_type=&#8221;&#8221;][vc_column column_padding=&#8221;no-extra-padding&#8221; column_padding_position=&#8221;all&#8221; background_color=&#8221;#ffffff&#8221; background_color_opacity=&#8221;1&#8243; background_hover_color_opacity=&#8221;1&#8243; font_color=&#8221;#ffffff&#8221; column_shadow=&#8221;none&#8221; column_border_radius=&#8221;none&#8221; width=&#8221;1\/1&#8243; tablet_text_alignment=&#8221;default&#8221; phone_text_alignment=&#8221;default&#8221; column_border_width=&#8221;none&#8221; column_border_style=&#8221;solid&#8221;][nectar_btn size=&#8221;large&#8221; open_new_tab=&#8221;true&#8221; button_style=&#8221;regular&#8221; button_color_2=&#8221;Accent-Color&#8221; icon_family=&#8221;default_arrow&#8221; url=&#8221;https:\/\/olivier-bajard.com\/es\/espiritu-grandes-chefs\/&#8221; text=&#8221;Otros chefs&#8221; css_animation=&#8221;zoomIn&#8221;][\/vc_column][\/vc_row][full_width_section type=&#8221;full_width_content&#8221; vertically_center_columns=&#8221;true&#8221; image_url=&#8221;1339&#8243; bg_pos=&#8221;Center Center&#8221; background_color=&#8221;#0a0a0a&#8221; text_color=&#8221;light&#8221; top_padding=&#8221;25&#8243; bottom_padding=&#8221;20&#8243;][vc_column centered_text=&#8221;true&#8221; column_padding=&#8221;no-extra-padding&#8221; column_padding_position=&#8221;bottom&#8221; background_color=&#8221;#0a0a0a&#8221; background_color_opacity=&#8221;1&#8243; background_hover_color_opacity=&#8221;1&#8243; column_shadow=&#8221;none&#8221; column_border_radius=&#8221;none&#8221; width=&#8221;1\/4&#8243; tablet_text_alignment=&#8221;default&#8221; phone_text_alignment=&#8221;default&#8221; column_border_width=&#8221;none&#8221; column_border_style=&#8221;solid&#8221;][vc_column_text]<a class=\"nectar-button large accent-color has-icon regular-button\"  href=\"https:\/\/olivier-bajard.com\/es\/formacion-profesional\/\" data-color-override=\"false\" data-hover-color-override=\"false\" data-hover-text-color-override=\"#FFF6EE\"><span>Formaci\u00f3n Profesional<\/span><i class=\"icon-button-arrow\"><\/i><\/a>[\/vc_column_text][\/vc_column][vc_column centered_text=&#8221;true&#8221; column_padding=&#8221;no-extra-padding&#8221; column_padding_position=&#8221;bottom&#8221; background_color=&#8221;#0a0a0a&#8221; background_color_opacity=&#8221;1&#8243; background_hover_color_opacity=&#8221;1&#8243; column_shadow=&#8221;none&#8221; column_border_radius=&#8221;none&#8221; width=&#8221;1\/4&#8243; tablet_text_alignment=&#8221;default&#8221; phone_text_alignment=&#8221;default&#8221; column_border_width=&#8221;none&#8221; column_border_style=&#8221;solid&#8221;][vc_column_text]<a class=\"nectar-button large accent-color has-icon regular-button\"  href=\"https:\/\/olivier-bajard.com\/es\/formacion\/\" data-color-override=\"false\" data-hover-color-override=\"false\" data-hover-text-color-override=\"#FFF6EE\"><span>Programa Professional<\/span><i class=\"icon-button-arrow\"><\/i><\/a>[\/vc_column_text][\/vc_column][vc_column centered_text=&#8221;true&#8221; column_padding=&#8221;no-extra-padding&#8221; column_padding_position=&#8221;bottom&#8221; background_color=&#8221;#0a0a0a&#8221; background_color_opacity=&#8221;1&#8243; background_hover_color_opacity=&#8221;1&#8243; column_shadow=&#8221;none&#8221; column_border_radius=&#8221;none&#8221; width=&#8221;1\/4&#8243; tablet_text_alignment=&#8221;default&#8221; phone_text_alignment=&#8221;default&#8221; column_border_width=&#8221;none&#8221; column_border_style=&#8221;solid&#8221;][vc_column_text]<a class=\"nectar-button large accent-color has-icon regular-button\"  href=\"https:\/\/olivier-bajard.com\/wp-content\/uploads\/Dossier-dinscription-2022-Esp..pdf\" data-color-override=\"false\" data-hover-color-override=\"false\" data-hover-text-color-override=\"#FFF6EE\"><span>Descargar el formulario de inscripci\u00f3n<\/span><i class=\"icon-button-arrow\"><\/i><\/a>[\/vc_column_text][\/vc_column][vc_column centered_text=&#8221;true&#8221; column_padding=&#8221;no-extra-padding&#8221; column_padding_position=&#8221;bottom&#8221; background_color=&#8221;#0a0a0a&#8221; background_color_opacity=&#8221;1&#8243; background_hover_color_opacity=&#8221;1&#8243; column_shadow=&#8221;none&#8221; column_border_radius=&#8221;none&#8221; width=&#8221;1\/4&#8243; tablet_text_alignment=&#8221;default&#8221; phone_text_alignment=&#8221;default&#8221; column_border_width=&#8221;none&#8221; column_border_style=&#8221;solid&#8221;][vc_column_text]<a class=\"nectar-button large accent-color has-icon regular-button\"  href=\"\/es\/contacto\" data-color-override=\"false\" data-hover-color-override=\"false\" data-hover-text-color-override=\"#FFF6EE\"><span>\u00bfNecesita informaci\u00f3n?<\/span><i class=\"icon-button-arrow\"><\/i><\/a>[\/vc_column_text][\/vc_column][\/full_width_section]\n","protected":false},"excerpt":{"rendered":"<p>[vc_row type=&#8221;full_width_content&#8221; full_screen_row_position=&#8221;middle&#8221; bg_color=&#8221;#0a0a0a&#8221; scene_position=&#8221;center&#8221; text_color=&#8221;light&#8221; text_align=&#8221;center&#8221; top_padding=&#8221;30&#8243; bottom_padding=&#8221;30&#8243; overlay_strength=&#8221;0.3&#8243; shape_divider_position=&#8221;bottom&#8221; shape_type=&#8221;&#8221;][vc_column column_padding=&#8221;no-extra-padding&#8221; column_padding_position=&#8221;all&#8221; background_color=&#8221;#0a0a0a&#8221; background_color_opacity=&#8221;1&#8243; background_hover_color_opacity=&#8221;1&#8243; font_color=&#8221;#ffffff&#8221; column_shadow=&#8221;none&#8221; column_border_radius=&#8221;none&#8221; width=&#8221;1\/1&#8243; tablet_text_alignment=&#8221;default&#8221; phone_text_alignment=&#8221;default&#8221; column_border_width=&#8221;none&#8221; column_border_style=&#8221;solid&#8221;][vc_column_text] Lo\u00efc BEZIAT Campe\u00f3n Mundial de&#8230;<\/p>\n","protected":false},"author":6,"featured_media":23688,"parent":0,"menu_order":120,"comment_status":"open","ping_status":"open","template":"","meta":{"footnotes":""},"class_list":["post-23897","page","type-page","status-publish","has-post-thumbnail"],"aioseo_notices":[],"yoast_head":"<!-- This site is optimized with the Yoast SEO plugin v25.1 - https:\/\/yoast.com\/wordpress\/plugins\/seo\/ -->\n<title>Lo\u00efc B\u00e9ziat - El esp\u00edritu de los grandes chefs Olivier Bajard<\/title>\n<meta name=\"description\" content=\"Lo\u00efc B\u00e9ziat, pastelero talentoso y generoso, compartir\u00e1 con usted su pasi\u00f3n por la pasteler\u00eda.\" \/>\n<meta name=\"robots\" content=\"index, follow, max-snippet:-1, max-image-preview:large, max-video-preview:-1\" \/>\n<link rel=\"canonical\" href=\"https:\/\/olivier-bajard.com\/es\/loic-beziat\/\" \/>\n<meta property=\"og:locale\" content=\"es_ES\" \/>\n<meta property=\"og:type\" content=\"article\" \/>\n<meta property=\"og:title\" content=\"Lo\u00efc B\u00e9ziat - El esp\u00edritu de los grandes chefs Olivier Bajard\" \/>\n<meta property=\"og:description\" content=\"Lo\u00efc B\u00e9ziat, pastelero talentoso y generoso, compartir\u00e1 con usted su pasi\u00f3n por la pasteler\u00eda.\" \/>\n<meta property=\"og:url\" content=\"https:\/\/olivier-bajard.com\/es\/loic-beziat\/\" \/>\n<meta property=\"og:site_name\" content=\"Olivier Bajard\" \/>\n<meta property=\"article:modified_time\" content=\"2022-06-28T14:46:04+00:00\" \/>\n<meta property=\"og:image\" content=\"https:\/\/olivier-bajard.com\/wp-content\/uploads\/angelo-musa-web-1.png\" \/>\n\t<meta property=\"og:image:width\" content=\"423\" \/>\n\t<meta property=\"og:image:height\" content=\"423\" \/>\n\t<meta property=\"og:image:type\" content=\"image\/png\" \/>\n<meta name=\"twitter:label1\" content=\"Tiempo de lectura\" \/>\n\t<meta name=\"twitter:data1\" content=\"3 minutos\" \/>\n<script type=\"application\/ld+json\" class=\"yoast-schema-graph\">{\"@context\":\"https:\/\/schema.org\",\"@graph\":[{\"@type\":\"WebPage\",\"@id\":\"https:\/\/olivier-bajard.com\/es\/loic-beziat\/\",\"url\":\"https:\/\/olivier-bajard.com\/es\/loic-beziat\/\",\"name\":\"Lo\u00efc B\u00e9ziat - El esp\u00edritu de los grandes chefs Olivier Bajard\",\"isPartOf\":{\"@id\":\"https:\/\/olivier-bajard.com\/#website\"},\"primaryImageOfPage\":{\"@id\":\"https:\/\/olivier-bajard.com\/es\/loic-beziat\/#primaryimage\"},\"image\":{\"@id\":\"https:\/\/olivier-bajard.com\/es\/loic-beziat\/#primaryimage\"},\"thumbnailUrl\":\"https:\/\/olivier-bajard.com\/wp-content\/uploads\/angelo-musa-web-1.png\",\"datePublished\":\"2022-03-23T16:42:17+00:00\",\"dateModified\":\"2022-06-28T14:46:04+00:00\",\"description\":\"Lo\u00efc B\u00e9ziat, pastelero talentoso y generoso, compartir\u00e1 con usted su pasi\u00f3n por la pasteler\u00eda.\",\"breadcrumb\":{\"@id\":\"https:\/\/olivier-bajard.com\/es\/loic-beziat\/#breadcrumb\"},\"inLanguage\":\"es\",\"potentialAction\":[{\"@type\":\"ReadAction\",\"target\":[\"https:\/\/olivier-bajard.com\/es\/loic-beziat\/\"]}]},{\"@type\":\"ImageObject\",\"inLanguage\":\"es\",\"@id\":\"https:\/\/olivier-bajard.com\/es\/loic-beziat\/#primaryimage\",\"url\":\"https:\/\/olivier-bajard.com\/wp-content\/uploads\/angelo-musa-web-1.png\",\"contentUrl\":\"https:\/\/olivier-bajard.com\/wp-content\/uploads\/angelo-musa-web-1.png\",\"width\":423,\"height\":423},{\"@type\":\"BreadcrumbList\",\"@id\":\"https:\/\/olivier-bajard.com\/es\/loic-beziat\/#breadcrumb\",\"itemListElement\":[{\"@type\":\"ListItem\",\"position\":1,\"name\":\"Accueil\",\"item\":\"https:\/\/olivier-bajard.com\/es\/\"},{\"@type\":\"ListItem\",\"position\":2,\"name\":\"Lo\u00efc BEZIAT\"}]},{\"@type\":\"WebSite\",\"@id\":\"https:\/\/olivier-bajard.com\/#website\",\"url\":\"https:\/\/olivier-bajard.com\/\",\"name\":\"Olivier Bajard\",\"description\":\"Meilleur Ouvrier de France de P\u00e2tisserie\",\"publisher\":{\"@id\":\"https:\/\/olivier-bajard.com\/#organization\"},\"potentialAction\":[{\"@type\":\"SearchAction\",\"target\":{\"@type\":\"EntryPoint\",\"urlTemplate\":\"https:\/\/olivier-bajard.com\/?s={search_term_string}\"},\"query-input\":{\"@type\":\"PropertyValueSpecification\",\"valueRequired\":true,\"valueName\":\"search_term_string\"}}],\"inLanguage\":\"es\"},{\"@type\":\"Organization\",\"@id\":\"https:\/\/olivier-bajard.com\/#organization\",\"name\":\"pcbo sarl\",\"url\":\"https:\/\/olivier-bajard.com\/\",\"logo\":{\"@type\":\"ImageObject\",\"inLanguage\":\"es\",\"@id\":\"https:\/\/olivier-bajard.com\/#\/schema\/logo\/image\/\",\"url\":\"https:\/\/olivier-bajard.com\/wp-content\/uploads\/CarreNB-original-1.5CM.jpg\",\"contentUrl\":\"https:\/\/olivier-bajard.com\/wp-content\/uploads\/CarreNB-original-1.5CM.jpg\",\"width\":177,\"height\":177,\"caption\":\"pcbo sarl\"},\"image\":{\"@id\":\"https:\/\/olivier-bajard.com\/#\/schema\/logo\/image\/\"}}]}<\/script>\n<!-- \/ Yoast SEO plugin. -->","yoast_head_json":{"title":"Lo\u00efc B\u00e9ziat - El esp\u00edritu de los grandes chefs Olivier Bajard","description":"Lo\u00efc B\u00e9ziat, pastelero talentoso y generoso, compartir\u00e1 con usted su pasi\u00f3n por la pasteler\u00eda.","robots":{"index":"index","follow":"follow","max-snippet":"max-snippet:-1","max-image-preview":"max-image-preview:large","max-video-preview":"max-video-preview:-1"},"canonical":"https:\/\/olivier-bajard.com\/es\/loic-beziat\/","og_locale":"es_ES","og_type":"article","og_title":"Lo\u00efc B\u00e9ziat - El esp\u00edritu de los grandes chefs Olivier Bajard","og_description":"Lo\u00efc B\u00e9ziat, pastelero talentoso y generoso, compartir\u00e1 con usted su pasi\u00f3n por la pasteler\u00eda.","og_url":"https:\/\/olivier-bajard.com\/es\/loic-beziat\/","og_site_name":"Olivier Bajard","article_modified_time":"2022-06-28T14:46:04+00:00","og_image":[{"width":423,"height":423,"url":"https:\/\/olivier-bajard.com\/wp-content\/uploads\/angelo-musa-web-1.png","type":"image\/png"}],"twitter_misc":{"Tiempo de lectura":"3 minutos"},"schema":{"@context":"https:\/\/schema.org","@graph":[{"@type":"WebPage","@id":"https:\/\/olivier-bajard.com\/es\/loic-beziat\/","url":"https:\/\/olivier-bajard.com\/es\/loic-beziat\/","name":"Lo\u00efc B\u00e9ziat - El esp\u00edritu de los grandes chefs Olivier Bajard","isPartOf":{"@id":"https:\/\/olivier-bajard.com\/#website"},"primaryImageOfPage":{"@id":"https:\/\/olivier-bajard.com\/es\/loic-beziat\/#primaryimage"},"image":{"@id":"https:\/\/olivier-bajard.com\/es\/loic-beziat\/#primaryimage"},"thumbnailUrl":"https:\/\/olivier-bajard.com\/wp-content\/uploads\/angelo-musa-web-1.png","datePublished":"2022-03-23T16:42:17+00:00","dateModified":"2022-06-28T14:46:04+00:00","description":"Lo\u00efc B\u00e9ziat, pastelero talentoso y generoso, compartir\u00e1 con usted su pasi\u00f3n por la pasteler\u00eda.","breadcrumb":{"@id":"https:\/\/olivier-bajard.com\/es\/loic-beziat\/#breadcrumb"},"inLanguage":"es","potentialAction":[{"@type":"ReadAction","target":["https:\/\/olivier-bajard.com\/es\/loic-beziat\/"]}]},{"@type":"ImageObject","inLanguage":"es","@id":"https:\/\/olivier-bajard.com\/es\/loic-beziat\/#primaryimage","url":"https:\/\/olivier-bajard.com\/wp-content\/uploads\/angelo-musa-web-1.png","contentUrl":"https:\/\/olivier-bajard.com\/wp-content\/uploads\/angelo-musa-web-1.png","width":423,"height":423},{"@type":"BreadcrumbList","@id":"https:\/\/olivier-bajard.com\/es\/loic-beziat\/#breadcrumb","itemListElement":[{"@type":"ListItem","position":1,"name":"Accueil","item":"https:\/\/olivier-bajard.com\/es\/"},{"@type":"ListItem","position":2,"name":"Lo\u00efc BEZIAT"}]},{"@type":"WebSite","@id":"https:\/\/olivier-bajard.com\/#website","url":"https:\/\/olivier-bajard.com\/","name":"Olivier Bajard","description":"Meilleur Ouvrier de France de P\u00e2tisserie","publisher":{"@id":"https:\/\/olivier-bajard.com\/#organization"},"potentialAction":[{"@type":"SearchAction","target":{"@type":"EntryPoint","urlTemplate":"https:\/\/olivier-bajard.com\/?s={search_term_string}"},"query-input":{"@type":"PropertyValueSpecification","valueRequired":true,"valueName":"search_term_string"}}],"inLanguage":"es"},{"@type":"Organization","@id":"https:\/\/olivier-bajard.com\/#organization","name":"pcbo sarl","url":"https:\/\/olivier-bajard.com\/","logo":{"@type":"ImageObject","inLanguage":"es","@id":"https:\/\/olivier-bajard.com\/#\/schema\/logo\/image\/","url":"https:\/\/olivier-bajard.com\/wp-content\/uploads\/CarreNB-original-1.5CM.jpg","contentUrl":"https:\/\/olivier-bajard.com\/wp-content\/uploads\/CarreNB-original-1.5CM.jpg","width":177,"height":177,"caption":"pcbo sarl"},"image":{"@id":"https:\/\/olivier-bajard.com\/#\/schema\/logo\/image\/"}}]}},"_links":{"self":[{"href":"https:\/\/olivier-bajard.com\/es\/wp-json\/wp\/v2\/pages\/23897","targetHints":{"allow":["GET"]}}],"collection":[{"href":"https:\/\/olivier-bajard.com\/es\/wp-json\/wp\/v2\/pages"}],"about":[{"href":"https:\/\/olivier-bajard.com\/es\/wp-json\/wp\/v2\/types\/page"}],"author":[{"embeddable":true,"href":"https:\/\/olivier-bajard.com\/es\/wp-json\/wp\/v2\/users\/6"}],"replies":[{"embeddable":true,"href":"https:\/\/olivier-bajard.com\/es\/wp-json\/wp\/v2\/comments?post=23897"}],"version-history":[{"count":0,"href":"https:\/\/olivier-bajard.com\/es\/wp-json\/wp\/v2\/pages\/23897\/revisions"}],"wp:featuredmedia":[{"embeddable":true,"href":"https:\/\/olivier-bajard.com\/es\/wp-json\/wp\/v2\/media\/23688"}],"wp:attachment":[{"href":"https:\/\/olivier-bajard.com\/es\/wp-json\/wp\/v2\/media?parent=23897"}],"curies":[{"name":"wp","href":"https:\/\/api.w.org\/{rel}","templated":true}]}}