{"id":24586,"date":"2022-03-23T09:50:58","date_gmt":"2022-03-23T08:50:58","guid":{"rendered":"https:\/\/olivier-bajard.com\/nuestras-direcciones\/"},"modified":"2022-03-23T09:52:06","modified_gmt":"2022-03-23T08:52:06","slug":"direcciones","status":"publish","type":"page","link":"https:\/\/olivier-bajard.com\/es\/direcciones\/","title":{"rendered":"Nuestras direcciones"},"content":{"rendered":"[full_width_section type=&#8221;full_width_content&#8221; vertically_center_columns=&#8221;true&#8221; image_url=&#8221;1339&#8243; bg_pos=&#8221;Center Center&#8221; background_color=&#8221;#000000&#8243; text_color=&#8221;light&#8221; top_padding=&#8221;0&#8243; bottom_padding=&#8221;0&#8243;][vc_column centered_text=&#8221;true&#8221; column_padding=&#8221;padding-3-percent&#8221; column_padding_position=&#8221;top&#8221; background_color=&#8221;#000000&#8243; background_color_opacity=&#8221;1&#8243; background_hover_color_opacity=&#8221;1&#8243; font_color=&#8221;#ffffff&#8221; column_shadow=&#8221;none&#8221; column_border_radius=&#8221;none&#8221; width=&#8221;1\/1&#8243; tablet_text_alignment=&#8221;default&#8221; phone_text_alignment=&#8221;default&#8221; column_border_width=&#8221;none&#8221; column_border_style=&#8221;solid&#8221;]<div class=\"divider-wrap\"><div style=\"height: 30px;\" class=\"divider\"><\/div><\/div>[\/vc_column][\/full_width_section][vc_row type=&#8221;full_width_content&#8221; full_screen_row_position=&#8221;middle&#8221; equal_height=&#8221;yes&#8221; content_placement=&#8221;middle&#8221; scene_position=&#8221;center&#8221; text_color=&#8221;dark&#8221; text_align=&#8221;left&#8221; overlay_strength=&#8221;0.3&#8243; shape_divider_position=&#8221;bottom&#8221; shape_type=&#8221;&#8221;][vc_column column_padding=&#8221;no-extra-padding&#8221; column_padding_position=&#8221;all&#8221; background_color=&#8221;#000000&#8243; background_color_opacity=&#8221;1&#8243; background_hover_color_opacity=&#8221;1&#8243; column_shadow=&#8221;none&#8221; column_border_radius=&#8221;none&#8221; width=&#8221;1\/2&#8243; tablet_text_alignment=&#8221;default&#8221; phone_text_alignment=&#8221;default&#8221; column_border_width=&#8221;none&#8221; column_border_style=&#8221;solid&#8221;]<div class=\"img-with-aniamtion-wrap center\" data-max-width=\"100%\" data-border-radius=\"none\"><div class=\"inner\"><img loading=\"lazy\" decoding=\"async\" data-shadow=\"none\" data-shadow-direction=\"middle\" class=\"img-with-animation \" data-delay=\"0\" height=\"448\" width=\"670\" data-animation=\"fade-in\" src=\"https:\/\/olivier-bajard.com\/wp-content\/uploads\/boutique-agrosud.png\" srcset=\"https:\/\/olivier-bajard.com\/wp-content\/uploads\/boutique-agrosud.png 670w, https:\/\/olivier-bajard.com\/wp-content\/uploads\/boutique-agrosud-300x201.png 300w, https:\/\/olivier-bajard.com\/wp-content\/uploads\/boutique-agrosud-250x167.png 250w, https:\/\/olivier-bajard.com\/wp-content\/uploads\/boutique-agrosud-550x368.png 550w, https:\/\/olivier-bajard.com\/wp-content\/uploads\/boutique-agrosud-269x180.png 269w, https:\/\/olivier-bajard.com\/wp-content\/uploads\/boutique-agrosud-449x300.png 449w, https:\/\/olivier-bajard.com\/wp-content\/uploads\/boutique-agrosud-600x401.png 600w\" sizes=\"auto, 100vw\" alt=\"\" \/><\/div><\/div>[\/vc_column][vc_column centered_text=&#8221;true&#8221; column_padding=&#8221;padding-2-percent&#8221; column_padding_position=&#8221;all&#8221; background_color=&#8221;#ffffff&#8221; background_color_opacity=&#8221;1&#8243; background_hover_color_opacity=&#8221;1&#8243; font_color=&#8221;#000000&#8243; column_shadow=&#8221;none&#8221; column_border_radius=&#8221;none&#8221; width=&#8221;1\/2&#8243; tablet_text_alignment=&#8221;default&#8221; phone_text_alignment=&#8221;default&#8221; column_border_width=&#8221;none&#8221; column_border_style=&#8221;solid&#8221;][vc_column_text]Pasteler\u00eda y Escuela<\/p>\n<h2 class=\"homeh1 ob_home_block_title\">Agrosud<\/h2>\n<p>Un lugar para compartir y transmitir la pasi\u00f3n del saber hacer de la pasteler\u00eda francesa a trav\u00e9s del gusto y el amor por los gestos bien hechos.<br \/>\nVenga a descubrir las emblem\u00e1ticas delicias de Olivier Bajard y nuestros cursos de formaci\u00f3n directamente en el lugar donde todo comienza.<\/p>\n<p><strong>LUNES &#8211; S\u00c1BADO de 8 a 19.30 horas<br \/>\nDOMINGO de 8 a 12.30 horas<\/strong><\/p>\n<p><em>Haga su pedido sin miedo en la p\u00e1gina web y recoja su deliciosa selecci\u00f3n directamente en nuestra tienda.<\/em><\/p>\n<p>355, rue docteur Parc\u00e9 &#8211; Zone Agrosud<br \/>\n66 000 PERPIGNAN<br \/>\nTel\u00e9fono : 04 68 38 78 85<br \/>\nCorreo electr\u00f3nico : <a href=\"mailto:contact@olivier-bajard.com\">contact@olivier-bajard.com<\/a>[\/vc_column_text][\/vc_column][\/vc_row][vc_row type=&#8221;full_width_content&#8221; full_screen_row_position=&#8221;middle&#8221; equal_height=&#8221;yes&#8221; content_placement=&#8221;middle&#8221; vertically_center_columns=&#8221;true&#8221; scene_position=&#8221;center&#8221; text_color=&#8221;dark&#8221; text_align=&#8221;left&#8221; top_padding=&#8221;0&#8243; bottom_padding=&#8221;0&#8243; overlay_strength=&#8221;0.3&#8243; shape_divider_position=&#8221;bottom&#8221; shape_type=&#8221;&#8221;][vc_column centered_text=&#8221;true&#8221; column_padding=&#8221;padding-2-percent&#8221; column_padding_position=&#8221;all&#8221; background_color=&#8221;#ffffff&#8221; background_color_opacity=&#8221;1&#8243; background_hover_color_opacity=&#8221;1&#8243; font_color=&#8221;#000000&#8243; column_shadow=&#8221;none&#8221; column_border_radius=&#8221;none&#8221; width=&#8221;1\/2&#8243; tablet_text_alignment=&#8221;default&#8221; phone_text_alignment=&#8221;default&#8221; column_border_width=&#8221;none&#8221; column_border_style=&#8221;solid&#8221;][vc_column_text]<em>Tienda<\/em><\/p>\n<h2 class=\"homeh1 ob_home_block_title\">R\u00e9publique<\/h2>\n<p>El \u00faltimo en unirse a nosotros. Idealmente situado en el coraz\u00f3n de Perpi\u00f1\u00e1n, encuentre todos nuestros surtidos para degustar mientras pasea por las bonitas calles.<\/p>\n<p><strong>MARTES &#8211; VIERNES de 8.30 a 12.30 horas y de 14.30 a 18.30 horas<br \/>\nS\u00c1BADO de 7.30 a 13 horas y de 14 a 19 horas<\/strong><\/p>\n<p><em>Haga su pedido sin miedo en la p\u00e1gina web y recoja su deliciosa selecci\u00f3n directamente en nuestra tienda.<\/em><\/p>\n<p>11 bis, Place de la R\u00e9publique<br \/>\n66 000 PERPIGNAN[\/vc_column_text][\/vc_column][vc_column column_padding=&#8221;no-extra-padding&#8221; column_padding_position=&#8221;all&#8221; background_color=&#8221;#ffffff&#8221; background_color_opacity=&#8221;1&#8243; background_hover_color_opacity=&#8221;1&#8243; font_color=&#8221;#ffffff&#8221; column_shadow=&#8221;none&#8221; column_border_radius=&#8221;none&#8221; width=&#8221;1\/2&#8243; tablet_text_alignment=&#8221;default&#8221; phone_text_alignment=&#8221;default&#8221; column_border_width=&#8221;none&#8221; column_border_style=&#8221;solid&#8221; offset=&#8221;vc_hidden-xs&#8221;]<div class=\"img-with-aniamtion-wrap center\" data-max-width=\"100%\" data-border-radius=\"none\"><div class=\"inner\"><img loading=\"lazy\" decoding=\"async\" data-shadow=\"none\" data-shadow-direction=\"middle\" class=\"img-with-animation \" data-delay=\"0\" height=\"816\" width=\"1158\" data-animation=\"fade-in\" src=\"https:\/\/olivier-bajard.com\/wp-content\/uploads\/boutique-ob-republique.png\" srcset=\"https:\/\/olivier-bajard.com\/wp-content\/uploads\/boutique-ob-republique.png 1158w, https:\/\/olivier-bajard.com\/wp-content\/uploads\/boutique-ob-republique-300x211.png 300w, https:\/\/olivier-bajard.com\/wp-content\/uploads\/boutique-ob-republique-1024x722.png 1024w, https:\/\/olivier-bajard.com\/wp-content\/uploads\/boutique-ob-republique-768x541.png 768w, https:\/\/olivier-bajard.com\/wp-content\/uploads\/boutique-ob-republique-250x176.png 250w, https:\/\/olivier-bajard.com\/wp-content\/uploads\/boutique-ob-republique-550x388.png 550w, https:\/\/olivier-bajard.com\/wp-content\/uploads\/boutique-ob-republique-800x564.png 800w, https:\/\/olivier-bajard.com\/wp-content\/uploads\/boutique-ob-republique-255x180.png 255w, https:\/\/olivier-bajard.com\/wp-content\/uploads\/boutique-ob-republique-426x300.png 426w, https:\/\/olivier-bajard.com\/wp-content\/uploads\/boutique-ob-republique-710x500.png 710w, https:\/\/olivier-bajard.com\/wp-content\/uploads\/boutique-ob-republique-600x423.png 600w\" sizes=\"auto, 100vw\" alt=\"\" \/><\/div><\/div>[\/vc_column][\/vc_row][vc_row type=&#8221;full_width_content&#8221; full_screen_row_position=&#8221;middle&#8221; equal_height=&#8221;yes&#8221; content_placement=&#8221;middle&#8221; vertically_center_columns=&#8221;true&#8221; scene_position=&#8221;center&#8221; text_color=&#8221;dark&#8221; text_align=&#8221;center&#8221; overlay_strength=&#8221;0.3&#8243; shape_divider_position=&#8221;bottom&#8221; shape_type=&#8221;&#8221;][vc_column column_padding=&#8221;no-extra-padding&#8221; column_padding_position=&#8221;all&#8221; background_color=&#8221;#ffffff&#8221; background_color_opacity=&#8221;1&#8243; background_hover_color_opacity=&#8221;1&#8243; column_shadow=&#8221;none&#8221; column_border_radius=&#8221;none&#8221; width=&#8221;1\/2&#8243; tablet_text_alignment=&#8221;default&#8221; phone_text_alignment=&#8221;default&#8221; column_border_width=&#8221;none&#8221; column_border_style=&#8221;solid&#8221; offset=&#8221;vc_hidden-xs&#8221;]<div class=\"img-with-aniamtion-wrap center\" data-max-width=\"100%\" data-border-radius=\"none\"><div class=\"inner\"><img loading=\"lazy\" decoding=\"async\" data-shadow=\"none\" data-shadow-direction=\"middle\" class=\"img-with-animation \" data-delay=\"0\" height=\"688\" width=\"917\" data-animation=\"fade-in\" src=\"https:\/\/olivier-bajard.com\/wp-content\/uploads\/auchan.png\" srcset=\"https:\/\/olivier-bajard.com\/wp-content\/uploads\/auchan.png 917w, https:\/\/olivier-bajard.com\/wp-content\/uploads\/auchan-300x225.png 300w, https:\/\/olivier-bajard.com\/wp-content\/uploads\/auchan-768x576.png 768w, https:\/\/olivier-bajard.com\/wp-content\/uploads\/auchan-250x188.png 250w, https:\/\/olivier-bajard.com\/wp-content\/uploads\/auchan-550x413.png 550w, https:\/\/olivier-bajard.com\/wp-content\/uploads\/auchan-800x600.png 800w, https:\/\/olivier-bajard.com\/wp-content\/uploads\/auchan-240x180.png 240w, https:\/\/olivier-bajard.com\/wp-content\/uploads\/auchan-400x300.png 400w, https:\/\/olivier-bajard.com\/wp-content\/uploads\/auchan-666x500.png 666w, https:\/\/olivier-bajard.com\/wp-content\/uploads\/auchan-600x450.png 600w\" sizes=\"auto, 100vw\" alt=\"\" \/><\/div><\/div>[\/vc_column][vc_column column_padding=&#8221;padding-2-percent&#8221; column_padding_position=&#8221;all&#8221; background_color=&#8221;#ffffff&#8221; background_color_opacity=&#8221;1&#8243; background_hover_color_opacity=&#8221;1&#8243; font_color=&#8221;#000000&#8243; column_shadow=&#8221;none&#8221; column_border_radius=&#8221;none&#8221; width=&#8221;1\/2&#8243; tablet_text_alignment=&#8221;default&#8221; phone_text_alignment=&#8221;default&#8221; column_border_width=&#8221;none&#8221; column_border_style=&#8221;solid&#8221;][vc_column_text]<em>Tienda y Sal\u00f3n del Chocolate<\/em><\/p>\n<h2 class=\"homeh1 ob_home_block_title\">Auchan<\/h2>\n<p>Venga a descubrir una encantadora boutique con un \u00edntimo sal\u00f3n de chocolate para momentos de intenso placer.<br \/>\nNuestro sal\u00f3n del chocolate est\u00e1 abierto de nuevo para ti y te esperamos.<\/p>\n<p><strong>LUNES &#8211; S\u00c1BADO de 9.15 a 19 horas<\/strong><\/p>\n<p><em>Haga su pedido sin miedo en la p\u00e1gina web y recoja su deliciosa selecci\u00f3n directamente en nuestra tienda.<\/em><\/p>\n<p>Galerie Marchande Porte d&#8217;Espagne<br \/>\n66 000 PERPIGNAN[\/vc_column_text][\/vc_column][\/vc_row][vc_row type=&#8221;full_width_content&#8221; full_screen_row_position=&#8221;middle&#8221; equal_height=&#8221;yes&#8221; content_placement=&#8221;middle&#8221; vertically_center_columns=&#8221;true&#8221; scene_position=&#8221;center&#8221; text_color=&#8221;dark&#8221; text_align=&#8221;center&#8221; overlay_strength=&#8221;0.3&#8243; shape_divider_position=&#8221;bottom&#8221; shape_type=&#8221;&#8221;][vc_column column_padding=&#8221;padding-2-percent&#8221; column_padding_position=&#8221;all&#8221; background_color=&#8221;#ffffff&#8221; background_color_opacity=&#8221;1&#8243; background_hover_color_opacity=&#8221;1&#8243; font_color=&#8221;#000000&#8243; column_shadow=&#8221;none&#8221; column_border_radius=&#8221;none&#8221; width=&#8221;1\/2&#8243; tablet_text_alignment=&#8221;default&#8221; phone_text_alignment=&#8221;default&#8221; column_border_width=&#8221;none&#8221; column_border_style=&#8221;solid&#8221;][vc_column_text]<em>Tienda<\/em><\/p>\n<h2 class=\"homeh1 ob_home_block_title\">Collioure<\/h2>\n<p>A pocos metros de la c\u00e1lida arena y el mar, disfrute de algunos placeres sencillos y desv\u00edese a nuestra tienda para obtener una buena dosis de dulzura.<\/p>\n<p><strong>MI\u00c9RCOLES &#8211; S\u00c1BADO de 9 a 13 horas de 14.30 a 18.30 horas<br \/>\nDOMINGO de 9 a 12.30 horas<br \/>\n<\/strong><\/p>\n<p><em>Haga su pedido sin miedo en la p\u00e1gina web y recoja su deliciosa selecci\u00f3n directamente en nuestra tienda.<\/em><\/p>\n<p>16, Rue de la r\u00e9publique<br \/>\n66 190 COLLIOURE[\/vc_column_text][\/vc_column][vc_column column_padding=&#8221;no-extra-padding&#8221; column_padding_position=&#8221;all&#8221; background_color=&#8221;#ffffff&#8221; background_color_opacity=&#8221;1&#8243; background_hover_color_opacity=&#8221;1&#8243; column_shadow=&#8221;none&#8221; column_border_radius=&#8221;none&#8221; width=&#8221;1\/2&#8243; tablet_text_alignment=&#8221;default&#8221; phone_text_alignment=&#8221;default&#8221; column_border_width=&#8221;none&#8221; column_border_style=&#8221;solid&#8221; offset=&#8221;vc_hidden-xs&#8221;]<div class=\"img-with-aniamtion-wrap center\" data-max-width=\"100%\" data-border-radius=\"none\"><div class=\"inner\"><img loading=\"lazy\" decoding=\"async\" data-shadow=\"none\" data-shadow-direction=\"middle\" class=\"img-with-animation \" data-delay=\"0\" height=\"983\" width=\"1475\" data-animation=\"fade-in\" src=\"https:\/\/olivier-bajard.com\/wp-content\/uploads\/boutique-collioure.png\" srcset=\"https:\/\/olivier-bajard.com\/wp-content\/uploads\/boutique-collioure.png 1475w, https:\/\/olivier-bajard.com\/wp-content\/uploads\/boutique-collioure-300x200.png 300w, https:\/\/olivier-bajard.com\/wp-content\/uploads\/boutique-collioure-1024x682.png 1024w, https:\/\/olivier-bajard.com\/wp-content\/uploads\/boutique-collioure-768x512.png 768w, https:\/\/olivier-bajard.com\/wp-content\/uploads\/boutique-collioure-900x600.png 900w, https:\/\/olivier-bajard.com\/wp-content\/uploads\/boutique-collioure-250x167.png 250w, https:\/\/olivier-bajard.com\/wp-content\/uploads\/boutique-collioure-550x367.png 550w, https:\/\/olivier-bajard.com\/wp-content\/uploads\/boutique-collioure-800x533.png 800w, https:\/\/olivier-bajard.com\/wp-content\/uploads\/boutique-collioure-270x180.png 270w, https:\/\/olivier-bajard.com\/wp-content\/uploads\/boutique-collioure-450x300.png 450w, https:\/\/olivier-bajard.com\/wp-content\/uploads\/boutique-collioure-750x500.png 750w, https:\/\/olivier-bajard.com\/wp-content\/uploads\/boutique-collioure-600x400.png 600w\" sizes=\"auto, 100vw\" alt=\"\" \/><\/div><\/div>[\/vc_column][\/vc_row]\n","protected":false},"excerpt":{"rendered":"<p>[full_width_section type=&#8221;full_width_content&#8221; vertically_center_columns=&#8221;true&#8221; image_url=&#8221;1339&#8243; bg_pos=&#8221;Center Center&#8221; background_color=&#8221;#000000&#8243; text_color=&#8221;light&#8221; top_padding=&#8221;0&#8243; bottom_padding=&#8221;0&#8243;][vc_column centered_text=&#8221;true&#8221; column_padding=&#8221;padding-3-percent&#8221; column_padding_position=&#8221;top&#8221; background_color=&#8221;#000000&#8243; background_color_opacity=&#8221;1&#8243; background_hover_color_opacity=&#8221;1&#8243; font_color=&#8221;#ffffff&#8221; column_shadow=&#8221;none&#8221; column_border_radius=&#8221;none&#8221; width=&#8221;1\/1&#8243; tablet_text_alignment=&#8221;default&#8221; phone_text_alignment=&#8221;default&#8221; column_border_width=&#8221;none&#8221; column_border_style=&#8221;solid&#8221;][\/vc_column][\/full_width_section][vc_row type=&#8221;full_width_content&#8221; full_screen_row_position=&#8221;middle&#8221; equal_height=&#8221;yes&#8221; content_placement=&#8221;middle&#8221; scene_position=&#8221;center&#8221; text_color=&#8221;dark&#8221;&#8230;<\/p>\n","protected":false},"author":6,"featured_media":0,"parent":0,"menu_order":163,"comment_status":"open","ping_status":"open","template":"","meta":{"footnotes":""},"class_list":["post-24586","page","type-page","status-publish"],"aioseo_notices":[],"yoast_head":"<!-- This site is optimized with the Yoast SEO plugin v25.1 - https:\/\/yoast.com\/wordpress\/plugins\/seo\/ -->\n<title>Nuestras direcciones - Olivier Bajard<\/title>\n<meta name=\"description\" content=\"\u00a1Descubra las delicias de Olivier Bajard en las boutiques para un momento de placer para ofrecer y compartir!\" \/>\n<meta name=\"robots\" content=\"index, follow, max-snippet:-1, max-image-preview:large, max-video-preview:-1\" \/>\n<link rel=\"canonical\" href=\"https:\/\/olivier-bajard.com\/es\/direcciones\/\" \/>\n<meta property=\"og:locale\" content=\"es_ES\" \/>\n<meta property=\"og:type\" content=\"article\" \/>\n<meta property=\"og:title\" content=\"Nuestras direcciones - Olivier Bajard\" \/>\n<meta property=\"og:description\" content=\"\u00a1Descubra las delicias de Olivier Bajard en las boutiques para un momento de placer para ofrecer y compartir!\" \/>\n<meta property=\"og:url\" content=\"https:\/\/olivier-bajard.com\/es\/direcciones\/\" \/>\n<meta property=\"og:site_name\" content=\"Olivier Bajard\" \/>\n<meta property=\"article:modified_time\" content=\"2022-03-23T08:52:06+00:00\" \/>\n<meta name=\"twitter:label1\" content=\"Tiempo de lectura\" \/>\n\t<meta name=\"twitter:data1\" content=\"5 minutos\" \/>\n<script type=\"application\/ld+json\" class=\"yoast-schema-graph\">{\"@context\":\"https:\/\/schema.org\",\"@graph\":[{\"@type\":\"WebPage\",\"@id\":\"https:\/\/olivier-bajard.com\/es\/direcciones\/\",\"url\":\"https:\/\/olivier-bajard.com\/es\/direcciones\/\",\"name\":\"Nuestras direcciones - Olivier Bajard\",\"isPartOf\":{\"@id\":\"https:\/\/olivier-bajard.com\/#website\"},\"datePublished\":\"2022-03-23T08:50:58+00:00\",\"dateModified\":\"2022-03-23T08:52:06+00:00\",\"description\":\"\u00a1Descubra las delicias de Olivier Bajard en las boutiques para un momento de placer para ofrecer y compartir!\",\"breadcrumb\":{\"@id\":\"https:\/\/olivier-bajard.com\/es\/direcciones\/#breadcrumb\"},\"inLanguage\":\"es\",\"potentialAction\":[{\"@type\":\"ReadAction\",\"target\":[\"https:\/\/olivier-bajard.com\/es\/direcciones\/\"]}]},{\"@type\":\"BreadcrumbList\",\"@id\":\"https:\/\/olivier-bajard.com\/es\/direcciones\/#breadcrumb\",\"itemListElement\":[{\"@type\":\"ListItem\",\"position\":1,\"name\":\"Accueil\",\"item\":\"https:\/\/olivier-bajard.com\/es\/\"},{\"@type\":\"ListItem\",\"position\":2,\"name\":\"Nuestras direcciones\"}]},{\"@type\":\"WebSite\",\"@id\":\"https:\/\/olivier-bajard.com\/#website\",\"url\":\"https:\/\/olivier-bajard.com\/\",\"name\":\"Olivier Bajard\",\"description\":\"Meilleur Ouvrier de France de P\u00e2tisserie\",\"publisher\":{\"@id\":\"https:\/\/olivier-bajard.com\/#organization\"},\"potentialAction\":[{\"@type\":\"SearchAction\",\"target\":{\"@type\":\"EntryPoint\",\"urlTemplate\":\"https:\/\/olivier-bajard.com\/?s={search_term_string}\"},\"query-input\":{\"@type\":\"PropertyValueSpecification\",\"valueRequired\":true,\"valueName\":\"search_term_string\"}}],\"inLanguage\":\"es\"},{\"@type\":\"Organization\",\"@id\":\"https:\/\/olivier-bajard.com\/#organization\",\"name\":\"pcbo sarl\",\"url\":\"https:\/\/olivier-bajard.com\/\",\"logo\":{\"@type\":\"ImageObject\",\"inLanguage\":\"es\",\"@id\":\"https:\/\/olivier-bajard.com\/#\/schema\/logo\/image\/\",\"url\":\"https:\/\/olivier-bajard.com\/wp-content\/uploads\/CarreNB-original-1.5CM.jpg\",\"contentUrl\":\"https:\/\/olivier-bajard.com\/wp-content\/uploads\/CarreNB-original-1.5CM.jpg\",\"width\":177,\"height\":177,\"caption\":\"pcbo sarl\"},\"image\":{\"@id\":\"https:\/\/olivier-bajard.com\/#\/schema\/logo\/image\/\"}}]}<\/script>\n<!-- \/ Yoast SEO plugin. -->","yoast_head_json":{"title":"Nuestras direcciones - Olivier Bajard","description":"\u00a1Descubra las delicias de Olivier Bajard en las boutiques para un momento de placer para ofrecer y compartir!","robots":{"index":"index","follow":"follow","max-snippet":"max-snippet:-1","max-image-preview":"max-image-preview:large","max-video-preview":"max-video-preview:-1"},"canonical":"https:\/\/olivier-bajard.com\/es\/direcciones\/","og_locale":"es_ES","og_type":"article","og_title":"Nuestras direcciones - Olivier Bajard","og_description":"\u00a1Descubra las delicias de Olivier Bajard en las boutiques para un momento de placer para ofrecer y compartir!","og_url":"https:\/\/olivier-bajard.com\/es\/direcciones\/","og_site_name":"Olivier Bajard","article_modified_time":"2022-03-23T08:52:06+00:00","twitter_misc":{"Tiempo de lectura":"5 minutos"},"schema":{"@context":"https:\/\/schema.org","@graph":[{"@type":"WebPage","@id":"https:\/\/olivier-bajard.com\/es\/direcciones\/","url":"https:\/\/olivier-bajard.com\/es\/direcciones\/","name":"Nuestras direcciones - Olivier Bajard","isPartOf":{"@id":"https:\/\/olivier-bajard.com\/#website"},"datePublished":"2022-03-23T08:50:58+00:00","dateModified":"2022-03-23T08:52:06+00:00","description":"\u00a1Descubra las delicias de Olivier Bajard en las boutiques para un momento de placer para ofrecer y compartir!","breadcrumb":{"@id":"https:\/\/olivier-bajard.com\/es\/direcciones\/#breadcrumb"},"inLanguage":"es","potentialAction":[{"@type":"ReadAction","target":["https:\/\/olivier-bajard.com\/es\/direcciones\/"]}]},{"@type":"BreadcrumbList","@id":"https:\/\/olivier-bajard.com\/es\/direcciones\/#breadcrumb","itemListElement":[{"@type":"ListItem","position":1,"name":"Accueil","item":"https:\/\/olivier-bajard.com\/es\/"},{"@type":"ListItem","position":2,"name":"Nuestras direcciones"}]},{"@type":"WebSite","@id":"https:\/\/olivier-bajard.com\/#website","url":"https:\/\/olivier-bajard.com\/","name":"Olivier Bajard","description":"Meilleur Ouvrier de France de P\u00e2tisserie","publisher":{"@id":"https:\/\/olivier-bajard.com\/#organization"},"potentialAction":[{"@type":"SearchAction","target":{"@type":"EntryPoint","urlTemplate":"https:\/\/olivier-bajard.com\/?s={search_term_string}"},"query-input":{"@type":"PropertyValueSpecification","valueRequired":true,"valueName":"search_term_string"}}],"inLanguage":"es"},{"@type":"Organization","@id":"https:\/\/olivier-bajard.com\/#organization","name":"pcbo sarl","url":"https:\/\/olivier-bajard.com\/","logo":{"@type":"ImageObject","inLanguage":"es","@id":"https:\/\/olivier-bajard.com\/#\/schema\/logo\/image\/","url":"https:\/\/olivier-bajard.com\/wp-content\/uploads\/CarreNB-original-1.5CM.jpg","contentUrl":"https:\/\/olivier-bajard.com\/wp-content\/uploads\/CarreNB-original-1.5CM.jpg","width":177,"height":177,"caption":"pcbo sarl"},"image":{"@id":"https:\/\/olivier-bajard.com\/#\/schema\/logo\/image\/"}}]}},"_links":{"self":[{"href":"https:\/\/olivier-bajard.com\/es\/wp-json\/wp\/v2\/pages\/24586","targetHints":{"allow":["GET"]}}],"collection":[{"href":"https:\/\/olivier-bajard.com\/es\/wp-json\/wp\/v2\/pages"}],"about":[{"href":"https:\/\/olivier-bajard.com\/es\/wp-json\/wp\/v2\/types\/page"}],"author":[{"embeddable":true,"href":"https:\/\/olivier-bajard.com\/es\/wp-json\/wp\/v2\/users\/6"}],"replies":[{"embeddable":true,"href":"https:\/\/olivier-bajard.com\/es\/wp-json\/wp\/v2\/comments?post=24586"}],"version-history":[{"count":0,"href":"https:\/\/olivier-bajard.com\/es\/wp-json\/wp\/v2\/pages\/24586\/revisions"}],"wp:attachment":[{"href":"https:\/\/olivier-bajard.com\/es\/wp-json\/wp\/v2\/media?parent=24586"}],"curies":[{"name":"wp","href":"https:\/\/api.w.org\/{rel}","templated":true}]}}