{"id":24608,"date":"2022-03-23T11:15:47","date_gmt":"2022-03-23T10:15:47","guid":{"rendered":"https:\/\/olivier-bajard.com\/responsable-de-pasteleria-y-o-chocolateria\/"},"modified":"2022-03-23T11:16:38","modified_gmt":"2022-03-23T10:16:38","slug":"responsable-pasteleria-chocolateria","status":"publish","type":"page","link":"https:\/\/olivier-bajard.com\/es\/responsable-pasteleria-chocolateria\/","title":{"rendered":"Responsable de pasteler\u00eda y\/o chocolater\u00eda"},"content":{"rendered":"[vc_row type=&#8221;full_width_background&#8221; full_screen_row_position=&#8221;middle&#8221; equal_height=&#8221;yes&#8221; bg_color=&#8221;#000000&#8243; scene_position=&#8221;center&#8221; text_color=&#8221;light&#8221; text_align=&#8221;center&#8221; overlay_strength=&#8221;0.3&#8243; shape_divider_position=&#8221;bottom&#8221; shape_type=&#8221;&#8221;][vc_column column_padding=&#8221;no-extra-padding&#8221; column_padding_position=&#8221;all&#8221; background_color_opacity=&#8221;1&#8243; background_hover_color_opacity=&#8221;1&#8243; column_shadow=&#8221;none&#8221; column_border_radius=&#8221;none&#8221; width=&#8221;1\/1&#8243; tablet_text_alignment=&#8221;default&#8221; phone_text_alignment=&#8221;default&#8221; column_border_width=&#8221;none&#8221; column_border_style=&#8221;solid&#8221;]<div class=\"divider-wrap\"><div style=\"height: 100px;\" class=\"divider\"><\/div><\/div>\n    <div class=\"col span_12 section-title text-align-center extra-padding\">\n\t\t<h2>\n<h2 class=\"vc_custom_heading\">Responsable de pasteler\u00eda y\/o chocolater\u00eda<\/h2>\n<p><em>\u00bfTe apasiona tu trabajo y eres un jugador de equipo? \u00bfTiene al menos 5 a\u00f1os de experiencia en pasteler\u00eda y\/o chocolater\u00eda?<\/em><\/p>\n<p><strong><em>Este trabajo es para ti.<\/em><\/strong><\/h2><\/div><div class=\"clear\"><\/div>[\/vc_column][\/vc_row][vc_row type=&#8221;full_width_content&#8221; full_screen_row_position=&#8221;middle&#8221; equal_height=&#8221;yes&#8221; content_placement=&#8221;middle&#8221; bg_color=&#8221;#ffffff&#8221; scene_position=&#8221;center&#8221; text_color=&#8221;dark&#8221; text_align=&#8221;left&#8221; overlay_strength=&#8221;0.3&#8243; shape_divider_position=&#8221;bottom&#8221;][vc_column column_padding=&#8221;padding-10-percent&#8221; column_padding_position=&#8221;all&#8221; background_color=&#8221;#ffffff&#8221; background_color_opacity=&#8221;1&#8243; background_hover_color_opacity=&#8221;1&#8243; column_shadow=&#8221;none&#8221; column_border_radius=&#8221;none&#8221; width=&#8221;1\/2&#8243; tablet_text_alignment=&#8221;default&#8221; phone_text_alignment=&#8221;default&#8221; column_border_width=&#8221;none&#8221; column_border_style=&#8221;solid&#8221;][vc_row_inner equal_height=&#8221;yes&#8221; column_margin=&#8221;default&#8221; text_align=&#8221;left&#8221;][vc_column_inner enable_animation=&#8221;true&#8221; animation=&#8221;fade-in-from-bottom&#8221; column_padding=&#8221;no-extra-padding&#8221; column_padding_position=&#8221;all&#8221; background_color_opacity=&#8221;1&#8243; background_hover_color_opacity=&#8221;1&#8243; column_shadow=&#8221;none&#8221; column_border_radius=&#8221;none&#8221; width=&#8221;1\/1&#8243; column_border_width=&#8221;none&#8221; column_border_style=&#8221;solid&#8221;][vc_custom_heading text=&#8221;Sus tareas&#8221; font_container=&#8221;tag:h5|text_align:left|color:%236b6b6b&#8221; use_theme_fonts=&#8221;yes&#8221; css=&#8221;.vc_custom_1621669564520{margin-bottom: 10px !important;}&#8221;][vc_custom_heading text=&#8221;\u2022 Dominar las t\u00e9cnicas b\u00e1sicas de pasteler\u00eda &#8211; chocolater\u00eda &#8211; helader\u00eda,<br \/>\n\u2022 Dirigir el equipo de producci\u00f3n,<br \/>\n\u2022 Ser una fuerza motriz en la creaci\u00f3n y racionalizaci\u00f3n de productos,<br \/>\n\u2022 Garantizar el cumplimiento de las normas de seguridad y las buenas pr\u00e1cticas de higiene alimentaria,<br \/>\n\u2022 Garantizar el control de la calidad de la producci\u00f3n,<br \/>\n\u2022 Gestionar las existencias y las compras.&#8221; font_container=&#8221;tag:p|text_align:left|color:rgba(94%2C94%2C94%2C0.6)&#8221; use_theme_fonts=&#8221;yes&#8221;][vc_custom_heading text=&#8221;\u00bfTe reconoces en esta descripci\u00f3n y quieres unirte a la aventura de Olivier Bajard?<br \/>\nEntonces no espere m\u00e1s, env\u00edenos su CV y una carta de presentaci\u00f3n.<br \/>\n<em>Por favor, especifique el departamento para el que se presenta en el asunto de su correo electr\u00f3nico.<\/em>&#8221; font_container=&#8221;tag:p|text_align:left|color:%236b6b6b&#8221; use_theme_fonts=&#8221;yes&#8221;][nectar_btn size=&#8221;large&#8221; button_style=&#8221;see-through-2&#8243; hover_text_color_override=&#8221;#ffffff&#8221; icon_family=&#8221;none&#8221; url=&#8221;mailto:contact@olivier-bajard.com&#8221; text=&#8221;Solicito&#8221; margin_top=&#8221;30&#8243;][\/vc_column_inner][\/vc_row_inner][\/vc_column][vc_column column_padding=&#8221;no-extra-padding&#8221; column_padding_position=&#8221;all&#8221; background_color_opacity=&#8221;1&#8243; background_hover_color_opacity=&#8221;1&#8243; background_image=&#8221;19600&#8243; enable_bg_scale=&#8221;true&#8221; column_shadow=&#8221;none&#8221; column_border_radius=&#8221;none&#8221; width=&#8221;1\/2&#8243; tablet_text_alignment=&#8221;default&#8221; phone_text_alignment=&#8221;default&#8221; column_border_width=&#8221;none&#8221; column_border_style=&#8221;solid&#8221;][\/vc_column][\/vc_row][vc_row type=&#8221;full_width_content&#8221; full_screen_row_position=&#8221;middle&#8221; bg_color=&#8221;#000000&#8243; scene_position=&#8221;center&#8221; text_color=&#8221;dark&#8221; text_align=&#8221;center&#8221; overlay_strength=&#8221;0.3&#8243; shape_divider_position=&#8221;bottom&#8221; shape_type=&#8221;&#8221;][vc_column centered_text=&#8221;true&#8221; column_padding=&#8221;padding-1-percent&#8221; column_padding_position=&#8221;all&#8221; background_color=&#8221;#000000&#8243; background_color_opacity=&#8221;1&#8243; background_hover_color_opacity=&#8221;1&#8243; column_shadow=&#8221;none&#8221; column_border_radius=&#8221;none&#8221; width=&#8221;1\/1&#8243; tablet_text_alignment=&#8221;default&#8221; phone_text_alignment=&#8221;default&#8221; column_border_width=&#8221;none&#8221; column_border_style=&#8221;solid&#8221;][nectar_btn size=&#8221;large&#8221; button_style=&#8221;regular&#8221; button_color_2=&#8221;Accent-Color&#8221; icon_family=&#8221;fontawesome&#8221; url=&#8221;https:\/\/olivier-bajard.com\/es\/consulte-ofertas-empleo\/&#8221; text=&#8221;Trabajar en Olivier Bajard&#8221; css_animation=&#8221;bounceInLeft&#8221; icon_fontawesome=&#8221;fa fa-sort-desc&#8221;][\/vc_column][\/vc_row]\n","protected":false},"excerpt":{"rendered":"<p>[vc_row type=&#8221;full_width_background&#8221; full_screen_row_position=&#8221;middle&#8221; equal_height=&#8221;yes&#8221; bg_color=&#8221;#000000&#8243; scene_position=&#8221;center&#8221; text_color=&#8221;light&#8221; text_align=&#8221;center&#8221; overlay_strength=&#8221;0.3&#8243; shape_divider_position=&#8221;bottom&#8221; shape_type=&#8221;&#8221;][vc_column column_padding=&#8221;no-extra-padding&#8221; column_padding_position=&#8221;all&#8221; background_color_opacity=&#8221;1&#8243; background_hover_color_opacity=&#8221;1&#8243; column_shadow=&#8221;none&#8221; column_border_radius=&#8221;none&#8221; width=&#8221;1\/1&#8243; tablet_text_alignment=&#8221;default&#8221; phone_text_alignment=&#8221;default&#8221; column_border_width=&#8221;none&#8221; column_border_style=&#8221;solid&#8221;][\/vc_column][\/vc_row][vc_row type=&#8221;full_width_content&#8221; full_screen_row_position=&#8221;middle&#8221; equal_height=&#8221;yes&#8221; content_placement=&#8221;middle&#8221; bg_color=&#8221;#ffffff&#8221; scene_position=&#8221;center&#8221; text_color=&#8221;dark&#8221; text_align=&#8221;left&#8221;&#8230;<\/p>\n","protected":false},"author":6,"featured_media":0,"parent":0,"menu_order":0,"comment_status":"closed","ping_status":"closed","template":"","meta":{"footnotes":""},"class_list":["post-24608","page","type-page","status-publish"],"aioseo_notices":[],"yoast_head":"<!-- This site is optimized with the Yoast SEO plugin v25.1 - https:\/\/yoast.com\/wordpress\/plugins\/seo\/ -->\n<title>Responsable de pasteler\u00eda y\/o chocolater\u00eda - oferta de empleo<\/title>\n<meta name=\"description\" content=\"\u00bfAdoptas plenamente el esp\u00edritu de la empresa? \u00bfSue\u00f1a con unirse a un equipo apasionado? Encuentre todas nuestras ofertas de empleo.\" \/>\n<meta name=\"robots\" content=\"index, follow, max-snippet:-1, max-image-preview:large, max-video-preview:-1\" \/>\n<link rel=\"canonical\" href=\"https:\/\/olivier-bajard.com\/es\/responsable-pasteleria-chocolateria\/\" \/>\n<meta property=\"og:locale\" content=\"es_ES\" \/>\n<meta property=\"og:type\" content=\"article\" \/>\n<meta property=\"og:title\" content=\"Responsable de pasteler\u00eda y\/o chocolater\u00eda - oferta de empleo\" \/>\n<meta property=\"og:description\" content=\"\u00bfAdoptas plenamente el esp\u00edritu de la empresa? \u00bfSue\u00f1a con unirse a un equipo apasionado? Encuentre todas nuestras ofertas de empleo.\" \/>\n<meta property=\"og:url\" content=\"https:\/\/olivier-bajard.com\/es\/responsable-pasteleria-chocolateria\/\" \/>\n<meta property=\"og:site_name\" content=\"Olivier Bajard\" \/>\n<meta property=\"article:modified_time\" content=\"2022-03-23T10:16:38+00:00\" \/>\n<meta name=\"twitter:label1\" content=\"Tiempo de lectura\" \/>\n\t<meta name=\"twitter:data1\" content=\"3 minutos\" \/>\n<script type=\"application\/ld+json\" class=\"yoast-schema-graph\">{\"@context\":\"https:\/\/schema.org\",\"@graph\":[{\"@type\":\"WebPage\",\"@id\":\"https:\/\/olivier-bajard.com\/es\/responsable-pasteleria-chocolateria\/\",\"url\":\"https:\/\/olivier-bajard.com\/es\/responsable-pasteleria-chocolateria\/\",\"name\":\"Responsable de pasteler\u00eda y\/o chocolater\u00eda - oferta de empleo\",\"isPartOf\":{\"@id\":\"https:\/\/olivier-bajard.com\/#website\"},\"datePublished\":\"2022-03-23T10:15:47+00:00\",\"dateModified\":\"2022-03-23T10:16:38+00:00\",\"description\":\"\u00bfAdoptas plenamente el esp\u00edritu de la empresa? \u00bfSue\u00f1a con unirse a un equipo apasionado? Encuentre todas nuestras ofertas de empleo.\",\"breadcrumb\":{\"@id\":\"https:\/\/olivier-bajard.com\/es\/responsable-pasteleria-chocolateria\/#breadcrumb\"},\"inLanguage\":\"es\",\"potentialAction\":[{\"@type\":\"ReadAction\",\"target\":[\"https:\/\/olivier-bajard.com\/es\/responsable-pasteleria-chocolateria\/\"]}]},{\"@type\":\"BreadcrumbList\",\"@id\":\"https:\/\/olivier-bajard.com\/es\/responsable-pasteleria-chocolateria\/#breadcrumb\",\"itemListElement\":[{\"@type\":\"ListItem\",\"position\":1,\"name\":\"Accueil\",\"item\":\"https:\/\/olivier-bajard.com\/es\/\"},{\"@type\":\"ListItem\",\"position\":2,\"name\":\"Responsable de pasteler\u00eda y\/o chocolater\u00eda\"}]},{\"@type\":\"WebSite\",\"@id\":\"https:\/\/olivier-bajard.com\/#website\",\"url\":\"https:\/\/olivier-bajard.com\/\",\"name\":\"Olivier Bajard\",\"description\":\"Meilleur Ouvrier de France de P\u00e2tisserie\",\"publisher\":{\"@id\":\"https:\/\/olivier-bajard.com\/#organization\"},\"potentialAction\":[{\"@type\":\"SearchAction\",\"target\":{\"@type\":\"EntryPoint\",\"urlTemplate\":\"https:\/\/olivier-bajard.com\/?s={search_term_string}\"},\"query-input\":{\"@type\":\"PropertyValueSpecification\",\"valueRequired\":true,\"valueName\":\"search_term_string\"}}],\"inLanguage\":\"es\"},{\"@type\":\"Organization\",\"@id\":\"https:\/\/olivier-bajard.com\/#organization\",\"name\":\"pcbo sarl\",\"url\":\"https:\/\/olivier-bajard.com\/\",\"logo\":{\"@type\":\"ImageObject\",\"inLanguage\":\"es\",\"@id\":\"https:\/\/olivier-bajard.com\/#\/schema\/logo\/image\/\",\"url\":\"https:\/\/olivier-bajard.com\/wp-content\/uploads\/CarreNB-original-1.5CM.jpg\",\"contentUrl\":\"https:\/\/olivier-bajard.com\/wp-content\/uploads\/CarreNB-original-1.5CM.jpg\",\"width\":177,\"height\":177,\"caption\":\"pcbo sarl\"},\"image\":{\"@id\":\"https:\/\/olivier-bajard.com\/#\/schema\/logo\/image\/\"}}]}<\/script>\n<!-- \/ Yoast SEO plugin. -->","yoast_head_json":{"title":"Responsable de pasteler\u00eda y\/o chocolater\u00eda - oferta de empleo","description":"\u00bfAdoptas plenamente el esp\u00edritu de la empresa? \u00bfSue\u00f1a con unirse a un equipo apasionado? Encuentre todas nuestras ofertas de empleo.","robots":{"index":"index","follow":"follow","max-snippet":"max-snippet:-1","max-image-preview":"max-image-preview:large","max-video-preview":"max-video-preview:-1"},"canonical":"https:\/\/olivier-bajard.com\/es\/responsable-pasteleria-chocolateria\/","og_locale":"es_ES","og_type":"article","og_title":"Responsable de pasteler\u00eda y\/o chocolater\u00eda - oferta de empleo","og_description":"\u00bfAdoptas plenamente el esp\u00edritu de la empresa? \u00bfSue\u00f1a con unirse a un equipo apasionado? Encuentre todas nuestras ofertas de empleo.","og_url":"https:\/\/olivier-bajard.com\/es\/responsable-pasteleria-chocolateria\/","og_site_name":"Olivier Bajard","article_modified_time":"2022-03-23T10:16:38+00:00","twitter_misc":{"Tiempo de lectura":"3 minutos"},"schema":{"@context":"https:\/\/schema.org","@graph":[{"@type":"WebPage","@id":"https:\/\/olivier-bajard.com\/es\/responsable-pasteleria-chocolateria\/","url":"https:\/\/olivier-bajard.com\/es\/responsable-pasteleria-chocolateria\/","name":"Responsable de pasteler\u00eda y\/o chocolater\u00eda - oferta de empleo","isPartOf":{"@id":"https:\/\/olivier-bajard.com\/#website"},"datePublished":"2022-03-23T10:15:47+00:00","dateModified":"2022-03-23T10:16:38+00:00","description":"\u00bfAdoptas plenamente el esp\u00edritu de la empresa? \u00bfSue\u00f1a con unirse a un equipo apasionado? Encuentre todas nuestras ofertas de empleo.","breadcrumb":{"@id":"https:\/\/olivier-bajard.com\/es\/responsable-pasteleria-chocolateria\/#breadcrumb"},"inLanguage":"es","potentialAction":[{"@type":"ReadAction","target":["https:\/\/olivier-bajard.com\/es\/responsable-pasteleria-chocolateria\/"]}]},{"@type":"BreadcrumbList","@id":"https:\/\/olivier-bajard.com\/es\/responsable-pasteleria-chocolateria\/#breadcrumb","itemListElement":[{"@type":"ListItem","position":1,"name":"Accueil","item":"https:\/\/olivier-bajard.com\/es\/"},{"@type":"ListItem","position":2,"name":"Responsable de pasteler\u00eda y\/o chocolater\u00eda"}]},{"@type":"WebSite","@id":"https:\/\/olivier-bajard.com\/#website","url":"https:\/\/olivier-bajard.com\/","name":"Olivier Bajard","description":"Meilleur Ouvrier de France de P\u00e2tisserie","publisher":{"@id":"https:\/\/olivier-bajard.com\/#organization"},"potentialAction":[{"@type":"SearchAction","target":{"@type":"EntryPoint","urlTemplate":"https:\/\/olivier-bajard.com\/?s={search_term_string}"},"query-input":{"@type":"PropertyValueSpecification","valueRequired":true,"valueName":"search_term_string"}}],"inLanguage":"es"},{"@type":"Organization","@id":"https:\/\/olivier-bajard.com\/#organization","name":"pcbo sarl","url":"https:\/\/olivier-bajard.com\/","logo":{"@type":"ImageObject","inLanguage":"es","@id":"https:\/\/olivier-bajard.com\/#\/schema\/logo\/image\/","url":"https:\/\/olivier-bajard.com\/wp-content\/uploads\/CarreNB-original-1.5CM.jpg","contentUrl":"https:\/\/olivier-bajard.com\/wp-content\/uploads\/CarreNB-original-1.5CM.jpg","width":177,"height":177,"caption":"pcbo sarl"},"image":{"@id":"https:\/\/olivier-bajard.com\/#\/schema\/logo\/image\/"}}]}},"_links":{"self":[{"href":"https:\/\/olivier-bajard.com\/es\/wp-json\/wp\/v2\/pages\/24608","targetHints":{"allow":["GET"]}}],"collection":[{"href":"https:\/\/olivier-bajard.com\/es\/wp-json\/wp\/v2\/pages"}],"about":[{"href":"https:\/\/olivier-bajard.com\/es\/wp-json\/wp\/v2\/types\/page"}],"author":[{"embeddable":true,"href":"https:\/\/olivier-bajard.com\/es\/wp-json\/wp\/v2\/users\/6"}],"replies":[{"embeddable":true,"href":"https:\/\/olivier-bajard.com\/es\/wp-json\/wp\/v2\/comments?post=24608"}],"version-history":[{"count":0,"href":"https:\/\/olivier-bajard.com\/es\/wp-json\/wp\/v2\/pages\/24608\/revisions"}],"wp:attachment":[{"href":"https:\/\/olivier-bajard.com\/es\/wp-json\/wp\/v2\/media?parent=24608"}],"curies":[{"name":"wp","href":"https:\/\/api.w.org\/{rel}","templated":true}]}}