{"id":26033,"date":"2022-06-29T15:28:19","date_gmt":"2022-06-29T14:28:19","guid":{"rendered":"https:\/\/olivier-bajard.com\/programa-talleres-para-aficionados\/"},"modified":"2022-07-06T17:09:05","modified_gmt":"2022-07-06T16:09:05","slug":"programa-talleres-aficionados","status":"publish","type":"page","link":"https:\/\/olivier-bajard.com\/es\/programa-talleres-aficionados\/","title":{"rendered":"Programa Talleres para aficionados"},"content":{"rendered":"[vc_row type=&#8221;full_width_background&#8221; full_screen_row_position=&#8221;middle&#8221; bg_color=&#8221;#000000&#8243; scene_position=&#8221;center&#8221; text_color=&#8221;light&#8221; text_align=&#8221;left&#8221; top_padding=&#8221;7%&#8221; enable_gradient=&#8221;true&#8221; color_overlay=&#8221;#000000&#8243; color_overlay_2=&#8221;#000000&#8243; gradient_direction=&#8221;left_t_to_right_b&#8221; overlay_strength=&#8221;1&#8243; shape_divider_position=&#8221;bottom&#8221; shape_type=&#8221;&#8221;][vc_column centered_text=&#8221;true&#8221; column_padding=&#8221;no-extra-padding&#8221; column_padding_position=&#8221;all&#8221; background_color_opacity=&#8221;1&#8243; background_hover_color_opacity=&#8221;1&#8243; column_shadow=&#8221;none&#8221; column_border_radius=&#8221;none&#8221; width=&#8221;1\/1&#8243; tablet_text_alignment=&#8221;default&#8221; phone_text_alignment=&#8221;default&#8221; column_border_width=&#8221;none&#8221; column_border_style=&#8221;solid&#8221;][nectar_animated_title heading_tag=&#8221;h2&#8243; style=&#8221;hinge-drop&#8221; color=&#8221;Accent-Color&#8221; text=&#8221;Programa 2022&#8243;][nectar_animated_title heading_tag=&#8221;h5&#8243; style=&#8221;hinge-drop&#8221; color=&#8221;Accent-Color&#8221; text=&#8221;Las fechas del pr\u00f3ximo semestre se publicar\u00e1n a principios de septiembre&#8221;][carousel script=&#8221;flickity&#8221; flickity_formatting=&#8221;default&#8221; desktop_cols_flickity=&#8221;3&#8243; desktop_small_cols_flickity=&#8221;3&#8243; tablet_cols_flickity=&#8221;2&#8243; column_padding=&#8221;5px&#8221; autorotate=&#8221;true&#8221; column_color=&#8221;#000000&#8243; border_radius=&#8221;5px&#8221; autorotation_speed=&#8221;20000&#8243;][item title=&#8221;\u00c9l\u00e9ment&#8221; id=&#8221;1644332269318-0-0&#8243; tab_id=&#8221;1644332269320-6&#8243;][fancy_box box_style=&#8221;default&#8221; icon_family=&#8221;none&#8221; image_url=&#8221;19355&#8243; link_new_tab=&#8221;true&#8221; color=&#8221;Accent-Color&#8221; link_url=&#8221;https:\/\/olivier-bajard.com\/es\/en-torno-a-la-pate-a-choux-talleres-para-aficionados\/&#8221; link_text=&#8221;Reservo&#8221; min_height=&#8221;400&#8243;]\n<h3>S\u00e1bado 25 de Junio de 2022<\/h3>\n<p><strong>En torno a la P\u00e2te \u00e0 Choux<\/strong><br \/>\nDe 8h30 a 11h30<br \/>\n<em>Presentado por <strong>R\u00e9my Pourcharet<\/strong><\/em><br \/>\n<em>Director de producci\u00f3n en Olivier Bajard<\/em>[\/fancy_box][\/item][item title=&#8221;\u00c9l\u00e9ment&#8221; id=&#8221;1648145420831-0-8&#8243; tab_id=&#8221;1648145420833-5&#8243;][fancy_box box_style=&#8221;default&#8221; icon_family=&#8221;none&#8221; image_url=&#8221;22874&#8243; link_new_tab=&#8221;true&#8221; color=&#8221;Accent-Color&#8221; link_text=&#8221;Reservo&#8221; link_url=&#8221;https:\/\/olivier-bajard.com\/es\/macarrones-san-valentin-talleres-aficionados\/&#8221; min_height=&#8221;400&#8243;]\n<h3>S\u00e1bado 12 de Febrero de 2022<\/h3>\n<p><strong>Macarrones de San Valent\u00edn<\/strong><br \/>\nDe 8h30 a 11h30<br \/>\n<em>Presentado por <strong>Olivier Bajard<\/strong><\/em>[\/fancy_box][\/item][item title=&#8221;\u00c9l\u00e9ment&#8221; id=&#8221;1648145552773-0-2&#8243; tab_id=&#8221;1648145552775-10&#8243;][fancy_box box_style=&#8221;default&#8221; icon_family=&#8221;none&#8221; image_url=&#8221;20456&#8243; link_new_tab=&#8221;true&#8221; color=&#8221;Accent-Color&#8221; link_text=&#8221;Reservo&#8221; min_height=&#8221;400&#8243; link_url=&#8221;https:\/\/olivier-bajard.com\/es\/postre-temporada-talleres-aficionados\/&#8221;]\n<h3>S\u00e1bado 12 de Marzo de 2022<\/h3>\n<p><strong>Postre de temporada<\/strong><br \/>\nDe 8h30 a 11h30<br \/>\n<em>Presentado por <strong>R\u00e9my Pourcharet<\/strong><\/em><br \/>\n<em>Director de producci\u00f3n en Olivier Bajard<\/em>[\/fancy_box][\/item][item title=&#8221;\u00c9l\u00e9ment&#8221; id=&#8221;1648145664187-0-5&#8243; tab_id=&#8221;1648145664188-10&#8243;][fancy_box box_style=&#8221;default&#8221; icon_family=&#8221;none&#8221; image_url=&#8221;12264&#8243; link_new_tab=&#8221;true&#8221; color=&#8221;Accent-Color&#8221; link_text=&#8221;Reservo&#8221; min_height=&#8221;400&#8243; link_url=&#8221;https:\/\/olivier-bajard.com\/es\/saint-honore-talleres-para-aficionados\/&#8221;]\n<h3>S\u00e1bado 19 de Marzo de 2022<\/h3>\n<p><strong>Saint-honor\u00e9<\/strong><br \/>\nDe 8h30 a 11h30<br \/>\n<em>Presentado por <strong>Olivier Bajard<\/strong><\/em>[\/fancy_box][\/item][item title=&#8221;\u00c9l\u00e9ment&#8221; id=&#8221;1651823585853-0-1&#8243; tab_id=&#8221;1651823585856-1&#8243;][fancy_box box_style=&#8221;default&#8221; icon_family=&#8221;none&#8221; image_url=&#8221;22906&#8243; link_new_tab=&#8221;true&#8221; color=&#8221;Accent-Color&#8221; link_url=&#8221;https:\/\/olivier-bajard.com\/es\/chocolates-de-pascua-talleres-para-aficionados\/&#8221; link_text=&#8221;Reservo&#8221; min_height=&#8221;400&#8243;]\n<h3>S\u00e1bado 26 de Marzo de 2022<\/h3>\n<p><strong>Chocolate de Pascua<\/strong><br \/>\nDe 8h30 a 11h30<br \/>\n<em>Presentado por <strong>R\u00e9my Pourcharet<\/strong><\/em><br \/>\n<em>Director de producci\u00f3n en Olivier Bajard<\/em>[\/fancy_box][\/item][item title=&#8221;\u00c9l\u00e9ment&#8221; id=&#8221;1651823735775-0-2&#8243; tab_id=&#8221;1651823735778-7&#8243;][fancy_box box_style=&#8221;default&#8221; icon_family=&#8221;none&#8221; image_url=&#8221;20452&#8243; link_new_tab=&#8221;true&#8221; color=&#8221;Accent-Color&#8221; link_url=&#8221;https:\/\/olivier-bajard.com\/es\/los-macarrones-talleres-para-aficionados\/&#8221; link_text=&#8221;Reservo&#8221; min_height=&#8221;400&#8243;]\n<h3>S\u00e1bado 30 de Abril de 2022<\/h3>\n<p><strong>Macarrones<\/strong><br \/>\nDe 8h30 a 11h30<br \/>\n<em>Presentado por <strong>Olivier Bajard<\/strong><\/em>[\/fancy_box][\/item][item title=&#8221;\u00c9l\u00e9ment&#8221; id=&#8221;1644331517686-0-0&#8243; tab_id=&#8221;1644331517687-4&#8243;][fancy_box box_style=&#8221;default&#8221; icon_family=&#8221;none&#8221; image_url=&#8221;22896&#8243; link_new_tab=&#8221;true&#8221; color=&#8221;Accent-Color&#8221; link_url=&#8221;https:\/\/olivier-bajard.com\/es\/el-madrono-talleres-para-aficionados&#8221; link_text=&#8221;Reservo&#8221; min_height=&#8221;400&#8243;]\n<h3>S\u00e1bado 21 de Mayo de 2022<\/h3>\n<p><strong>El madro\u00f1o<\/strong><br \/>\nDe 8h30 a 11h30<br \/>\n<em>Presentado por <strong>R\u00e9my Pourcharet<\/strong><\/em><br \/>\n<em>Director de producci\u00f3n en Olivier Bajard<\/em>[\/fancy_box][\/item][item title=&#8221;\u00c9l\u00e9ment&#8221; id=&#8221;1644331685608-0-9&#8243; tab_id=&#8221;1644331685610-5&#8243;][fancy_box box_style=&#8221;default&#8221; icon_family=&#8221;none&#8221; image_url=&#8221;8780&#8243; link_new_tab=&#8221;true&#8221; color=&#8221;Accent-Color&#8221; link_url=&#8221;https:\/\/olivier-bajard.com\/es\/tarta-del-dia-de-la-madre-talleres-para-aficionados\/&#8221; link_text=&#8221;Reservo&#8221; min_height=&#8221;400&#8243;]\n<h3>S\u00e1bado 28 de Mayo de 2022<\/h3>\n<p><strong>Tarta del D\u00eda del Madre<\/strong><br \/>\nDe 8h30 a 11h30<br \/>\n<em>Presentado por <strong>Olivier Bajard<\/strong><\/em><br \/>\n<em>* Taller s\u00f3lo para menores<\/em>[\/fancy_box][\/item][item title=&#8221;\u00c9l\u00e9ment&#8221; id=&#8221;1644330119067-0-10&#8243; tab_id=&#8221;1644330119070-2&#8243;][fancy_box box_style=&#8221;default&#8221; icon_family=&#8221;none&#8221; image_url=&#8221;22880&#8243; link_new_tab=&#8221;true&#8221; color=&#8221;Accent-Color&#8221; link_url=&#8221;https:\/\/olivier-bajard.com\/es\/alrededor-del-brioche-talleres-para-aficionados\/&#8221; link_text=&#8221;Reservo&#8221; min_height=&#8221;400&#8243;]\n<h3>S\u00e1bado 04 de Junio de 2022<\/h3>\n<p><strong>Alrededor del brioche<\/strong><br \/>\nDe 8h30 a 11h30<br \/>\n<em>Presentado por <strong>Olivier Bajard<\/strong><\/em>[\/fancy_box][\/item][item title=&#8221;\u00c9l\u00e9ment&#8221; id=&#8221;1644331914991-0-8&#8243; tab_id=&#8221;1644331914993-3&#8243;][fancy_box box_style=&#8221;default&#8221; icon_family=&#8221;none&#8221; image_url=&#8221;20370&#8243; link_new_tab=&#8221;true&#8221; color=&#8221;Accent-Color&#8221; link_url=&#8221;https:\/\/olivier-bajard.com\/es\/los-macarrones-talleres-para-aficionados-2\/&#8221; link_text=&#8221;Reservo&#8221; min_height=&#8221;400&#8243;]\n<h3>S\u00e1bado 11 de Junio de 2022<\/h3>\n<p><strong>Macarrones<\/strong><br \/>\nDe 8h30 a 11h30<br \/>\n<em>Presentado por <strong>R\u00e9my Pourcharet<\/strong><\/em><br \/>\n<em>Director de producci\u00f3n en Olivier Bajard<\/em>[\/fancy_box][\/item][item title=&#8221;\u00c9l\u00e9ment&#8221; id=&#8221;1644332132050-0-0&#8243; tab_id=&#8221;1644332132052-10&#8243;][fancy_box box_style=&#8221;default&#8221; icon_family=&#8221;none&#8221; image_url=&#8221;22917&#8243; link_new_tab=&#8221;true&#8221; color=&#8221;Accent-Color&#8221; link_url=&#8221;https:\/\/olivier-bajard.com\/es\/tarta-del-dia-del-padre-talleres-para-aficionados\/&#8221; link_text=&#8221;Reservo&#8221; min_height=&#8221;400&#8243;]\n<h3>S\u00e1bado 18 de Junio de 2022<\/h3>\n<p><strong>Tarta del D\u00eda del Padre<\/strong><br \/>\nDe 8h30 a 11h30<br \/>\n<em>Presentado por <strong>Olivier Bajard<\/strong><\/em><br \/>\n<em>* Taller s\u00f3lo para menores<\/em>[\/fancy_box][\/item][\/carousel][vc_column_text css=&#8221;.vc_custom_1629812806977{margin-top: 3px !important;background-color: #000000 !important;}&#8221;]\n<h5 style=\"text-align: center;\">Suite\u00a0\u25b6<\/h5>\n[\/vc_column_text]<div class=\"divider-wrap\"><div style=\"height: 50px;\" class=\"divider\"><\/div><\/div>[\/vc_column][\/vc_row][full_width_section type=&#8221;full_width_content&#8221; vertically_center_columns=&#8221;true&#8221; image_url=&#8221;1339&#8243; bg_pos=&#8221;Center Center&#8221; background_color=&#8221;#0a0a0a&#8221; text_color=&#8221;light&#8221; top_padding=&#8221;25&#8243; bottom_padding=&#8221;20&#8243;][vc_column centered_text=&#8221;true&#8221; column_padding=&#8221;no-extra-padding&#8221; column_padding_position=&#8221;bottom&#8221; background_color=&#8221;#0a0a0a&#8221; background_color_opacity=&#8221;1&#8243; background_hover_color_opacity=&#8221;1&#8243; column_shadow=&#8221;none&#8221; column_border_radius=&#8221;none&#8221; width=&#8221;1\/4&#8243; tablet_text_alignment=&#8221;default&#8221; phone_text_alignment=&#8221;default&#8221; column_border_width=&#8221;none&#8221; column_border_style=&#8221;solid&#8221;][vc_column_text]<a class=\"nectar-button large accent-color has-icon regular-button\"  href=\"https:\/\/olivier-bajard.com\/es\/talleres-informacion-practica\/\" data-color-override=\"false\" data-hover-color-override=\"false\" data-hover-text-color-override=\"#FFF6EE\"><span>Informaci\u00f3n pr\u00e1ctica<\/span><i class=\"icon-button-arrow\"><\/i><\/a>[\/vc_column_text][\/vc_column][vc_column centered_text=&#8221;true&#8221; column_padding=&#8221;no-extra-padding&#8221; column_padding_position=&#8221;bottom&#8221; background_color=&#8221;#0a0a0a&#8221; background_color_opacity=&#8221;1&#8243; background_hover_color_opacity=&#8221;1&#8243; column_shadow=&#8221;none&#8221; column_border_radius=&#8221;none&#8221; width=&#8221;1\/4&#8243; tablet_text_alignment=&#8221;default&#8221; phone_text_alignment=&#8221;default&#8221; column_border_width=&#8221;none&#8221; column_border_style=&#8221;solid&#8221;][vc_column_text]<a class=\"nectar-button large accent-color has-icon regular-button\"  href=\"https:\/\/olivier-bajard.com\/es\/categorie-produit\/talleres-es\/\" data-color-override=\"false\" data-hover-color-override=\"false\" data-hover-text-color-override=\"#FFF6EE\"><span>Regalar un cheque regalo para un taller<\/span><i class=\"icon-button-arrow\"><\/i><\/a>[\/vc_column_text][\/vc_column][vc_column centered_text=&#8221;true&#8221; column_padding=&#8221;no-extra-padding&#8221; column_padding_position=&#8221;bottom&#8221; background_color=&#8221;#0a0a0a&#8221; background_color_opacity=&#8221;1&#8243; background_hover_color_opacity=&#8221;1&#8243; column_shadow=&#8221;none&#8221; column_border_radius=&#8221;none&#8221; width=&#8221;1\/4&#8243; tablet_text_alignment=&#8221;default&#8221; phone_text_alignment=&#8221;default&#8221; column_border_width=&#8221;none&#8221; column_border_style=&#8221;solid&#8221;][vc_column_text]<span style=\"vertical-align: inherit;\"><a class=\"nectar-button large accent-color has-icon regular-button\"  href=\"https:\/\/olivier-bajard.com\/es\/inscripcion-en-las-clases-de-pasteleria\/\" data-color-override=\"false\" data-hover-color-override=\"false\" data-hover-text-color-override=\"#FFF6EE\"><span> inscribirse en el curso !<\/span><i class=\"icon-button-arrow\"><\/i><\/a><\/span>[\/vc_column_text][\/vc_column][vc_column centered_text=&#8221;true&#8221; column_padding=&#8221;no-extra-padding&#8221; column_padding_position=&#8221;bottom&#8221; background_color=&#8221;#0a0a0a&#8221; background_color_opacity=&#8221;1&#8243; background_hover_color_opacity=&#8221;1&#8243; column_shadow=&#8221;none&#8221; column_border_radius=&#8221;none&#8221; width=&#8221;1\/4&#8243; tablet_text_alignment=&#8221;default&#8221; phone_text_alignment=&#8221;default&#8221; column_border_width=&#8221;none&#8221; column_border_style=&#8221;solid&#8221;][vc_column_text]<a class=\"nectar-button large accent-color has-icon regular-button\"  href=\"\/es\/contacto\" data-color-override=\"false\" data-hover-color-override=\"false\" data-hover-text-color-override=\"#FFF6EE\"><span>\u00bfNecesita informaci\u00f3n?<\/span><i class=\"icon-button-arrow\"><\/i><\/a>[\/vc_column_text][\/vc_column][\/full_width_section]\n","protected":false},"excerpt":{"rendered":"<p>[vc_row type=&#8221;full_width_background&#8221; full_screen_row_position=&#8221;middle&#8221; bg_color=&#8221;#000000&#8243; scene_position=&#8221;center&#8221; text_color=&#8221;light&#8221; text_align=&#8221;left&#8221; top_padding=&#8221;7%&#8221; enable_gradient=&#8221;true&#8221; color_overlay=&#8221;#000000&#8243; color_overlay_2=&#8221;#000000&#8243; gradient_direction=&#8221;left_t_to_right_b&#8221; overlay_strength=&#8221;1&#8243; shape_divider_position=&#8221;bottom&#8221; shape_type=&#8221;&#8221;][vc_column centered_text=&#8221;true&#8221; column_padding=&#8221;no-extra-padding&#8221; column_padding_position=&#8221;all&#8221; background_color_opacity=&#8221;1&#8243; background_hover_color_opacity=&#8221;1&#8243; column_shadow=&#8221;none&#8221; column_border_radius=&#8221;none&#8221; width=&#8221;1\/1&#8243; tablet_text_alignment=&#8221;default&#8221; phone_text_alignment=&#8221;default&#8221; column_border_width=&#8221;none&#8221; column_border_style=&#8221;solid&#8221;][nectar_animated_title heading_tag=&#8221;h2&#8243; style=&#8221;hinge-drop&#8221; color=&#8221;Accent-Color&#8221;&#8230;<\/p>\n","protected":false},"author":6,"featured_media":0,"parent":0,"menu_order":0,"comment_status":"closed","ping_status":"closed","template":"","meta":{"footnotes":""},"class_list":["post-26033","page","type-page","status-publish"],"aioseo_notices":[],"yoast_head":"<!-- This site is optimized with the Yoast SEO plugin v25.1 - https:\/\/yoast.com\/wordpress\/plugins\/seo\/ -->\n<title>Programa Talleres para aficionados - La Escuela de Pasteler\u00eda<\/title>\n<meta name=\"description\" content=\"La Escuela de Pasteler\u00eda abre de nuevo sus puertas a los aficionados a la gastronom\u00eda. Vamos a pasar un gran momento de codicia y convivencia, \u00a1coged vuestros delantales!\" \/>\n<meta name=\"robots\" content=\"index, follow, max-snippet:-1, max-image-preview:large, max-video-preview:-1\" \/>\n<link rel=\"canonical\" href=\"https:\/\/olivier-bajard.com\/es\/programa-talleres-aficionados\/\" \/>\n<meta property=\"og:locale\" content=\"es_ES\" \/>\n<meta property=\"og:type\" content=\"article\" \/>\n<meta property=\"og:title\" content=\"Programa Talleres para aficionados - La Escuela de Pasteler\u00eda\" \/>\n<meta property=\"og:description\" content=\"La Escuela de Pasteler\u00eda abre de nuevo sus puertas a los aficionados a la gastronom\u00eda. Vamos a pasar un gran momento de codicia y convivencia, \u00a1coged vuestros delantales!\" \/>\n<meta property=\"og:url\" content=\"https:\/\/olivier-bajard.com\/es\/programa-talleres-aficionados\/\" \/>\n<meta property=\"og:site_name\" content=\"Olivier Bajard\" \/>\n<meta property=\"article:modified_time\" content=\"2022-07-06T16:09:05+00:00\" \/>\n<meta name=\"twitter:label1\" content=\"Tiempo de lectura\" \/>\n\t<meta name=\"twitter:data1\" content=\"3 minutos\" \/>\n<script type=\"application\/ld+json\" class=\"yoast-schema-graph\">{\"@context\":\"https:\/\/schema.org\",\"@graph\":[{\"@type\":\"WebPage\",\"@id\":\"https:\/\/olivier-bajard.com\/es\/programa-talleres-aficionados\/\",\"url\":\"https:\/\/olivier-bajard.com\/es\/programa-talleres-aficionados\/\",\"name\":\"Programa Talleres para aficionados - La Escuela de Pasteler\u00eda\",\"isPartOf\":{\"@id\":\"https:\/\/olivier-bajard.com\/#website\"},\"datePublished\":\"2022-06-29T14:28:19+00:00\",\"dateModified\":\"2022-07-06T16:09:05+00:00\",\"description\":\"La Escuela de Pasteler\u00eda abre de nuevo sus puertas a los aficionados a la gastronom\u00eda. Vamos a pasar un gran momento de codicia y convivencia, \u00a1coged vuestros delantales!\",\"breadcrumb\":{\"@id\":\"https:\/\/olivier-bajard.com\/es\/programa-talleres-aficionados\/#breadcrumb\"},\"inLanguage\":\"es\",\"potentialAction\":[{\"@type\":\"ReadAction\",\"target\":[\"https:\/\/olivier-bajard.com\/es\/programa-talleres-aficionados\/\"]}]},{\"@type\":\"BreadcrumbList\",\"@id\":\"https:\/\/olivier-bajard.com\/es\/programa-talleres-aficionados\/#breadcrumb\",\"itemListElement\":[{\"@type\":\"ListItem\",\"position\":1,\"name\":\"Accueil\",\"item\":\"https:\/\/olivier-bajard.com\/es\/\"},{\"@type\":\"ListItem\",\"position\":2,\"name\":\"Programa Talleres para aficionados\"}]},{\"@type\":\"WebSite\",\"@id\":\"https:\/\/olivier-bajard.com\/#website\",\"url\":\"https:\/\/olivier-bajard.com\/\",\"name\":\"Olivier Bajard\",\"description\":\"Meilleur Ouvrier de France de P\u00e2tisserie\",\"publisher\":{\"@id\":\"https:\/\/olivier-bajard.com\/#organization\"},\"potentialAction\":[{\"@type\":\"SearchAction\",\"target\":{\"@type\":\"EntryPoint\",\"urlTemplate\":\"https:\/\/olivier-bajard.com\/?s={search_term_string}\"},\"query-input\":{\"@type\":\"PropertyValueSpecification\",\"valueRequired\":true,\"valueName\":\"search_term_string\"}}],\"inLanguage\":\"es\"},{\"@type\":\"Organization\",\"@id\":\"https:\/\/olivier-bajard.com\/#organization\",\"name\":\"pcbo sarl\",\"url\":\"https:\/\/olivier-bajard.com\/\",\"logo\":{\"@type\":\"ImageObject\",\"inLanguage\":\"es\",\"@id\":\"https:\/\/olivier-bajard.com\/#\/schema\/logo\/image\/\",\"url\":\"https:\/\/olivier-bajard.com\/wp-content\/uploads\/CarreNB-original-1.5CM.jpg\",\"contentUrl\":\"https:\/\/olivier-bajard.com\/wp-content\/uploads\/CarreNB-original-1.5CM.jpg\",\"width\":177,\"height\":177,\"caption\":\"pcbo sarl\"},\"image\":{\"@id\":\"https:\/\/olivier-bajard.com\/#\/schema\/logo\/image\/\"}}]}<\/script>\n<!-- \/ Yoast SEO plugin. -->","yoast_head_json":{"title":"Programa Talleres para aficionados - La Escuela de Pasteler\u00eda","description":"La Escuela de Pasteler\u00eda abre de nuevo sus puertas a los aficionados a la gastronom\u00eda. Vamos a pasar un gran momento de codicia y convivencia, \u00a1coged vuestros delantales!","robots":{"index":"index","follow":"follow","max-snippet":"max-snippet:-1","max-image-preview":"max-image-preview:large","max-video-preview":"max-video-preview:-1"},"canonical":"https:\/\/olivier-bajard.com\/es\/programa-talleres-aficionados\/","og_locale":"es_ES","og_type":"article","og_title":"Programa Talleres para aficionados - La Escuela de Pasteler\u00eda","og_description":"La Escuela de Pasteler\u00eda abre de nuevo sus puertas a los aficionados a la gastronom\u00eda. Vamos a pasar un gran momento de codicia y convivencia, \u00a1coged vuestros delantales!","og_url":"https:\/\/olivier-bajard.com\/es\/programa-talleres-aficionados\/","og_site_name":"Olivier Bajard","article_modified_time":"2022-07-06T16:09:05+00:00","twitter_misc":{"Tiempo de lectura":"3 minutos"},"schema":{"@context":"https:\/\/schema.org","@graph":[{"@type":"WebPage","@id":"https:\/\/olivier-bajard.com\/es\/programa-talleres-aficionados\/","url":"https:\/\/olivier-bajard.com\/es\/programa-talleres-aficionados\/","name":"Programa Talleres para aficionados - La Escuela de Pasteler\u00eda","isPartOf":{"@id":"https:\/\/olivier-bajard.com\/#website"},"datePublished":"2022-06-29T14:28:19+00:00","dateModified":"2022-07-06T16:09:05+00:00","description":"La Escuela de Pasteler\u00eda abre de nuevo sus puertas a los aficionados a la gastronom\u00eda. Vamos a pasar un gran momento de codicia y convivencia, \u00a1coged vuestros delantales!","breadcrumb":{"@id":"https:\/\/olivier-bajard.com\/es\/programa-talleres-aficionados\/#breadcrumb"},"inLanguage":"es","potentialAction":[{"@type":"ReadAction","target":["https:\/\/olivier-bajard.com\/es\/programa-talleres-aficionados\/"]}]},{"@type":"BreadcrumbList","@id":"https:\/\/olivier-bajard.com\/es\/programa-talleres-aficionados\/#breadcrumb","itemListElement":[{"@type":"ListItem","position":1,"name":"Accueil","item":"https:\/\/olivier-bajard.com\/es\/"},{"@type":"ListItem","position":2,"name":"Programa Talleres para aficionados"}]},{"@type":"WebSite","@id":"https:\/\/olivier-bajard.com\/#website","url":"https:\/\/olivier-bajard.com\/","name":"Olivier Bajard","description":"Meilleur Ouvrier de France de P\u00e2tisserie","publisher":{"@id":"https:\/\/olivier-bajard.com\/#organization"},"potentialAction":[{"@type":"SearchAction","target":{"@type":"EntryPoint","urlTemplate":"https:\/\/olivier-bajard.com\/?s={search_term_string}"},"query-input":{"@type":"PropertyValueSpecification","valueRequired":true,"valueName":"search_term_string"}}],"inLanguage":"es"},{"@type":"Organization","@id":"https:\/\/olivier-bajard.com\/#organization","name":"pcbo sarl","url":"https:\/\/olivier-bajard.com\/","logo":{"@type":"ImageObject","inLanguage":"es","@id":"https:\/\/olivier-bajard.com\/#\/schema\/logo\/image\/","url":"https:\/\/olivier-bajard.com\/wp-content\/uploads\/CarreNB-original-1.5CM.jpg","contentUrl":"https:\/\/olivier-bajard.com\/wp-content\/uploads\/CarreNB-original-1.5CM.jpg","width":177,"height":177,"caption":"pcbo sarl"},"image":{"@id":"https:\/\/olivier-bajard.com\/#\/schema\/logo\/image\/"}}]}},"_links":{"self":[{"href":"https:\/\/olivier-bajard.com\/es\/wp-json\/wp\/v2\/pages\/26033","targetHints":{"allow":["GET"]}}],"collection":[{"href":"https:\/\/olivier-bajard.com\/es\/wp-json\/wp\/v2\/pages"}],"about":[{"href":"https:\/\/olivier-bajard.com\/es\/wp-json\/wp\/v2\/types\/page"}],"author":[{"embeddable":true,"href":"https:\/\/olivier-bajard.com\/es\/wp-json\/wp\/v2\/users\/6"}],"replies":[{"embeddable":true,"href":"https:\/\/olivier-bajard.com\/es\/wp-json\/wp\/v2\/comments?post=26033"}],"version-history":[{"count":0,"href":"https:\/\/olivier-bajard.com\/es\/wp-json\/wp\/v2\/pages\/26033\/revisions"}],"wp:attachment":[{"href":"https:\/\/olivier-bajard.com\/es\/wp-json\/wp\/v2\/media?parent=26033"}],"curies":[{"name":"wp","href":"https:\/\/api.w.org\/{rel}","templated":true}]}}