{"id":3396,"date":"2015-07-02T14:43:47","date_gmt":"2015-07-02T14:43:47","guid":{"rendered":"https:\/\/olivier-bajard.com\/eric-leautey-3\/"},"modified":"2018-03-01T15:16:52","modified_gmt":"2018-03-01T15:16:52","slug":"alexandre-pozzoli","status":"publish","type":"page","link":"https:\/\/olivier-bajard.com\/es\/alexandre-pozzoli\/","title":{"rendered":"Alexandre Pozzoli"},"content":{"rendered":"[vc_row type=&#8221;in_container&#8221; scene_position=&#8221;center&#8221; text_color=&#8221;dark&#8221; text_align=&#8221;left&#8221; overlay_strength=&#8221;0.3&#8243;][vc_column column_padding=&#8221;no-extra-padding&#8221; column_padding_position=&#8221;all&#8221; background_color_opacity=&#8221;1&#8243; background_hover_color_opacity=&#8221;1&#8243; width=&#8221;1\/1&#8243;]<div style=\"height: 500px\" data-midnight=\"nectar-slider\" class=\"parallax_slider_outer \"><div style=\"height: 500px\"  data-transition=\"slide\" data-overall_style=\"classic\" data-flexible-height=\"\" data-animate-in-effect=\"slide-down\" data-fullscreen=\"false\" data-button-sizing=\"regular\" data-button-styling=\"btn_with_count\" data-autorotate=\"\" data-parallax=\"true\" data-full-width=\"boxed-full-width\" class=\"nectar-slider-wrap \" id=\"ns-id-69d161abb85bc\">\n\n\t\t\t<div style=\"height: 500px\" class=\"swiper-container\"  data-tho=\"auto\" data-tco=\"auto\" data-pho=\"auto\" data-pco=\"auto\" data-loop=\"false\" data-height=\"500\" data-min-height=\"\" data-arrows=\"false\" data-bullets=\"false\" data-bullet_style=\"see_through\" data-desktop-swipe=\"false\" data-settings=\"\">\n\n\t\t\t\t    <div class=\"swiper-wrapper\"><\/div><div class=\"nectar-slider-loading \"> <span class=\"loading-icon none\">   <\/span> <\/div> <\/div> \n\n\t\t\t\t\n\n\t\t\t<\/div><\/div>[\/vc_column][\/vc_row][vc_row type=&#8221;full_width_content&#8221; bg_color=&#8221;#0a0a0a&#8221; scene_position=&#8221;center&#8221; text_color=&#8221;dark&#8221; text_align=&#8221;left&#8221; top_padding=&#8221;30&#8243; bottom_padding=&#8221;30&#8243; overlay_strength=&#8221;0.3&#8243;][vc_column column_padding=&#8221;no-extra-padding&#8221; column_padding_position=&#8221;all&#8221; background_color=&#8221;#0a0a0a&#8221; background_color_opacity=&#8221;1&#8243; background_hover_color_opacity=&#8221;1&#8243; width=&#8221;1\/1&#8243;][vc_column_text]\n<h1 class=\"pages-formateurs-h1\">Alexandre POZZOLI<\/h1>\n[\/vc_column_text][\/vc_column][\/vc_row][vc_row type=&#8221;full_width_content&#8221; scene_position=&#8221;center&#8221; text_color=&#8221;dark&#8221; text_align=&#8221;left&#8221; overlay_strength=&#8221;0.3&#8243;][vc_column column_padding=&#8221;padding-2-percent&#8221; column_padding_position=&#8221;top-left&#8221; background_color_opacity=&#8221;1&#8243; background_hover_color_opacity=&#8221;1&#8243; width=&#8221;1\/4&#8243;]\n    <div class=\"col span_12 section-title text-align-center extra-padding\">\n\t\t<h2>\n<p>Concours<\/p>\n<\/h2><\/div><div class=\"clear\"><\/div><div class=\"img-with-aniamtion-wrap \" data-max-width=\"100%\" data-border-radius=\"\"><div class=\"inner\"><img loading=\"lazy\" decoding=\"async\" data-shadow=\"none\" data-shadow-direction=\"middle\" class=\"img-with-animation \" data-delay=\"0\" height=\"200\" width=\"300\" data-animation=\"fade-in\" src=\"https:\/\/olivier-bajard.com\/wp-content\/uploads\/Bak6wjaIUAARxTe-e1512913487182.jpg\" srcset=\"https:\/\/olivier-bajard.com\/wp-content\/uploads\/Bak6wjaIUAARxTe-e1512913487182.jpg 300w, https:\/\/olivier-bajard.com\/wp-content\/uploads\/Bak6wjaIUAARxTe-e1512913487182-250x167.jpg 250w, https:\/\/olivier-bajard.com\/wp-content\/uploads\/Bak6wjaIUAARxTe-e1512913487182-270x180.jpg 270w\" sizes=\"auto, 100vw\" alt=\"\" \/><\/div><\/div><div class=\"divider-wrap\"><div style=\"height: 20px;\" class=\"divider\"><\/div><\/div>[vc_column_text]\n<p style=\"text-align: center;\"><strong>Artesano Amasar<\/strong><\/p>\n<p style=\"text-align: center;\"><strong>Panaderia Lyon<\/strong><\/p>\n[\/vc_column_text][\/vc_column][vc_column column_padding=&#8221;padding-2-percent&#8221; column_padding_position=&#8221;all&#8221; background_color_opacity=&#8221;1&#8243; background_hover_color_opacity=&#8221;1&#8243; width=&#8221;1\/2&#8243;]\n    <div class=\"col span_12 section-title text-align-center extra-padding\">\n\t\t<h2>\n<p>Biographie<\/p>\n<\/h2><\/div><div class=\"clear\"><\/div>[vc_column_text]He sido panadero durante quince a\u00f1os, pero segu\u00ed un curso de capacitaci\u00f3n en tecnolog\u00eda hotelera y luego un entrenamiento de pasteler\u00eda en Lyon cerca del Sr. Masson. Mi entrenamiento de panader\u00eda fue con mi padre y nuestros equipos.<br \/>\nBuscamos a diario combinar la modernidad y la preocupaci\u00f3n por la preservaci\u00f3n de nuestra artesan\u00eda. Para ello, favorecemos la siembra de nuestra pasta con levadura elaborada y mantenida por nuestro cuidado diario, seleccionamos y preferimos harinas francesas y productos org\u00e1nicos, as\u00ed como harinas de cadenas de suministro cortas y damos la m\u00e1xima prioridad a los jugadores locales.[\/vc_column_text][\/vc_column][vc_column column_padding=&#8221;padding-2-percent&#8221; column_padding_position=&#8221;top-right&#8221; background_color_opacity=&#8221;1&#8243; background_hover_color_opacity=&#8221;1&#8243; width=&#8221;1\/4&#8243;]\n    <div class=\"col span_12 section-title text-align-center extra-padding\">\n\t\t<h2>\n<p>Formation<\/p>\n<\/h2><\/div><div class=\"clear\"><\/div><div class=\"img-with-aniamtion-wrap \" data-max-width=\"100%\" data-border-radius=\"\"><div class=\"inner\"><img loading=\"lazy\" decoding=\"async\" data-shadow=\"none\" data-shadow-direction=\"middle\" class=\"img-with-animation \" data-delay=\"0\" height=\"100\" width=\"100\" data-animation=\"fade-in\" src=\"\"  alt=\"\" \/><\/div><\/div><div class=\"divider-wrap\"><div style=\"height: 20px;\" class=\"divider\"><\/div><\/div>[vc_column_text]\n<p style=\"text-align: center;\"><strong>Alexandre Pozzoli le propone una formacion completa sobre la fabricacion de diferentes panes y otras especialidades &#8221; casa&#8221;. dedica su destreza a la confeccion de panes tradicionales y especiales, pero tambien desear ir mas lejos en la panaderia : se esfuerza por proponer productos bio y el mas dietetico posible<\/strong><\/p>\n<p dir=\"ltr\" align=\"center\">Del 20 al 22 agosto 2018<\/p>\n<p dir=\"ltr\" align=\"center\">Formador : Alexandre Pozzoli<\/p>\n<p dir=\"ltr\" align=\"center\">Duracion : 3 dias &#8211; 24 horas<br \/>\nPrecio :\u00a01 166.67 \u20ac sin IVA &#8211;\u00a01 400\u00a0\u20ac con IVA<br \/>\nDesayunos y comidas del mediodia incluidos<\/p>\n[\/vc_column_text]<div class=\"divider-wrap\"><div style=\"height: 30px;\" class=\"divider\"><\/div><\/div>[vc_column_text]\n<a class=\"nectar-button medium accent-color has-icon regular-button\"  href=\"\/inscription-a-lecole-internationale-de-patisserie\/\" data-color-override=\"false\" data-hover-color-override=\"false\" data-hover-text-color-override=\"#fff\"><span>S'inscrire \u00e0 la formation<\/span><i class=\"icon-button-arrow\"><\/i><\/a>\n[\/vc_column_text][\/vc_column][\/vc_row][full_width_section type=&#8221;full_width_content&#8221; vertically_center_columns=&#8221;true&#8221; image_url=&#8221;1339&#8243; bg_pos=&#8221;Center Center&#8221; background_color=&#8221;#0a0a0a&#8221; text_color=&#8221;light&#8221; top_padding=&#8221;25&#8243; bottom_padding=&#8221;20&#8243;][vc_column centered_text=&#8221;true&#8221; column_padding=&#8221;no-extra-padding&#8221; column_padding_position=&#8221;bottom&#8221; background_color=&#8221;#0a0a0a&#8221; background_color_opacity=&#8221;1&#8243; background_hover_color_opacity=&#8221;1&#8243; width=&#8221;1\/4&#8243;][vc_column_text]\n<a class=\"nectar-button large accent-color has-icon regular-button\"  href=\"\/es\/contact\" data-color-override=\"false\" data-hover-color-override=\"false\" data-hover-text-color-override=\"#FFF6EE\"><span>\u00bfNecesita m\u00e1s informaci\u00f3n?<\/span><i class=\"icon-button-arrow\"><\/i><\/a>\n[\/vc_column_text][\/vc_column][vc_column centered_text=&#8221;true&#8221; column_padding=&#8221;no-extra-padding&#8221; column_padding_position=&#8221;bottom&#8221; background_color=&#8221;#0a0a0a&#8221; background_color_opacity=&#8221;1&#8243; background_hover_color_opacity=&#8221;1&#8243; width=&#8221;1\/4&#8243;][vc_column_text]<a class=\"nectar-button large accent-color has-icon regular-button\"  href=\"\/wp-content\/uploads\/Formaciones-Larga-2018.pdf\" data-color-override=\"false\" data-hover-color-override=\"false\" data-hover-text-color-override=\"#FFF6EE\"><span>Descubra el programa de 2018 Formaciones de larga duraci\u00f3n !<\/span><i class=\"icon-button-arrow\"><\/i><\/a>[\/vc_column_text][\/vc_column][vc_column centered_text=&#8221;true&#8221; column_padding=&#8221;no-extra-padding&#8221; column_padding_position=&#8221;bottom&#8221; background_color=&#8221;#0a0a0a&#8221; background_color_opacity=&#8221;1&#8243; background_hover_color_opacity=&#8221;1&#8243; width=&#8221;1\/4&#8243;][vc_column_text]\n<a class=\"nectar-button large accent-color has-icon regular-button\"  href=\"\/wp-content\/uploads\/Formulario-de-inscripcion-Espagnol.pdf\" data-color-override=\"false\" data-hover-color-override=\"false\" data-hover-text-color-override=\"#FFF6EE\"><span>Descargue el formulario de inscripci\u00f3n<\/span><i class=\"icon-button-arrow\"><\/i><\/a>\n[\/vc_column_text][\/vc_column][vc_column centered_text=&#8221;true&#8221; column_padding=&#8221;no-extra-padding&#8221; column_padding_position=&#8221;bottom&#8221; background_color=&#8221;#0a0a0a&#8221; background_color_opacity=&#8221;1&#8243; background_hover_color_opacity=&#8221;1&#8243; width=&#8221;1\/4&#8243;][vc_column_text]<a class=\"nectar-button large accent-color has-icon regular-button\"  href=\"\/wp-content\/uploads\/Formaciones-cortas-2018.pdf\" data-color-override=\"false\" data-hover-color-override=\"false\" data-hover-text-color-override=\"#FFF6EE\"><span>Descubra el programa de 2018 Formaciones de cortas duraci\u00f3n<\/span><i class=\"icon-button-arrow\"><\/i><\/a>[\/vc_column_text][\/vc_column][\/full_width_section]\n","protected":false},"excerpt":{"rendered":"<p>[vc_row type=&#8221;in_container&#8221; scene_position=&#8221;center&#8221; text_color=&#8221;dark&#8221; text_align=&#8221;left&#8221; overlay_strength=&#8221;0.3&#8243;][vc_column column_padding=&#8221;no-extra-padding&#8221; column_padding_position=&#8221;all&#8221; background_color_opacity=&#8221;1&#8243; background_hover_color_opacity=&#8221;1&#8243; width=&#8221;1\/1&#8243;][\/vc_column][\/vc_row][vc_row type=&#8221;full_width_content&#8221; bg_color=&#8221;#0a0a0a&#8221; scene_position=&#8221;center&#8221; text_color=&#8221;dark&#8221; text_align=&#8221;left&#8221; top_padding=&#8221;30&#8243; bottom_padding=&#8221;30&#8243; overlay_strength=&#8221;0.3&#8243;][vc_column column_padding=&#8221;no-extra-padding&#8221; column_padding_position=&#8221;all&#8221; background_color=&#8221;#0a0a0a&#8221; background_color_opacity=&#8221;1&#8243; background_hover_color_opacity=&#8221;1&#8243; width=&#8221;1\/1&#8243;][vc_column_text] Alexandre POZZOLI [\/vc_column_text][\/vc_column][\/vc_row][vc_row type=&#8221;full_width_content&#8221; scene_position=&#8221;center&#8221;&#8230;<\/p>\n","protected":false},"author":2,"featured_media":0,"parent":0,"menu_order":44,"comment_status":"closed","ping_status":"closed","template":"","meta":{"footnotes":""},"class_list":["post-3396","page","type-page","status-publish"],"aioseo_notices":[],"yoast_head":"<!-- This site is optimized with the Yoast SEO plugin v25.1 - https:\/\/yoast.com\/wordpress\/plugins\/seo\/ -->\n<title>Alexandre Pozzoli - Olivier Bajard<\/title>\n<meta name=\"robots\" content=\"index, follow, max-snippet:-1, max-image-preview:large, max-video-preview:-1\" \/>\n<link rel=\"canonical\" href=\"https:\/\/olivier-bajard.com\/es\/alexandre-pozzoli\/\" \/>\n<meta property=\"og:locale\" content=\"es_ES\" \/>\n<meta property=\"og:type\" content=\"article\" \/>\n<meta property=\"og:title\" content=\"Alexandre Pozzoli - Olivier Bajard\" \/>\n<meta property=\"og:description\" content=\"[vc_row type=&#8221;in_container&#8221; scene_position=&#8221;center&#8221; text_color=&#8221;dark&#8221; text_align=&#8221;left&#8221; overlay_strength=&#8221;0.3&#8243;][vc_column column_padding=&#8221;no-extra-padding&#8221; column_padding_position=&#8221;all&#8221; background_color_opacity=&#8221;1&#8243; background_hover_color_opacity=&#8221;1&#8243; width=&#8221;1\/1&#8243;][\/vc_column][\/vc_row][vc_row type=&#8221;full_width_content&#8221; bg_color=&#8221;#0a0a0a&#8221; scene_position=&#8221;center&#8221; text_color=&#8221;dark&#8221; text_align=&#8221;left&#8221; top_padding=&#8221;30&#8243; bottom_padding=&#8221;30&#8243; overlay_strength=&#8221;0.3&#8243;][vc_column column_padding=&#8221;no-extra-padding&#8221; column_padding_position=&#8221;all&#8221; background_color=&#8221;#0a0a0a&#8221; background_color_opacity=&#8221;1&#8243; background_hover_color_opacity=&#8221;1&#8243; width=&#8221;1\/1&#8243;][vc_column_text] Alexandre POZZOLI [\/vc_column_text][\/vc_column][\/vc_row][vc_row type=&#8221;full_width_content&#8221; scene_position=&#8221;center&#8221;...\" \/>\n<meta property=\"og:url\" content=\"https:\/\/olivier-bajard.com\/es\/alexandre-pozzoli\/\" \/>\n<meta property=\"og:site_name\" content=\"Olivier Bajard\" \/>\n<meta property=\"article:modified_time\" content=\"2018-03-01T15:16:52+00:00\" \/>\n<meta name=\"twitter:label1\" content=\"Tiempo de lectura\" \/>\n\t<meta name=\"twitter:data1\" content=\"4 minutos\" \/>\n<script type=\"application\/ld+json\" class=\"yoast-schema-graph\">{\"@context\":\"https:\/\/schema.org\",\"@graph\":[{\"@type\":\"WebPage\",\"@id\":\"https:\/\/olivier-bajard.com\/es\/alexandre-pozzoli\/\",\"url\":\"https:\/\/olivier-bajard.com\/es\/alexandre-pozzoli\/\",\"name\":\"Alexandre Pozzoli - Olivier Bajard\",\"isPartOf\":{\"@id\":\"https:\/\/olivier-bajard.com\/#website\"},\"datePublished\":\"2015-07-02T14:43:47+00:00\",\"dateModified\":\"2018-03-01T15:16:52+00:00\",\"breadcrumb\":{\"@id\":\"https:\/\/olivier-bajard.com\/es\/alexandre-pozzoli\/#breadcrumb\"},\"inLanguage\":\"es\",\"potentialAction\":[{\"@type\":\"ReadAction\",\"target\":[\"https:\/\/olivier-bajard.com\/es\/alexandre-pozzoli\/\"]}]},{\"@type\":\"BreadcrumbList\",\"@id\":\"https:\/\/olivier-bajard.com\/es\/alexandre-pozzoli\/#breadcrumb\",\"itemListElement\":[{\"@type\":\"ListItem\",\"position\":1,\"name\":\"Accueil\",\"item\":\"https:\/\/olivier-bajard.com\/es\/\"},{\"@type\":\"ListItem\",\"position\":2,\"name\":\"Alexandre Pozzoli\"}]},{\"@type\":\"WebSite\",\"@id\":\"https:\/\/olivier-bajard.com\/#website\",\"url\":\"https:\/\/olivier-bajard.com\/\",\"name\":\"Olivier Bajard\",\"description\":\"Meilleur Ouvrier de France de P\u00e2tisserie\",\"publisher\":{\"@id\":\"https:\/\/olivier-bajard.com\/#organization\"},\"potentialAction\":[{\"@type\":\"SearchAction\",\"target\":{\"@type\":\"EntryPoint\",\"urlTemplate\":\"https:\/\/olivier-bajard.com\/?s={search_term_string}\"},\"query-input\":{\"@type\":\"PropertyValueSpecification\",\"valueRequired\":true,\"valueName\":\"search_term_string\"}}],\"inLanguage\":\"es\"},{\"@type\":\"Organization\",\"@id\":\"https:\/\/olivier-bajard.com\/#organization\",\"name\":\"pcbo sarl\",\"url\":\"https:\/\/olivier-bajard.com\/\",\"logo\":{\"@type\":\"ImageObject\",\"inLanguage\":\"es\",\"@id\":\"https:\/\/olivier-bajard.com\/#\/schema\/logo\/image\/\",\"url\":\"https:\/\/olivier-bajard.com\/wp-content\/uploads\/CarreNB-original-1.5CM.jpg\",\"contentUrl\":\"https:\/\/olivier-bajard.com\/wp-content\/uploads\/CarreNB-original-1.5CM.jpg\",\"width\":177,\"height\":177,\"caption\":\"pcbo sarl\"},\"image\":{\"@id\":\"https:\/\/olivier-bajard.com\/#\/schema\/logo\/image\/\"}}]}<\/script>\n<!-- \/ Yoast SEO plugin. -->","yoast_head_json":{"title":"Alexandre Pozzoli - Olivier Bajard","robots":{"index":"index","follow":"follow","max-snippet":"max-snippet:-1","max-image-preview":"max-image-preview:large","max-video-preview":"max-video-preview:-1"},"canonical":"https:\/\/olivier-bajard.com\/es\/alexandre-pozzoli\/","og_locale":"es_ES","og_type":"article","og_title":"Alexandre Pozzoli - Olivier Bajard","og_description":"[vc_row type=&#8221;in_container&#8221; scene_position=&#8221;center&#8221; text_color=&#8221;dark&#8221; text_align=&#8221;left&#8221; overlay_strength=&#8221;0.3&#8243;][vc_column column_padding=&#8221;no-extra-padding&#8221; column_padding_position=&#8221;all&#8221; background_color_opacity=&#8221;1&#8243; background_hover_color_opacity=&#8221;1&#8243; width=&#8221;1\/1&#8243;][\/vc_column][\/vc_row][vc_row type=&#8221;full_width_content&#8221; bg_color=&#8221;#0a0a0a&#8221; scene_position=&#8221;center&#8221; text_color=&#8221;dark&#8221; text_align=&#8221;left&#8221; top_padding=&#8221;30&#8243; bottom_padding=&#8221;30&#8243; overlay_strength=&#8221;0.3&#8243;][vc_column column_padding=&#8221;no-extra-padding&#8221; column_padding_position=&#8221;all&#8221; background_color=&#8221;#0a0a0a&#8221; background_color_opacity=&#8221;1&#8243; background_hover_color_opacity=&#8221;1&#8243; width=&#8221;1\/1&#8243;][vc_column_text] Alexandre POZZOLI [\/vc_column_text][\/vc_column][\/vc_row][vc_row type=&#8221;full_width_content&#8221; scene_position=&#8221;center&#8221;...","og_url":"https:\/\/olivier-bajard.com\/es\/alexandre-pozzoli\/","og_site_name":"Olivier Bajard","article_modified_time":"2018-03-01T15:16:52+00:00","twitter_misc":{"Tiempo de lectura":"4 minutos"},"schema":{"@context":"https:\/\/schema.org","@graph":[{"@type":"WebPage","@id":"https:\/\/olivier-bajard.com\/es\/alexandre-pozzoli\/","url":"https:\/\/olivier-bajard.com\/es\/alexandre-pozzoli\/","name":"Alexandre Pozzoli - Olivier Bajard","isPartOf":{"@id":"https:\/\/olivier-bajard.com\/#website"},"datePublished":"2015-07-02T14:43:47+00:00","dateModified":"2018-03-01T15:16:52+00:00","breadcrumb":{"@id":"https:\/\/olivier-bajard.com\/es\/alexandre-pozzoli\/#breadcrumb"},"inLanguage":"es","potentialAction":[{"@type":"ReadAction","target":["https:\/\/olivier-bajard.com\/es\/alexandre-pozzoli\/"]}]},{"@type":"BreadcrumbList","@id":"https:\/\/olivier-bajard.com\/es\/alexandre-pozzoli\/#breadcrumb","itemListElement":[{"@type":"ListItem","position":1,"name":"Accueil","item":"https:\/\/olivier-bajard.com\/es\/"},{"@type":"ListItem","position":2,"name":"Alexandre Pozzoli"}]},{"@type":"WebSite","@id":"https:\/\/olivier-bajard.com\/#website","url":"https:\/\/olivier-bajard.com\/","name":"Olivier Bajard","description":"Meilleur Ouvrier de France de P\u00e2tisserie","publisher":{"@id":"https:\/\/olivier-bajard.com\/#organization"},"potentialAction":[{"@type":"SearchAction","target":{"@type":"EntryPoint","urlTemplate":"https:\/\/olivier-bajard.com\/?s={search_term_string}"},"query-input":{"@type":"PropertyValueSpecification","valueRequired":true,"valueName":"search_term_string"}}],"inLanguage":"es"},{"@type":"Organization","@id":"https:\/\/olivier-bajard.com\/#organization","name":"pcbo sarl","url":"https:\/\/olivier-bajard.com\/","logo":{"@type":"ImageObject","inLanguage":"es","@id":"https:\/\/olivier-bajard.com\/#\/schema\/logo\/image\/","url":"https:\/\/olivier-bajard.com\/wp-content\/uploads\/CarreNB-original-1.5CM.jpg","contentUrl":"https:\/\/olivier-bajard.com\/wp-content\/uploads\/CarreNB-original-1.5CM.jpg","width":177,"height":177,"caption":"pcbo sarl"},"image":{"@id":"https:\/\/olivier-bajard.com\/#\/schema\/logo\/image\/"}}]}},"_links":{"self":[{"href":"https:\/\/olivier-bajard.com\/es\/wp-json\/wp\/v2\/pages\/3396","targetHints":{"allow":["GET"]}}],"collection":[{"href":"https:\/\/olivier-bajard.com\/es\/wp-json\/wp\/v2\/pages"}],"about":[{"href":"https:\/\/olivier-bajard.com\/es\/wp-json\/wp\/v2\/types\/page"}],"author":[{"embeddable":true,"href":"https:\/\/olivier-bajard.com\/es\/wp-json\/wp\/v2\/users\/2"}],"replies":[{"embeddable":true,"href":"https:\/\/olivier-bajard.com\/es\/wp-json\/wp\/v2\/comments?post=3396"}],"version-history":[{"count":0,"href":"https:\/\/olivier-bajard.com\/es\/wp-json\/wp\/v2\/pages\/3396\/revisions"}],"wp:attachment":[{"href":"https:\/\/olivier-bajard.com\/es\/wp-json\/wp\/v2\/media?parent=3396"}],"curies":[{"name":"wp","href":"https:\/\/api.w.org\/{rel}","templated":true}]}}