{"id":3614,"date":"2015-07-08T09:02:45","date_gmt":"2015-07-08T09:02:45","guid":{"rendered":"https:\/\/olivier-bajard.com\/es\/produit\/offrir-un-bon-cadeau\/"},"modified":"2022-07-06T16:41:24","modified_gmt":"2022-07-06T15:41:24","slug":"talleres-pasteleria-adultos","status":"publish","type":"product","link":"https:\/\/olivier-bajard.com\/es\/produit\/talleres-pasteleria-adultos\/","title":{"rendered":"Talleres de pasteler\u00eda &#8211; Adultos"},"content":{"rendered":"","protected":false},"excerpt":{"rendered":"<p style=\"text-align: center;\"><em>Los adultos disfrutar\u00e1n haciendo y probando las recetas con las que sue\u00f1an los adictos a la pasteler\u00eda y al chocolate. \u00a1Pasteler\u00eda digna de los m\u00e1s grandes chefs!<\/em><br \/>\nRealizar\u00e1s el taller seg\u00fan el tema del d\u00eda y saldr\u00e1s con tus creaciones acompa\u00f1adas de un certificado de la escuela, un dossier de recetas y un delantal bordado.<\/p>\n<p style=\"text-align: center;\">As\u00ed que coja sus delantales, consulte el <strong><a href=\"https:\/\/olivier-bajard.com\/es\/programa-talleres-aficionados\/\">programa semestral de talleres para aficionados<\/a><\/strong> o suscr\u00edbase a nuestro bolet\u00edn para recibir el programa en l\u00ednea.<\/p>\n","protected":false},"featured_media":19138,"comment_status":"closed","ping_status":"closed","template":"","meta":[],"product_brand":[],"product_cat":[667],"product_tag":[],"class_list":{"0":"post-3614","1":"product","2":"type-product","3":"status-publish","4":"has-post-thumbnail","6":"product_cat-talleres-es","8":"first","9":"instock","10":"taxable","11":"shipping-taxable","12":"purchasable","13":"product-type-variable"},"aioseo_notices":[],"yoast_head":"<!-- This site is optimized with the Yoast SEO plugin v25.1 - https:\/\/yoast.com\/wordpress\/plugins\/seo\/ -->\n<title>Talleres de pasteler\u00eda Adultos - Talleres de Olivier Bajard<\/title>\n<meta name=\"description\" content=\"Pase un momento de relajaci\u00f3n, convivencia y codicia en la escuela de pasteler\u00eda Olivier BAJARD. As\u00ed que coged vuestros delantales.\" \/>\n<meta name=\"robots\" content=\"index, follow, max-snippet:-1, max-image-preview:large, max-video-preview:-1\" \/>\n<link rel=\"canonical\" href=\"https:\/\/olivier-bajard.com\/es\/produit\/talleres-pasteleria-adultos\/\" \/>\n<meta property=\"og:locale\" content=\"es_ES\" \/>\n<meta property=\"og:type\" content=\"article\" \/>\n<meta property=\"og:title\" content=\"Talleres de pasteler\u00eda Adultos - Talleres de Olivier Bajard\" \/>\n<meta property=\"og:description\" content=\"Pase un momento de relajaci\u00f3n, convivencia y codicia en la escuela de pasteler\u00eda Olivier BAJARD. As\u00ed que coged vuestros delantales.\" \/>\n<meta property=\"og:url\" content=\"https:\/\/olivier-bajard.com\/es\/produit\/talleres-pasteleria-adultos\/\" \/>\n<meta property=\"og:site_name\" content=\"Olivier Bajard\" \/>\n<meta property=\"article:modified_time\" content=\"2022-07-06T15:41:24+00:00\" \/>\n<meta property=\"og:image\" content=\"https:\/\/olivier-bajard.com\/wp-content\/uploads\/boutique-agro.png\" \/>\n\t<meta property=\"og:image:width\" content=\"778\" \/>\n\t<meta property=\"og:image:height\" content=\"448\" \/>\n\t<meta property=\"og:image:type\" content=\"image\/png\" \/>\n<meta name=\"twitter:label1\" content=\"Tiempo de lectura\" \/>\n\t<meta name=\"twitter:data1\" content=\"1 minuto\" \/>\n<script type=\"application\/ld+json\" class=\"yoast-schema-graph\">{\"@context\":\"https:\/\/schema.org\",\"@graph\":[{\"@type\":\"WebPage\",\"@id\":\"https:\/\/olivier-bajard.com\/es\/produit\/talleres-pasteleria-adultos\/\",\"url\":\"https:\/\/olivier-bajard.com\/es\/produit\/talleres-pasteleria-adultos\/\",\"name\":\"Talleres de pasteler\u00eda Adultos - Talleres de Olivier Bajard\",\"isPartOf\":{\"@id\":\"https:\/\/olivier-bajard.com\/#website\"},\"primaryImageOfPage\":{\"@id\":\"https:\/\/olivier-bajard.com\/es\/produit\/talleres-pasteleria-adultos\/#primaryimage\"},\"image\":{\"@id\":\"https:\/\/olivier-bajard.com\/es\/produit\/talleres-pasteleria-adultos\/#primaryimage\"},\"thumbnailUrl\":\"https:\/\/olivier-bajard.com\/wp-content\/uploads\/boutique-agro.png\",\"datePublished\":\"2015-07-08T09:02:45+00:00\",\"dateModified\":\"2022-07-06T15:41:24+00:00\",\"description\":\"Pase un momento de relajaci\u00f3n, convivencia y codicia en la escuela de pasteler\u00eda Olivier BAJARD. As\u00ed que coged vuestros delantales.\",\"breadcrumb\":{\"@id\":\"https:\/\/olivier-bajard.com\/es\/produit\/talleres-pasteleria-adultos\/#breadcrumb\"},\"inLanguage\":\"es\",\"potentialAction\":[{\"@type\":\"ReadAction\",\"target\":[\"https:\/\/olivier-bajard.com\/es\/produit\/talleres-pasteleria-adultos\/\"]}]},{\"@type\":\"ImageObject\",\"inLanguage\":\"es\",\"@id\":\"https:\/\/olivier-bajard.com\/es\/produit\/talleres-pasteleria-adultos\/#primaryimage\",\"url\":\"https:\/\/olivier-bajard.com\/wp-content\/uploads\/boutique-agro.png\",\"contentUrl\":\"https:\/\/olivier-bajard.com\/wp-content\/uploads\/boutique-agro.png\",\"width\":778,\"height\":448},{\"@type\":\"BreadcrumbList\",\"@id\":\"https:\/\/olivier-bajard.com\/es\/produit\/talleres-pasteleria-adultos\/#breadcrumb\",\"itemListElement\":[{\"@type\":\"ListItem\",\"position\":1,\"name\":\"Accueil\",\"item\":\"https:\/\/olivier-bajard.com\/es\/\"},{\"@type\":\"ListItem\",\"position\":2,\"name\":\"Produits\",\"item\":\"https:\/\/olivier-bajard.com\/shop\/\"},{\"@type\":\"ListItem\",\"position\":3,\"name\":\"Talleres de pasteler\u00eda &#8211; Adultos\"}]},{\"@type\":\"WebSite\",\"@id\":\"https:\/\/olivier-bajard.com\/#website\",\"url\":\"https:\/\/olivier-bajard.com\/\",\"name\":\"Olivier Bajard\",\"description\":\"Meilleur Ouvrier de France de P\u00e2tisserie\",\"publisher\":{\"@id\":\"https:\/\/olivier-bajard.com\/#organization\"},\"potentialAction\":[{\"@type\":\"SearchAction\",\"target\":{\"@type\":\"EntryPoint\",\"urlTemplate\":\"https:\/\/olivier-bajard.com\/?s={search_term_string}\"},\"query-input\":{\"@type\":\"PropertyValueSpecification\",\"valueRequired\":true,\"valueName\":\"search_term_string\"}}],\"inLanguage\":\"es\"},{\"@type\":\"Organization\",\"@id\":\"https:\/\/olivier-bajard.com\/#organization\",\"name\":\"pcbo sarl\",\"url\":\"https:\/\/olivier-bajard.com\/\",\"logo\":{\"@type\":\"ImageObject\",\"inLanguage\":\"es\",\"@id\":\"https:\/\/olivier-bajard.com\/#\/schema\/logo\/image\/\",\"url\":\"https:\/\/olivier-bajard.com\/wp-content\/uploads\/CarreNB-original-1.5CM.jpg\",\"contentUrl\":\"https:\/\/olivier-bajard.com\/wp-content\/uploads\/CarreNB-original-1.5CM.jpg\",\"width\":177,\"height\":177,\"caption\":\"pcbo sarl\"},\"image\":{\"@id\":\"https:\/\/olivier-bajard.com\/#\/schema\/logo\/image\/\"}}]}<\/script>\n<!-- \/ Yoast SEO plugin. -->","yoast_head_json":{"title":"Talleres de pasteler\u00eda Adultos - Talleres de Olivier Bajard","description":"Pase un momento de relajaci\u00f3n, convivencia y codicia en la escuela de pasteler\u00eda Olivier BAJARD. As\u00ed que coged vuestros delantales.","robots":{"index":"index","follow":"follow","max-snippet":"max-snippet:-1","max-image-preview":"max-image-preview:large","max-video-preview":"max-video-preview:-1"},"canonical":"https:\/\/olivier-bajard.com\/es\/produit\/talleres-pasteleria-adultos\/","og_locale":"es_ES","og_type":"article","og_title":"Talleres de pasteler\u00eda Adultos - Talleres de Olivier Bajard","og_description":"Pase un momento de relajaci\u00f3n, convivencia y codicia en la escuela de pasteler\u00eda Olivier BAJARD. As\u00ed que coged vuestros delantales.","og_url":"https:\/\/olivier-bajard.com\/es\/produit\/talleres-pasteleria-adultos\/","og_site_name":"Olivier Bajard","article_modified_time":"2022-07-06T15:41:24+00:00","og_image":[{"width":778,"height":448,"url":"https:\/\/olivier-bajard.com\/wp-content\/uploads\/boutique-agro.png","type":"image\/png"}],"twitter_misc":{"Tiempo de lectura":"1 minuto"},"schema":{"@context":"https:\/\/schema.org","@graph":[{"@type":"WebPage","@id":"https:\/\/olivier-bajard.com\/es\/produit\/talleres-pasteleria-adultos\/","url":"https:\/\/olivier-bajard.com\/es\/produit\/talleres-pasteleria-adultos\/","name":"Talleres de pasteler\u00eda Adultos - Talleres de Olivier Bajard","isPartOf":{"@id":"https:\/\/olivier-bajard.com\/#website"},"primaryImageOfPage":{"@id":"https:\/\/olivier-bajard.com\/es\/produit\/talleres-pasteleria-adultos\/#primaryimage"},"image":{"@id":"https:\/\/olivier-bajard.com\/es\/produit\/talleres-pasteleria-adultos\/#primaryimage"},"thumbnailUrl":"https:\/\/olivier-bajard.com\/wp-content\/uploads\/boutique-agro.png","datePublished":"2015-07-08T09:02:45+00:00","dateModified":"2022-07-06T15:41:24+00:00","description":"Pase un momento de relajaci\u00f3n, convivencia y codicia en la escuela de pasteler\u00eda Olivier BAJARD. As\u00ed que coged vuestros delantales.","breadcrumb":{"@id":"https:\/\/olivier-bajard.com\/es\/produit\/talleres-pasteleria-adultos\/#breadcrumb"},"inLanguage":"es","potentialAction":[{"@type":"ReadAction","target":["https:\/\/olivier-bajard.com\/es\/produit\/talleres-pasteleria-adultos\/"]}]},{"@type":"ImageObject","inLanguage":"es","@id":"https:\/\/olivier-bajard.com\/es\/produit\/talleres-pasteleria-adultos\/#primaryimage","url":"https:\/\/olivier-bajard.com\/wp-content\/uploads\/boutique-agro.png","contentUrl":"https:\/\/olivier-bajard.com\/wp-content\/uploads\/boutique-agro.png","width":778,"height":448},{"@type":"BreadcrumbList","@id":"https:\/\/olivier-bajard.com\/es\/produit\/talleres-pasteleria-adultos\/#breadcrumb","itemListElement":[{"@type":"ListItem","position":1,"name":"Accueil","item":"https:\/\/olivier-bajard.com\/es\/"},{"@type":"ListItem","position":2,"name":"Produits","item":"https:\/\/olivier-bajard.com\/shop\/"},{"@type":"ListItem","position":3,"name":"Talleres de pasteler\u00eda &#8211; Adultos"}]},{"@type":"WebSite","@id":"https:\/\/olivier-bajard.com\/#website","url":"https:\/\/olivier-bajard.com\/","name":"Olivier Bajard","description":"Meilleur Ouvrier de France de P\u00e2tisserie","publisher":{"@id":"https:\/\/olivier-bajard.com\/#organization"},"potentialAction":[{"@type":"SearchAction","target":{"@type":"EntryPoint","urlTemplate":"https:\/\/olivier-bajard.com\/?s={search_term_string}"},"query-input":{"@type":"PropertyValueSpecification","valueRequired":true,"valueName":"search_term_string"}}],"inLanguage":"es"},{"@type":"Organization","@id":"https:\/\/olivier-bajard.com\/#organization","name":"pcbo sarl","url":"https:\/\/olivier-bajard.com\/","logo":{"@type":"ImageObject","inLanguage":"es","@id":"https:\/\/olivier-bajard.com\/#\/schema\/logo\/image\/","url":"https:\/\/olivier-bajard.com\/wp-content\/uploads\/CarreNB-original-1.5CM.jpg","contentUrl":"https:\/\/olivier-bajard.com\/wp-content\/uploads\/CarreNB-original-1.5CM.jpg","width":177,"height":177,"caption":"pcbo sarl"},"image":{"@id":"https:\/\/olivier-bajard.com\/#\/schema\/logo\/image\/"}}]}},"_links":{"self":[{"href":"https:\/\/olivier-bajard.com\/es\/wp-json\/wp\/v2\/product\/3614","targetHints":{"allow":["GET"]}}],"collection":[{"href":"https:\/\/olivier-bajard.com\/es\/wp-json\/wp\/v2\/product"}],"about":[{"href":"https:\/\/olivier-bajard.com\/es\/wp-json\/wp\/v2\/types\/product"}],"replies":[{"embeddable":true,"href":"https:\/\/olivier-bajard.com\/es\/wp-json\/wp\/v2\/comments?post=3614"}],"wp:featuredmedia":[{"embeddable":true,"href":"https:\/\/olivier-bajard.com\/es\/wp-json\/wp\/v2\/media\/19138"}],"wp:attachment":[{"href":"https:\/\/olivier-bajard.com\/es\/wp-json\/wp\/v2\/media?parent=3614"}],"wp:term":[{"taxonomy":"product_brand","embeddable":true,"href":"https:\/\/olivier-bajard.com\/es\/wp-json\/wp\/v2\/product_brand?post=3614"},{"taxonomy":"product_cat","embeddable":true,"href":"https:\/\/olivier-bajard.com\/es\/wp-json\/wp\/v2\/product_cat?post=3614"},{"taxonomy":"product_tag","embeddable":true,"href":"https:\/\/olivier-bajard.com\/es\/wp-json\/wp\/v2\/product_tag?post=3614"}],"curies":[{"name":"wp","href":"https:\/\/api.w.org\/{rel}","templated":true}]}}